{"id":4292,"date":"2025-11-27T10:44:59","date_gmt":"2025-11-27T02:44:59","guid":{"rendered":"https:\/\/www.mikendalife.com\/?page_id=4292"},"modified":"2026-02-09T17:36:48","modified_gmt":"2026-02-09T09:36:48","slug":"shipping-policy","status":"publish","type":"page","link":"https:\/\/www.mikendalife.com\/zh_tw\/shipping-policy\/","title":{"rendered":"Shipping Policy"},"content":{"rendered":"<div data-elementor-type=\"wp-page\" data-elementor-id=\"4292\" class=\"elementor elementor-4292\" data-elementor-post-type=\"page\">\n\t\t\t\t\t\t<section class=\"elementor-section elementor-top-section elementor-element elementor-element-718e64f elementor-section-full_width elementor-section-height-default elementor-section-height-default\" data-id=\"718e64f\" data-element_type=\"section\" data-e-type=\"section\">\n\t\t\t\t\t\t<div class=\"elementor-container elementor-column-gap-default\">\n\t\t\t\t\t<div class=\"elementor-column elementor-col-100 elementor-top-column elementor-element elementor-element-421524f\" data-id=\"421524f\" data-element_type=\"column\" data-e-type=\"column\">\n\t\t\t<div class=\"elementor-widget-wrap elementor-element-populated\">\n\t\t\t\t\t\t<section class=\"elementor-section elementor-inner-section elementor-element elementor-element-d76ea9c elementor-section-boxed elementor-section-height-default elementor-section-height-default\" data-id=\"d76ea9c\" data-element_type=\"section\" data-e-type=\"section\" data-settings=\"{&quot;animation&quot;:&quot;none&quot;}\">\n\t\t\t\t\t\t<div class=\"elementor-container elementor-column-gap-default\">\n\t\t\t\t\t<div class=\"elementor-column elementor-col-100 elementor-inner-column elementor-element elementor-element-ff8cb0d\" data-id=\"ff8cb0d\" data-element_type=\"column\" data-e-type=\"column\" data-settings=\"{&quot;background_background&quot;:&quot;classic&quot;}\">\n\t\t\t<div class=\"elementor-widget-wrap elementor-element-populated\">\n\t\t\t\t\t\t<div class=\"elementor-element elementor-element-a4870f9 elementor-widget elementor-widget-woocommerce-breadcrumb\" data-id=\"a4870f9\" data-element_type=\"widget\" data-e-type=\"widget\" data-widget_type=\"woocommerce-breadcrumb.default\">\n\t\t\t\t\t<nav class=\"woocommerce-breadcrumb\" aria-label=\"Breadcrumb\" data-no-translation=\"\" data-trp-gettext=\"\">\u9996\u9875<\/nav>\t\t\t\t<\/div>\n\t\t\t\t<div class=\"elementor-element elementor-element-6bba088 elementor-widget elementor-widget-heading\" data-id=\"6bba088\" data-element_type=\"widget\" data-e-type=\"widget\" data-widget_type=\"heading.default\">\n\t\t\t\t\t<h1 class=\"elementor-heading-title elementor-size-default\">Shipping policy<\/h1>\t\t\t\t<\/div>\n\t\t\t\t<div class=\"elementor-element elementor-element-35ea554 elementor-widget-divider--view-line elementor-widget elementor-widget-divider\" data-id=\"35ea554\" data-element_type=\"widget\" data-e-type=\"widget\" data-widget_type=\"divider.default\">\n\t\t\t\t\t\t\t<div class=\"elementor-divider\">\n\t\t\t<span class=\"elementor-divider-separator\">\n\t\t\t\t\t\t<\/span>\n\t\t<\/div>\n\t\t\t\t\t\t<\/div>\n\t\t\t\t<div class=\"elementor-element elementor-element-118ae29 elementor-widget elementor-widget-text-editor\" data-id=\"118ae29\" data-element_type=\"widget\" data-e-type=\"widget\" data-widget_type=\"text-editor.default\">\n\t\t\t\t\t\t\t\t\t<h3><span style=\"color: #000000;\"><strong>Shipping Time<\/strong><\/span><\/h3><p>We offer different shipping services. Below are the estimated delivery times for our products.<\/p><table border=\"1\" align=\"center\"><tbody><tr><td>Shipping method<\/td><td>Region<\/td><td>Delivery Time<\/td><td>Order Processing Time<\/td><td>Order 0 \u2013 44.99$ Shipping Fee<\/td><td>Order 45$+ Shipping Fee<\/td><\/tr><tr><td>Yanwen\u00a0 express<\/td><td>USA<\/td><td>10 \u2013 15 Business days<\/td><td>2 Business days<\/td><td>7$<\/td><td>Free Shipping<\/td><\/tr><tr><td>Yanwen\u00a0 express<\/td><td>American Samoa, State of Hawaii, Northern Mariana Islands, Palau, Puerto Rico, U.S. Virgin Islands, U.S. Military (Americas), U.S. Military (Europe), U.S. Military (Pacific)<\/td><td>10 \u2013 15 Business days<\/td><td>2 Business days<\/td><td>11$<\/td><td>6$<\/td><\/tr><tr><td>Yanwen\u00a0 express<\/td><td>Mexico, Australia, Marshall Islands, Algeria, Ascension Island, Egypt, Ethiopia, Angola, Benin, Botswana, Burkina Faso, Burundi, Equatorial Guinea, Togo, Eritrea, French Southern Territories, Cape Verde, Gambia, Congo, Democratic Republic of the Congo, Djibouti, Guinea, Guinea-Bissau, Ghana, Gabon, Zimbabwe, Cameroon, Comoros C\u00f4te d&#8217;Ivoire, Kenya, Lesotho, Liberia, Libya, Reunion Island, Rwanda, Madagascar, Malawi, Mali, Mayotte, Mauritius, Mauritania, Morocco, Mozambique, Namibia, South Africa, Niger, Nigeria, Sierra Leone, Senegal, Seychelles, S\u00e3o Tom\u00e9 and Pr\u00edncipe, Saint Helena, Swaziland, Sudan, Somalia. Tanzania, Tristan da Cunha, Tunisia, Uganda, Western Sahara, Zambia, Chad, Central African Republic, Ireland, Netherlands, Norway, Cyprus, Hungary, Oman, Bahrain, Qatar, Saudi Arabia, Sri Lanka, Turkey, Israel, India.<\/td><td>10 \u2013 15 Business days<\/td><td>2 Business days<\/td><td>11$<\/td><td>6$<\/td><\/tr><tr><td>Yanwen\u00a0 express<\/td><td>Guam, USA, Iceland, Gabon, Gibraltar<\/td><td>10 \u2013 15 Business days<\/td><td>2 Business days<\/td><td>32$<\/td><td>26$<\/td><\/tr><\/tbody><\/table><h3><span style=\"color: #000000;\"><strong>Tips<\/strong>:<\/span><\/h3><p>Customized product takes a longer time to complete than standard product. It is usually completed within 7 business days. We also offer a premium customization service that allows customization to be completed within 3 business days. The final estimated delivery time equals product processing time plus shipping time.<\/p><h3><span style=\"color: #000000;\"><strong>Payment Methods\uff1a<\/strong><\/span><\/h3><p>Paypal,Lianlian, Paiying, Zelle, Alipay<\/p><h3><span style=\"color: #000000;\"><strong>Shipping Cost<\/strong><\/span><\/h3><p>If your order totals more than $44.99, we\u2019ll offer you free shipping(Except for destinations in Alaska and Hawaii). You can also advance your product delivery time with expedited shipping or premium customization services. But you need to cover the additional costs incurred. Shipping costs will be calculated and displayed at checkout if you choose additional shipping \u00a0services.<\/p><h3><span style=\"color: #000000;\"><strong>Order Tracking<\/strong><\/span><\/h3><p>An order confirmation will be sent to your email address after you place your order. You will also receive a tracking number when the order is shipped. Click\u00a0<u>Order Tracking<\/u>\u00a0link\u00a0at the bottom of our website and input your tracking number to check the status of your shipment.<\/p><h3>\ud83d\udce3<span style=\"color: #000000;\"><strong> Important Notice for Pre-Orders:<\/strong><\/span><\/h3><p>Please be aware that the shipping timeframe for pre-sale products is not included in the standard shipping estimates. Pre-sale items are scheduled to be dispatched within 15-20 days from the date of order placement. Kindly note this when considering the delivery timeline.<\/p><h3><span style=\"color: #000000;\"><strong>Note:<\/strong><\/span><\/h3><p>You may be responsible for import duties and taxes on your order according to the rules of your countries or regions.<\/p><p>There might be occasional delays in the logistics process due to unforeseen circumstances.<\/p>\t\t\t\t\t\t\t\t<\/div>\n\t\t\t\t\t<\/div>\n\t\t<\/div>\n\t\t\t\t\t<\/div>\n\t\t<\/section>\n\t\t\t\t\t<\/div>\n\t\t<\/div>\n\t\t\t\t\t<\/div>\n\t\t<\/section>\n\t\t\t\t<\/div>","protected":false},"excerpt":{"rendered":"<p>Shipping policy Shipping Time We offer different shipping services. Below are the estimated delivery times for our products. Shipping method Region Delivery Time Order Processing Time Order 0 \u2013 44.99$ Shipping Fee Order 45$+ Shipping Fee Yanwen\u00a0 express USA 10 \u2013 15 Business days 2 Business days 7$ Free Shipping Yanwen\u00a0 express American Samoa, State [&hellip;]<\/p>\n","protected":false},"author":1,"featured_media":0,"parent":0,"menu_order":0,"comment_status":"closed","ping_status":"closed","template":"elementor_header_footer","meta":{"footnotes":""},"class_list":["post-4292","page","type-page","status-publish","hentry"],"_links":{"self":[{"href":"https:\/\/www.mikendalife.com\/zh_tw\/wp-json\/wp\/v2\/pages\/4292","targetHints":{"allow":["GET"]}}],"collection":[{"href":"https:\/\/www.mikendalife.com\/zh_tw\/wp-json\/wp\/v2\/pages"}],"about":[{"href":"https:\/\/www.mikendalife.com\/zh_tw\/wp-json\/wp\/v2\/types\/page"}],"author":[{"embeddable":true,"href":"https:\/\/www.mikendalife.com\/zh_tw\/wp-json\/wp\/v2\/users\/1"}],"replies":[{"embeddable":true,"href":"https:\/\/www.mikendalife.com\/zh_tw\/wp-json\/wp\/v2\/comments?post=4292"}],"version-history":[{"count":38,"href":"https:\/\/www.mikendalife.com\/zh_tw\/wp-json\/wp\/v2\/pages\/4292\/revisions"}],"predecessor-version":[{"id":6413,"href":"https:\/\/www.mikendalife.com\/zh_tw\/wp-json\/wp\/v2\/pages\/4292\/revisions\/6413"}],"wp:attachment":[{"href":"https:\/\/www.mikendalife.com\/zh_tw\/wp-json\/wp\/v2\/media?parent=4292"}],"curies":[{"name":"wp","href":"https:\/\/api.w.org\/{rel}","templated":true}]}}