{"id":4315,"date":"2025-11-27T11:48:43","date_gmt":"2025-11-27T03:48:43","guid":{"rendered":"https:\/\/www.mikendalife.com\/?page_id=4315"},"modified":"2026-02-12T16:22:20","modified_gmt":"2026-02-12T08:22:20","slug":"warranty-policy","status":"publish","type":"page","link":"https:\/\/www.mikendalife.com\/pt\/warranty-policy\/","title":{"rendered":"Pol\u00edtica de Garantia"},"content":{"rendered":"<div data-elementor-type=\"wp-page\" data-elementor-id=\"4315\" class=\"elementor elementor-4315\" data-elementor-post-type=\"page\">\n\t\t\t\t\t\t<section class=\"elementor-section elementor-top-section elementor-element elementor-element-8374c77 elementor-section-full_width elementor-section-height-default elementor-section-height-default\" data-id=\"8374c77\" data-element_type=\"section\" data-e-type=\"section\">\n\t\t\t\t\t\t<div class=\"elementor-container elementor-column-gap-default\">\n\t\t\t\t\t<div class=\"elementor-column elementor-col-100 elementor-top-column elementor-element elementor-element-712ab76\" data-id=\"712ab76\" data-element_type=\"column\" data-e-type=\"column\">\n\t\t\t<div class=\"elementor-widget-wrap elementor-element-populated\">\n\t\t\t\t\t\t<section class=\"elementor-section elementor-inner-section elementor-element elementor-element-8b538ef elementor-section-boxed elementor-section-height-default elementor-section-height-default\" data-id=\"8b538ef\" data-element_type=\"section\" data-e-type=\"section\" data-settings=\"{&quot;animation&quot;:&quot;none&quot;}\">\n\t\t\t\t\t\t<div class=\"elementor-container elementor-column-gap-default\">\n\t\t\t\t\t<div class=\"elementor-column elementor-col-100 elementor-inner-column elementor-element elementor-element-af332ca\" data-id=\"af332ca\" data-element_type=\"column\" data-e-type=\"column\" data-settings=\"{&quot;background_background&quot;:&quot;classic&quot;}\">\n\t\t\t<div class=\"elementor-widget-wrap elementor-element-populated\">\n\t\t\t\t\t\t<div class=\"elementor-element elementor-element-f5079ad elementor-widget elementor-widget-woocommerce-breadcrumb\" data-id=\"f5079ad\" data-element_type=\"widget\" data-e-type=\"widget\" data-widget_type=\"woocommerce-breadcrumb.default\">\n\t\t\t\t\t<nav class=\"woocommerce-breadcrumb\" aria-label=\"Breadcrumb\" data-no-translation=\"\" data-trp-gettext=\"\">\u9996\u9875<\/nav>\t\t\t\t<\/div>\n\t\t\t\t<div class=\"elementor-element elementor-element-532b2ae elementor-widget elementor-widget-heading\" data-id=\"532b2ae\" data-element_type=\"widget\" data-e-type=\"widget\" data-widget_type=\"heading.default\">\n\t\t\t\t\t<h1 class=\"elementor-heading-title elementor-size-default\">Pol\u00edtica de Garantia<\/h1>\t\t\t\t<\/div>\n\t\t\t\t<div class=\"elementor-element elementor-element-a7b778b elementor-widget-divider--view-line elementor-widget elementor-widget-divider\" data-id=\"a7b778b\" data-element_type=\"widget\" data-e-type=\"widget\" data-widget_type=\"divider.default\">\n\t\t\t\t\t\t\t<div class=\"elementor-divider\">\n\t\t\t<span class=\"elementor-divider-separator\">\n\t\t\t\t\t\t<\/span>\n\t\t<\/div>\n\t\t\t\t\t\t<\/div>\n\t\t\t\t<div class=\"elementor-element elementor-element-85fc92e elementor-widget elementor-widget-text-editor\" data-id=\"85fc92e\" data-element_type=\"widget\" data-e-type=\"widget\" data-widget_type=\"text-editor.default\">\n\t\t\t\t\t\t\t\t\t<h2 class=\"header-iWP5WJ auto-hide-last-sibling-br\"><span style=\"color: #000000;\"><strong><span style=\"font-size: 18pt;\">GARANTIA DE VIDADE DO VACUO DE A\u00c7O INSTAINAL<\/span><\/strong><\/span><\/h2><div class=\"auto-hide-last-sibling-br paragraph-pP9ZLC paragraph-element br-paragraph-space\">Parab\u00e9ns pela escolha de produtos MIKENDA. N\u00f3s nos orgulhamos de oferecer uma garantia exclusiva ao longo da vida em nossos produtos de v\u00e1cuo de a\u00e7o inoxid\u00e1vel (o \u201cProduto\u201d) para clientes que fazem sua compra diretamente de nosso site oficial. Essa garantia demonstra nosso compromisso inesperado com excel\u00eancia em qualidade material e trabalho. Por favor, revise cuidadosamente os seguintes termos e condi\u00e7\u00f5es:<\/div><h3 class=\"header-iWP5WJ auto-hide-last-sibling-br\"><span style=\"color: #000000;\"><strong>Captura de Produtos<\/strong><\/span><\/h3><div class=\"auto-hide-last-sibling-br paragraph-pP9ZLC paragraph-element br-paragraph-space\">No MIKENDA, estamos dedicados \u00e0 entrega de produtos meticulosamente constru\u00eddos e livres de qualquer defeito de material ou obra no momento da compra. Essa garantia de vida \u00e9 especificamente concebida para proteger contra qualquer degrada\u00e7\u00e3o no desempenho t\u00e9rmico, assegurando sua satisfa\u00e7\u00e3o completa ao usar nossos produtos.<\/div><h3 class=\"header-iWP5WJ auto-hide-last-sibling-br\"><strong><span style=\"color: #000000;\">Exclus\u00f5es<\/span><\/strong><\/h3><div class=\"auto-hide-last-sibling-br paragraph-pP9ZLC paragraph-element br-paragraph-space\">Enquanto estamos firmemente atr\u00e1s da qualidade de nossos produtos, \u00e9 importante notar que certas condi\u00e7\u00f5es n\u00e3o est\u00e3o cobertas por essa garantia. Essas exclus\u00f5es incluem:<\/div><ul class=\"auto-hide-last-sibling-br\"><li>Danos resultantes de desastres naturais imprevistos ou acidentes<\/li><li>Componentes do Produto que n\u00e3o s\u00e3o feitos de inoxid\u00e1vel<\/li><li>Produtos n\u00e3o comprados nesse site<\/li><li>Uso normal e l\u00e1grimas, incluindo arranhos menores, dentes ou falhas que podem ocorrer com uso regular<\/li><li>Defeitos ou danos causados por neglig\u00eancia, uso indevido, abuso, n\u00e3o cumprimento das instru\u00e7\u00f5es de cuidado, acidentes ou modifica\u00e7\u00f5es n\u00e3o autorizadas feitas ap\u00f3s compra<\/li><\/ul><h3><span style=\"color: #000000;\"><strong>Dura\u00e7\u00e3o da garantia<\/strong><\/span><\/h3><div class=\"auto-hide-last-sibling-br paragraph-pP9ZLC paragraph-element br-paragraph-space\">Para sua reasigura\u00e7\u00e3o, a garantia de nosso produto de bebida (excluindo capas, selos e palhas) permanece v\u00e1lida durante a vida do produto, a partir da data da sua compra original.<\/div><h3><span style=\"color: #000000;\"><strong>Processo de Solicita\u00e7\u00f5es de Garantia<\/strong><\/span><\/h3><div class=\"auto-hide-last-sibling-br paragraph-pP9ZLC paragraph-element br-paragraph-space\">Se voc\u00ea encontrar qualquer quest\u00e3o coberta sob essa garantia, pedimos gentilmente que voc\u00ea contacte nossa equipe de apoio dedicada em\u00a0<a class=\"link-bJL8ai\" href=\"mailto:mickelzhang@zjmikenda.com\" target=\"_blank\" rel=\"noopener\">support@mickelzhang @zjmikenda.com<\/a>Para acelerar o processo de reclama\u00e7\u00e3o, por favor forne\u00e7a-nos a seguinte informa\u00e7\u00e3o:<\/div><ul class=\"auto-hide-last-sibling-br\"><li>Informa\u00e7\u00e3o detalhada da ordem: Incluindo seu n\u00famero de encomenda e detalhes relevantes relacionados com sua compra feita diretamente do nosso site oficial<\/li><li>Descri\u00e7\u00e3o do dano do produto: Pedimos gentilmente que nos forne\u00e7a uma explica\u00e7\u00e3o clara do dano espec\u00edfico ou da quest\u00e3o, acompanhada de fotografias ilustrando o problema encontrado<\/li><\/ul><div class=\"auto-hide-last-sibling-br paragraph-pP9ZLC paragraph-element br-paragraph-space\">Nossa equipe de apoio diligente vai avaliar cuidadosamente sua afirma\u00e7\u00e3o e gui\u00e1-la atrav\u00e9s dos passos necess\u00e1rios para facilitar uma resolu\u00e7\u00e3o r\u00e1pida.<\/div><h3 class=\"header-iWP5WJ auto-hide-last-sibling-br\"><span style=\"color: #000000;\"><strong>Informa\u00e7\u00e3o adicional<\/strong><\/span><\/h3><ul class=\"auto-hide-last-sibling-br\"><li>Essa garantia de vida \u00e9 exclusivamente aplic\u00e1vel aos produtos MIKENDA e substitui todas as outras garantias, expressas ou implicadas<\/li><li>MIKENDA reserva o direito de pedir provas de compra ou de retorno do produto defetivo, se necess\u00e1rio<\/li><li>Por favor, notem que MIKENDA n\u00e3o ser\u00e1 respons\u00e1vel por nenhum dano, perdas, custos ou despesas, incluindo danos incidentais ou consequ\u00eanciais. \u00c9 importante ter consci\u00eancia de que certas jurisdi\u00e7\u00f5es n\u00e3o permitem a exclus\u00e3o ou limita\u00e7\u00e3o de danos incidentais ou consequ\u00eanciais, portanto essa limita\u00e7\u00e3o pode n\u00e3o se aplicar a voc\u00ea<\/li><\/ul>\t\t\t\t\t\t\t\t<\/div>\n\t\t\t\t\t<\/div>\n\t\t<\/div>\n\t\t\t\t\t<\/div>\n\t\t<\/section>\n\t\t\t\t\t<\/div>\n\t\t<\/div>\n\t\t\t\t\t<\/div>\n\t\t<\/section>\n\t\t\t\t<\/div>","protected":false},"excerpt":{"rendered":"<p>Warranty Policy MIKENDA STAINLESS STEEL VACUUM LIFETIME WARRANTY Congratulations on your choice of MIKENDA products. We take immense pride in offering an exclusive lifetime warranty on our stainless steel vacuum products (the \u201cProduct\u201d) for customers who make their purchase directly from our official website. This warranty demonstrates our unwavering commitment to excellence in material quality [&hellip;]<\/p>\n","protected":false},"author":1,"featured_media":0,"parent":0,"menu_order":0,"comment_status":"closed","ping_status":"closed","template":"elementor_header_footer","meta":{"footnotes":""},"class_list":["post-4315","page","type-page","status-publish","hentry"],"_links":{"self":[{"href":"https:\/\/www.mikendalife.com\/pt\/wp-json\/wp\/v2\/pages\/4315","targetHints":{"allow":["GET"]}}],"collection":[{"href":"https:\/\/www.mikendalife.com\/pt\/wp-json\/wp\/v2\/pages"}],"about":[{"href":"https:\/\/www.mikendalife.com\/pt\/wp-json\/wp\/v2\/types\/page"}],"author":[{"embeddable":true,"href":"https:\/\/www.mikendalife.com\/pt\/wp-json\/wp\/v2\/users\/1"}],"replies":[{"embeddable":true,"href":"https:\/\/www.mikendalife.com\/pt\/wp-json\/wp\/v2\/comments?post=4315"}],"version-history":[{"count":19,"href":"https:\/\/www.mikendalife.com\/pt\/wp-json\/wp\/v2\/pages\/4315\/revisions"}],"predecessor-version":[{"id":6483,"href":"https:\/\/www.mikendalife.com\/pt\/wp-json\/wp\/v2\/pages\/4315\/revisions\/6483"}],"wp:attachment":[{"href":"https:\/\/www.mikendalife.com\/pt\/wp-json\/wp\/v2\/media?parent=4315"}],"curies":[{"name":"wp","href":"https:\/\/api.w.org\/{rel}","templated":true}]}}