{"id":4310,"date":"2025-11-27T11:43:50","date_gmt":"2025-11-27T03:43:50","guid":{"rendered":"https:\/\/www.mikendalife.com\/?page_id=4310"},"modified":"2026-02-11T12:24:22","modified_gmt":"2026-02-11T04:24:22","slug":"payment-methods","status":"publish","type":"page","link":"https:\/\/www.mikendalife.com\/pt\/payment-methods\/","title":{"rendered":"M\u00e9todos de Pagamento"},"content":{"rendered":"<div data-elementor-type=\"wp-page\" data-elementor-id=\"4310\" class=\"elementor elementor-4310\" data-elementor-post-type=\"page\">\n\t\t\t\t\t\t<section class=\"elementor-section elementor-top-section elementor-element elementor-element-0cb5902 elementor-section-full_width elementor-section-height-default elementor-section-height-default\" data-id=\"0cb5902\" data-element_type=\"section\" data-e-type=\"section\">\n\t\t\t\t\t\t<div class=\"elementor-container elementor-column-gap-default\">\n\t\t\t\t\t<div class=\"elementor-column elementor-col-100 elementor-top-column elementor-element elementor-element-2bb159c\" data-id=\"2bb159c\" data-element_type=\"column\" data-e-type=\"column\">\n\t\t\t<div class=\"elementor-widget-wrap elementor-element-populated\">\n\t\t\t\t\t\t<section class=\"elementor-section elementor-inner-section elementor-element elementor-element-8bd3f15 elementor-section-boxed elementor-section-height-default elementor-section-height-default\" data-id=\"8bd3f15\" data-element_type=\"section\" data-e-type=\"section\" data-settings=\"{&quot;animation&quot;:&quot;none&quot;}\">\n\t\t\t\t\t\t<div class=\"elementor-container elementor-column-gap-default\">\n\t\t\t\t\t<div class=\"elementor-column elementor-col-100 elementor-inner-column elementor-element elementor-element-eeaf169\" data-id=\"eeaf169\" data-element_type=\"column\" data-e-type=\"column\" data-settings=\"{&quot;background_background&quot;:&quot;classic&quot;}\">\n\t\t\t<div class=\"elementor-widget-wrap elementor-element-populated\">\n\t\t\t\t\t\t<div class=\"elementor-element elementor-element-4fb0134 elementor-widget elementor-widget-woocommerce-breadcrumb\" data-id=\"4fb0134\" data-element_type=\"widget\" data-e-type=\"widget\" data-widget_type=\"woocommerce-breadcrumb.default\">\n\t\t\t\t\t<nav class=\"woocommerce-breadcrumb\" aria-label=\"Breadcrumb\" data-no-translation=\"\" data-trp-gettext=\"\">\u9996\u9875<\/nav>\t\t\t\t<\/div>\n\t\t\t\t<div class=\"elementor-element elementor-element-0679e2c elementor-widget elementor-widget-heading\" data-id=\"0679e2c\" data-element_type=\"widget\" data-e-type=\"widget\" data-widget_type=\"heading.default\">\n\t\t\t\t\t<h1 class=\"elementor-heading-title elementor-size-default\">M\u00e9todos de Pagamento<\/h1>\t\t\t\t<\/div>\n\t\t\t\t<div class=\"elementor-element elementor-element-3edb29a elementor-widget-divider--view-line elementor-widget elementor-widget-divider\" data-id=\"3edb29a\" data-element_type=\"widget\" data-e-type=\"widget\" data-widget_type=\"divider.default\">\n\t\t\t\t\t\t\t<div class=\"elementor-divider\">\n\t\t\t<span class=\"elementor-divider-separator\">\n\t\t\t\t\t\t<\/span>\n\t\t<\/div>\n\t\t\t\t\t\t<\/div>\n\t\t\t\t<div class=\"elementor-element elementor-element-acdde12 elementor-widget elementor-widget-text-editor\" data-id=\"acdde12\" data-element_type=\"widget\" data-e-type=\"widget\" data-widget_type=\"text-editor.default\">\n\t\t\t\t\t\t\t\t\t<div class=\"auto-hide-last-sibling-br paragraph-pP9ZLC paragraph-element br-paragraph-space\">Mikenda apoia os seguintes m\u00e9todos de pagamento:<\/div><h3 class=\"header-iWP5WJ auto-hide-last-sibling-br\"><span style=\"color: #000000;\"><strong>1. PayPal<\/strong><\/span><\/h3><div class=\"auto-hide-last-sibling-br paragraph-pP9ZLC paragraph-element br-paragraph-space\">PayPal \u00e9 um m\u00e9todo de pagamento online seguro e confi\u00e1vel com as seguintes caracter\u00edsticas:<\/div><ul class=\"auto-hide-last-sibling-br\"><li>Activa pagamentos r\u00e1pidos e seguros online.<\/li><li>Sem conta PayPal necess\u00e1ria para compras: Clique em\u00a0<strong>&#8220; Pagar com cart\u00e3o de d\u00edvida ou cr\u00e9dito&#8221;<\/strong>\u00a0e voc\u00ea ser\u00e1 redirecionado para uma p\u00e1gina segura para introduzir os detalhes de seu cart\u00e3o de cr\u00e9dito ou completar o pagamento seguramente atrav\u00e9s do PayPal.<\/li><\/ul><div class=\"auto-hide-last-sibling-br paragraph-pP9ZLC paragraph-element br-paragraph-space\">Quando voc\u00ea coloca uma ordem usando PayPal, voc\u00ea ser\u00e1 redirecionado para PayPal&#8217; p\u00e1gina de pagamento. Loguem-se com seu nome de usu\u00e1rio e senha PayPal para confirmar o pagamento.<\/div><h3 class=\"header-iWP5WJ auto-hide-last-sibling-br\"><span style=\"color: #000000;\"><strong>2. Pagamento oce\u00e2nico<\/strong><\/span><\/h3><div class=\"auto-hide-last-sibling-br paragraph-pP9ZLC paragraph-element br-paragraph-space\">O Ocean Payment suporta as seguintes marcas de cart\u00e3o:<\/div><ul class=\"auto-hide-last-sibling-br\"><li>Visa<\/li><li>Mastercard<\/li><li>American Express<\/li><li>Descobre<\/li><li>JCB<\/li><li>Clube de Diners<\/li><li>Maestro<\/li><li>Union Pay<\/li><li>Visa Electron<\/li><li>cart\u00e3o banc\u00e1rio<\/li><\/ul><h3 class=\"header-iWP5WJ auto-hide-last-sibling-br\"><span style=\"color: #000000;\"><strong>Em rela\u00e7\u00e3o ao pagamento<\/strong><\/span><\/h3><ol class=\"auto-hide-last-sibling-br\"><li><strong>Composi\u00e7\u00e3o das taxas de transa\u00e7\u00e3o<\/strong>: A taxa de transac\u00e7\u00e3o inclui o pre\u00e7o dos bens\/servi\u00e7os mais impostos aplic\u00e1veis. O pagamento ser\u00e1 coletado ap\u00f3s autoriza\u00e7\u00e3o bem sucedida e processamento da compra.<\/li><li><strong>Nota de taxa de transa\u00e7\u00e3o estrangeira<\/strong>: Seu banco emitente de cart\u00e3o de cr\u00e9dito pode impor uma taxa de transa\u00e7\u00e3o estrangeira de\u00a0<strong>1-3% do montante total da transa\u00e7\u00e3o<\/strong>.<br \/><ul class=\"auto-hide-last-sibling-br\"><li>Para evitar taxas desnecess\u00e1rias, verifique com seu banco se seu cart\u00e3o incurre tais taxas, ou revise os termos e condi\u00e7\u00f5es de seu cart\u00e3o de cr\u00e9dito. Alguns cart\u00f5es podem ser isentos dessas taxas.<\/li><li>Se as taxas de transa\u00e7\u00e3o estrangeiras foram cobradas, por favor contacte seu banco para investiga\u00e7\u00f5es.<\/li><\/ul><\/li><\/ol>\t\t\t\t\t\t\t\t<\/div>\n\t\t\t\t\t<\/div>\n\t\t<\/div>\n\t\t\t\t\t<\/div>\n\t\t<\/section>\n\t\t\t\t\t<\/div>\n\t\t<\/div>\n\t\t\t\t\t<\/div>\n\t\t<\/section>\n\t\t\t\t<\/div>","protected":false},"excerpt":{"rendered":"<p>Payment Methods Mikenda supports the following payment methods: 1. PayPal PayPal is a secure and trusted online payment method with the following features: Enables quick and secure online payments. No PayPal account required for shopping: Click on\u00a0&#8220;Pay with Debit or Credit Card&#8221;\u00a0and you will be redirected to a secure page to enter your credit card [&hellip;]<\/p>\n","protected":false},"author":1,"featured_media":0,"parent":0,"menu_order":0,"comment_status":"closed","ping_status":"closed","template":"elementor_header_footer","meta":{"footnotes":""},"class_list":["post-4310","page","type-page","status-publish","hentry"],"_links":{"self":[{"href":"https:\/\/www.mikendalife.com\/pt\/wp-json\/wp\/v2\/pages\/4310","targetHints":{"allow":["GET"]}}],"collection":[{"href":"https:\/\/www.mikendalife.com\/pt\/wp-json\/wp\/v2\/pages"}],"about":[{"href":"https:\/\/www.mikendalife.com\/pt\/wp-json\/wp\/v2\/types\/page"}],"author":[{"embeddable":true,"href":"https:\/\/www.mikendalife.com\/pt\/wp-json\/wp\/v2\/users\/1"}],"replies":[{"embeddable":true,"href":"https:\/\/www.mikendalife.com\/pt\/wp-json\/wp\/v2\/comments?post=4310"}],"version-history":[{"count":16,"href":"https:\/\/www.mikendalife.com\/pt\/wp-json\/wp\/v2\/pages\/4310\/revisions"}],"predecessor-version":[{"id":6462,"href":"https:\/\/www.mikendalife.com\/pt\/wp-json\/wp\/v2\/pages\/4310\/revisions\/6462"}],"wp:attachment":[{"href":"https:\/\/www.mikendalife.com\/pt\/wp-json\/wp\/v2\/media?parent=4310"}],"curies":[{"name":"wp","href":"https:\/\/api.w.org\/{rel}","templated":true}]}}