{"id":4292,"date":"2025-11-27T10:44:59","date_gmt":"2025-11-27T02:44:59","guid":{"rendered":"https:\/\/www.mikendalife.com\/?page_id=4292"},"modified":"2026-02-09T17:36:48","modified_gmt":"2026-02-09T09:36:48","slug":"shipping-policy","status":"publish","type":"page","link":"https:\/\/www.mikendalife.com\/pt\/shipping-policy\/","title":{"rendered":"Pol\u00edtica de navega\u00e7\u00e3o"},"content":{"rendered":"<div data-elementor-type=\"wp-page\" data-elementor-id=\"4292\" class=\"elementor elementor-4292\" data-elementor-post-type=\"page\">\n\t\t\t\t\t\t<section class=\"elementor-section elementor-top-section elementor-element elementor-element-718e64f elementor-section-full_width elementor-section-height-default elementor-section-height-default\" data-id=\"718e64f\" data-element_type=\"section\" data-e-type=\"section\">\n\t\t\t\t\t\t<div class=\"elementor-container elementor-column-gap-default\">\n\t\t\t\t\t<div class=\"elementor-column elementor-col-100 elementor-top-column elementor-element elementor-element-421524f\" data-id=\"421524f\" data-element_type=\"column\" data-e-type=\"column\">\n\t\t\t<div class=\"elementor-widget-wrap elementor-element-populated\">\n\t\t\t\t\t\t<section class=\"elementor-section elementor-inner-section elementor-element elementor-element-d76ea9c elementor-section-boxed elementor-section-height-default elementor-section-height-default\" data-id=\"d76ea9c\" data-element_type=\"section\" data-e-type=\"section\" data-settings=\"{&quot;animation&quot;:&quot;none&quot;}\">\n\t\t\t\t\t\t<div class=\"elementor-container elementor-column-gap-default\">\n\t\t\t\t\t<div class=\"elementor-column elementor-col-100 elementor-inner-column elementor-element elementor-element-ff8cb0d\" data-id=\"ff8cb0d\" data-element_type=\"column\" data-e-type=\"column\" data-settings=\"{&quot;background_background&quot;:&quot;classic&quot;}\">\n\t\t\t<div class=\"elementor-widget-wrap elementor-element-populated\">\n\t\t\t\t\t\t<div class=\"elementor-element elementor-element-a4870f9 elementor-widget elementor-widget-woocommerce-breadcrumb\" data-id=\"a4870f9\" data-element_type=\"widget\" data-e-type=\"widget\" data-widget_type=\"woocommerce-breadcrumb.default\">\n\t\t\t\t\t<nav class=\"woocommerce-breadcrumb\" aria-label=\"Breadcrumb\" data-no-translation=\"\" data-trp-gettext=\"\">\u9996\u9875<\/nav>\t\t\t\t<\/div>\n\t\t\t\t<div class=\"elementor-element elementor-element-6bba088 elementor-widget elementor-widget-heading\" data-id=\"6bba088\" data-element_type=\"widget\" data-e-type=\"widget\" data-widget_type=\"heading.default\">\n\t\t\t\t\t<h1 class=\"elementor-heading-title elementor-size-default\">Pol\u00edtica de navega\u00e7\u00e3o<\/h1>\t\t\t\t<\/div>\n\t\t\t\t<div class=\"elementor-element elementor-element-35ea554 elementor-widget-divider--view-line elementor-widget elementor-widget-divider\" data-id=\"35ea554\" data-element_type=\"widget\" data-e-type=\"widget\" data-widget_type=\"divider.default\">\n\t\t\t\t\t\t\t<div class=\"elementor-divider\">\n\t\t\t<span class=\"elementor-divider-separator\">\n\t\t\t\t\t\t<\/span>\n\t\t<\/div>\n\t\t\t\t\t\t<\/div>\n\t\t\t\t<div class=\"elementor-element elementor-element-118ae29 elementor-widget elementor-widget-text-editor\" data-id=\"118ae29\" data-element_type=\"widget\" data-e-type=\"widget\" data-widget_type=\"text-editor.default\">\n\t\t\t\t\t\t\t\t\t<h3><span style=\"color: #000000;\"><strong>Hora de Envio<\/strong><\/span><\/h3><p>Oferecemos diferentes servi\u00e7os de navega\u00e7\u00e3o. Em baixo est\u00e3o os tempos estimados de entrega para nossos produtos.<\/p><table border=\"1\" align=\"center\"><tbody><tr><td>M\u00e9todo de transporte<\/td><td>Regi\u00e3o<\/td><td>Hora de entrega<\/td><td>Hora de Processo de Ordem<\/td><td>Ordem 0 - 44,99 d\u00f3lares<\/td><td>Ordem 45$ Tarifa de Envio<\/td><\/tr><tr><td>Yanwen[UNK] expressa<\/td><td>EUA<\/td><td>10-15 dias de trabalho<\/td><td>2 dias de trabalho<\/td><td>7$<\/td><td>Transporte Livre<\/td><\/tr><tr><td>Yanwen[UNK] expressa<\/td><td>Samoa Americana, Estado do Havai, Ilhas Marianas do Norte, Palau, Puerto Rico, Ilhas Virgens dos EUA, Militar dos EUA (Am\u00e9ricas), Militar dos EUA (Europa), Militar dos EUA (Pac\u00edfico)<\/td><td>10-15 dias de trabalho<\/td><td>2 dias de trabalho<\/td><td>11$<\/td><td>6$<\/td><\/tr><tr><td>Yanwen[UNK] expressa<\/td><td>M\u00e9xico, Austr\u00e1lia, Ilhas Marshall, Arg\u00e9lia, Ilha d e Ascens\u00e3o, Egito, Eti\u00f3pia, Angola, Benin, Botswana, Burkina Faso, Burundi, Guin\u00e9 Ecuatorial, Togo, Eritr\u00e9ia, Territ\u00f3rios Franceses do Sul, Cabo Verde, G\u00e2mbia, Congo, Rep\u00fablica Democr\u00e1tica do Congo, Djibouti, Guin\u00e9, Guin\u00e9-Bissau, Gana, Gab\u00e3o, Zimbabwe, C \u00e1mara, C\u00f4te d&#8217; Marfim, Qu\u00eania, Lesoto, Libia, Ilha de Reuni\u00e3o, Rwanda, Madagascar, Malawi, Mali, Mayotte, Maur\u00edcio, Maurit\u00e2nia, Marrocos, Mo\u00e7ambique, Nam\u00edbia, \u00c1frica do Sul, N\u00edger, Nig\u00e9ria, Sierra Leone, Senegal, Seychelles, S \u00e3o Tom \u00e9 e Pr \u00edncipe, S\u00e3o Helena, Swazil\u00e2ndia, Sud\u00e3o, Som\u00e1lia. Tanz\u00e2nia, Trist\u00e1n da Cunha, Tun\u00edsia, Uganda, S\u00e1hara Ocidental, Zambia, Chad, Rep\u00fablica Centroafricana, Irlanda, Pa\u00edses Baixos, Noruega, Chipre, Hungria, Om\u00e3o, Bahrein, Qatar, \u00c1rabe Saudita, Sri Lanka, Turquia, Israel, \u00cdndia.<\/td><td>10-15 dias de trabalho<\/td><td>2 dias de trabalho<\/td><td>11$<\/td><td>6$<\/td><\/tr><tr><td>Yanwen[UNK] expressa<\/td><td>Guam, Estados Unidos, Isl\u00e2ndia, Gab\u00e3o, Gibraltar<\/td><td>10-15 dias de trabalho<\/td><td>2 dias de trabalho<\/td><td>32$<\/td><td>26$<\/td><\/tr><\/tbody><\/table><h3><span style=\"color: #000000;\"><strong>Conselhos<\/strong>:<\/span><\/h3><p>O produto personalizado leva mais tempo para completar do que o produto padr\u00e3o. \u00c9 geralmente completado dentro de 7 dias de trabalho. Tamb\u00e9m oferecemos um servi\u00e7o de personaliza\u00e7\u00e3o prim\u00e1rio que permite completar a personaliza\u00e7\u00e3o dentro de 3 dias de trabalho. O tempo final estimado de entrega \u00e9 igual ao tempo de processamento de produtos mais tempo de envio.<\/p><h3><span style=\"color: #000000;\"><strong>M\u00e9todos de Pagamento<\/strong><\/span><\/h3><p>Paypal, Lianlian, Paiying, Zelle, Alipay<\/p><h3><span style=\"color: #000000;\"><strong>custo de transporte<\/strong><\/span><\/h3><p>Se sua encomenda totalizar mais de 44,99 d\u00f3lares, ofereceremos-lhes navios gratuitos (exceto destina\u00e7\u00f5es no Alaska e no Havai). Voc\u00ea tamb\u00e9m pode avan\u00e7ar seu tempo de entrega de produtos com servi\u00e7os de transporte r\u00e1pido ou de personaliza\u00e7\u00e3o pr\u00e9mio. Mas voc\u00ea precisa cobrir os custos adicionais sofridos. - Os custos de transporte ser\u00e3o calculados e mostrados no check-out se voc\u00ea escolher servi\u00e7os de transporte adicionais.<\/p><h3><span style=\"color: #000000;\"><strong>Seguimento de ordens<\/strong><\/span><\/h3><p>Uma confirma\u00e7\u00e3o de encomenda ser\u00e1 enviada ao seu endere\u00e7o de correio ap\u00f3s voc\u00ea colocar sua encomenda. Voc\u00ea tamb\u00e9m receber\u00e1 um n\u00famero de rastreamento quando a ordem for enviada. Clique\u00a0<u>Seguimento de ordens<\/u>\u00a0ligar[UNK]no fundo de nosso site e introduzir seu n\u00famero de rastreamento para verificar o estado de seu env\u00edo.<\/p><h3>\ud83d\udce3<span style=\"color: #000000;\"><strong> Aviso Importante para Pre-Ordens:<\/strong><\/span><\/h3><p>Por favor, tenham consci\u00eancia de que o prazo de transporte para produtos pr\u00e9-vendas n\u00e3o est\u00e1 inclu\u00eddo nas estimativas padr\u00e3o de transporte. - Os itens de pr\u00e9-venda s\u00e3o programados para ser enviados dentro de 15-20 dias a contar da data de coloca\u00e7\u00e3o da ordem. Por favor, notem isso quando consideramos o hor\u00e1rio de entrega.<\/p><h3><span style=\"color: #000000;\"><strong>Nota:<\/strong><\/span><\/h3><p>Voc\u00ea pode ser respons\u00e1vel pelos direitos de importa\u00e7\u00e3o e impostos sobre sua ordem de acordo com as regras de seus pa\u00edses ou regi\u00f5es.<\/p><p>Pode haver atrasos ocasionais no processo log\u00edstico devido a circunst\u00e2ncias imprevistas.<\/p>\t\t\t\t\t\t\t\t<\/div>\n\t\t\t\t\t<\/div>\n\t\t<\/div>\n\t\t\t\t\t<\/div>\n\t\t<\/section>\n\t\t\t\t\t<\/div>\n\t\t<\/div>\n\t\t\t\t\t<\/div>\n\t\t<\/section>\n\t\t\t\t<\/div>","protected":false},"excerpt":{"rendered":"<p>Shipping policy Shipping Time We offer different shipping services. Below are the estimated delivery times for our products. Shipping method Region Delivery Time Order Processing Time Order 0 \u2013 44.99$ Shipping Fee Order 45$+ Shipping Fee Yanwen\u00a0 express USA 10 \u2013 15 Business days 2 Business days 7$ Free Shipping Yanwen\u00a0 express American Samoa, State [&hellip;]<\/p>\n","protected":false},"author":1,"featured_media":0,"parent":0,"menu_order":0,"comment_status":"closed","ping_status":"closed","template":"elementor_header_footer","meta":{"footnotes":""},"class_list":["post-4292","page","type-page","status-publish","hentry"],"_links":{"self":[{"href":"https:\/\/www.mikendalife.com\/pt\/wp-json\/wp\/v2\/pages\/4292","targetHints":{"allow":["GET"]}}],"collection":[{"href":"https:\/\/www.mikendalife.com\/pt\/wp-json\/wp\/v2\/pages"}],"about":[{"href":"https:\/\/www.mikendalife.com\/pt\/wp-json\/wp\/v2\/types\/page"}],"author":[{"embeddable":true,"href":"https:\/\/www.mikendalife.com\/pt\/wp-json\/wp\/v2\/users\/1"}],"replies":[{"embeddable":true,"href":"https:\/\/www.mikendalife.com\/pt\/wp-json\/wp\/v2\/comments?post=4292"}],"version-history":[{"count":38,"href":"https:\/\/www.mikendalife.com\/pt\/wp-json\/wp\/v2\/pages\/4292\/revisions"}],"predecessor-version":[{"id":6413,"href":"https:\/\/www.mikendalife.com\/pt\/wp-json\/wp\/v2\/pages\/4292\/revisions\/6413"}],"wp:attachment":[{"href":"https:\/\/www.mikendalife.com\/pt\/wp-json\/wp\/v2\/media?parent=4292"}],"curies":[{"name":"wp","href":"https:\/\/api.w.org\/{rel}","templated":true}]}}