{"id":4209,"date":"2025-11-25T14:32:19","date_gmt":"2025-11-25T06:32:19","guid":{"rendered":"https:\/\/www.mikendalife.com\/?page_id=4209"},"modified":"2026-02-09T14:06:43","modified_gmt":"2026-02-09T06:06:43","slug":"quote","status":"publish","type":"page","link":"https:\/\/www.mikendalife.com\/pt\/quote\/","title":{"rendered":"Citar"},"content":{"rendered":"<div data-elementor-type=\"wp-page\" data-elementor-id=\"4209\" class=\"elementor elementor-4209\" data-elementor-post-type=\"page\">\n\t\t\t\t\t\t<section class=\"elementor-section elementor-top-section elementor-element elementor-element-e381a65 elementor-section-full_width elementor-section-height-min-height elementor-section-height-default elementor-section-items-middle\" data-id=\"e381a65\" data-element_type=\"section\" data-e-type=\"section\" data-settings=\"{&quot;background_background&quot;:&quot;classic&quot;}\">\n\t\t\t\t\t\t\t<div class=\"elementor-background-overlay\"><\/div>\n\t\t\t\t\t\t\t<div class=\"elementor-container elementor-column-gap-default\">\n\t\t\t\t\t<div class=\"elementor-column elementor-col-100 elementor-top-column elementor-element elementor-element-5704803\" data-id=\"5704803\" data-element_type=\"column\" data-e-type=\"column\">\n\t\t\t<div class=\"elementor-widget-wrap elementor-element-populated\">\n\t\t\t\t\t\t<section class=\"elementor-section elementor-inner-section elementor-element elementor-element-e4dee8a elementor-section-boxed elementor-section-height-default elementor-section-height-default\" data-id=\"e4dee8a\" data-element_type=\"section\" data-e-type=\"section\" data-settings=\"{&quot;animation&quot;:&quot;none&quot;}\">\n\t\t\t\t\t\t<div class=\"elementor-container elementor-column-gap-default\">\n\t\t\t\t\t<div class=\"elementor-column elementor-col-100 elementor-inner-column elementor-element elementor-element-b897fe1\" data-id=\"b897fe1\" data-element_type=\"column\" data-e-type=\"column\">\n\t\t\t<div class=\"elementor-widget-wrap elementor-element-populated\">\n\t\t\t\t\t\t<div class=\"elementor-element elementor-element-921db39 elementor-widget elementor-widget-heading\" data-id=\"921db39\" data-element_type=\"widget\" data-e-type=\"widget\" data-widget_type=\"heading.default\">\n\t\t\t\t\t<h1 class=\"elementor-heading-title elementor-size-default\">Citar<\/h1>\t\t\t\t<\/div>\n\t\t\t\t<div class=\"elementor-element elementor-element-6f78973 elementor-widget elementor-widget-woocommerce-breadcrumb\" data-id=\"6f78973\" data-element_type=\"widget\" data-e-type=\"widget\" data-widget_type=\"woocommerce-breadcrumb.default\">\n\t\t\t\t\t<nav class=\"woocommerce-breadcrumb\" aria-label=\"Breadcrumb\" data-no-translation=\"\" data-trp-gettext=\"\">\u9996\u9875<\/nav>\t\t\t\t<\/div>\n\t\t\t\t\t<\/div>\n\t\t<\/div>\n\t\t\t\t\t<\/div>\n\t\t<\/section>\n\t\t\t\t\t<\/div>\n\t\t<\/div>\n\t\t\t\t\t<\/div>\n\t\t<\/section>\n\t\t\t\t<section class=\"elementor-section elementor-top-section elementor-element elementor-element-a7a2fae elementor-section-full_width elementor-section-height-default elementor-section-height-default\" data-id=\"a7a2fae\" data-element_type=\"section\" data-e-type=\"section\">\n\t\t\t\t\t\t<div class=\"elementor-container elementor-column-gap-default\">\n\t\t\t\t\t<div class=\"elementor-column elementor-col-100 elementor-top-column elementor-element elementor-element-34377fc\" data-id=\"34377fc\" data-element_type=\"column\" data-e-type=\"column\">\n\t\t\t<div class=\"elementor-widget-wrap elementor-element-populated\">\n\t\t\t\t\t\t<section class=\"elementor-section elementor-inner-section elementor-element elementor-element-94c8460 elementor-section-boxed elementor-section-height-default elementor-section-height-default\" data-id=\"94c8460\" data-element_type=\"section\" data-e-type=\"section\" data-settings=\"{&quot;animation&quot;:&quot;none&quot;}\">\n\t\t\t\t\t\t<div class=\"elementor-container elementor-column-gap-default\">\n\t\t\t\t\t<div class=\"elementor-column elementor-col-100 elementor-inner-column elementor-element elementor-element-6946639\" data-id=\"6946639\" data-element_type=\"column\" data-e-type=\"column\" data-settings=\"{&quot;background_background&quot;:&quot;classic&quot;}\">\n\t\t\t<div class=\"elementor-widget-wrap elementor-element-populated\">\n\t\t\t\t\t\t<div class=\"elementor-element elementor-element-7f627b2 elementor-widget elementor-widget-text-editor\" data-id=\"7f627b2\" data-element_type=\"widget\" data-e-type=\"widget\" data-widget_type=\"text-editor.default\">\n\t\t\t\t\t\t\t\t\t<p>Inquiry email\uff1a<strong>mickelzhang@zjmikenda.com<\/strong><\/p>\t\t\t\t\t\t\t\t<\/div>\n\t\t\t\t<div class=\"elementor-element elementor-element-de2ec76 elementor-widget-divider--view-line elementor-widget elementor-widget-divider\" data-id=\"de2ec76\" data-element_type=\"widget\" data-e-type=\"widget\" data-widget_type=\"divider.default\">\n\t\t\t\t\t\t\t<div class=\"elementor-divider\">\n\t\t\t<span class=\"elementor-divider-separator\">\n\t\t\t\t\t\t<\/span>\n\t\t<\/div>\n\t\t\t\t\t\t<\/div>\n\t\t\t\t<div class=\"elementor-element elementor-element-e3499a7 elementor-widget elementor-widget-text-editor\" data-id=\"e3499a7\" data-element_type=\"widget\" data-e-type=\"widget\" data-widget_type=\"text-editor.default\">\n\t\t\t\t\t\t\t\t\t<p>Se voc\u00ea precisa comprar copas em massa ou personalizar estilos espec\u00edficos, por favor, sente-se livre de nos contatar atrav\u00e9s deste endere\u00e7o de correio electr\u00f3nico. Nossa equipe verificar\u00e1 e-mails durante horas de trabalho e promete responder dentro de 24 horas.<\/p><p>Nota Importante: Para assegurar um processamento eficiente da sua pesquisa, por favor descreva claramente o produto que voc\u00ea est\u00e1 perguntando em seu email, e anexa imagens relevantes de produto, liga\u00e7\u00f5es de produto e requisitos detalhados de personaliza\u00e7\u00e3o. E-mails sem a informa\u00e7\u00e3o acima mencionada ser\u00e3o considerados inqu\u00e9ritos inv\u00e1lidos e n\u00e3o ser\u00e3o respondidos.<\/p>\t\t\t\t\t\t\t\t<\/div>\n\t\t\t\t<div class=\"elementor-element elementor-element-2f1e360 elementor-align-center elementor-widget elementor-widget-button\" data-id=\"2f1e360\" data-element_type=\"widget\" data-e-type=\"widget\" data-widget_type=\"button.default\">\n\t\t\t\t\t\t\t\t\t\t<a class=\"elementor-button elementor-button-link elementor-size-sm\" href=\"mailto:mickelzhang@zjmikenda.com\" target=\"_blank\" rel=\"nofollow\">\n\t\t\t\t\t\t<span class=\"elementor-button-content-wrapper\">\n\t\t\t\t\t\t\t\t\t<span class=\"elementor-button-text\">Pesquisa Agora<\/span>\n\t\t\t\t\t<\/span>\n\t\t\t\t\t<\/a>\n\t\t\t\t\t\t\t\t<\/div>\n\t\t\t\t\t<\/div>\n\t\t<\/div>\n\t\t\t\t\t<\/div>\n\t\t<\/section>\n\t\t\t\t\t<\/div>\n\t\t<\/div>\n\t\t\t\t\t<\/div>\n\t\t<\/section>\n\t\t\t\t<\/div>","protected":false},"excerpt":{"rendered":"<p>Quote Inquiry email\uff1amickelzhang@zjmikenda.com If you need to purchase cups in bulk or customize specific styles, please feel free to contact us via this email address. Our team will check emails during working hours and promises to reply within 24 hours. Important Note: To ensure efficient processing of your inquiry, please clearly describe the product you [&hellip;]<\/p>\n","protected":false},"author":1,"featured_media":0,"parent":0,"menu_order":0,"comment_status":"closed","ping_status":"closed","template":"elementor_header_footer","meta":{"footnotes":""},"class_list":["post-4209","page","type-page","status-publish","hentry"],"_links":{"self":[{"href":"https:\/\/www.mikendalife.com\/pt\/wp-json\/wp\/v2\/pages\/4209","targetHints":{"allow":["GET"]}}],"collection":[{"href":"https:\/\/www.mikendalife.com\/pt\/wp-json\/wp\/v2\/pages"}],"about":[{"href":"https:\/\/www.mikendalife.com\/pt\/wp-json\/wp\/v2\/types\/page"}],"author":[{"embeddable":true,"href":"https:\/\/www.mikendalife.com\/pt\/wp-json\/wp\/v2\/users\/1"}],"replies":[{"embeddable":true,"href":"https:\/\/www.mikendalife.com\/pt\/wp-json\/wp\/v2\/comments?post=4209"}],"version-history":[{"count":37,"href":"https:\/\/www.mikendalife.com\/pt\/wp-json\/wp\/v2\/pages\/4209\/revisions"}],"predecessor-version":[{"id":6375,"href":"https:\/\/www.mikendalife.com\/pt\/wp-json\/wp\/v2\/pages\/4209\/revisions\/6375"}],"wp:attachment":[{"href":"https:\/\/www.mikendalife.com\/pt\/wp-json\/wp\/v2\/media?parent=4209"}],"curies":[{"name":"wp","href":"https:\/\/api.w.org\/{rel}","templated":true}]}}