{"id":3,"date":"2025-08-18T12:12:52","date_gmt":"2025-08-18T04:12:52","guid":{"rendered":"https:\/\/www.mikendalife.com\/?page_id=3"},"modified":"2026-02-12T16:37:38","modified_gmt":"2026-02-12T08:37:38","slug":"privacy-policy","status":"publish","type":"page","link":"https:\/\/www.mikendalife.com\/pt\/privacy-policy\/","title":{"rendered":"Pol\u00edtica de Privacidade"},"content":{"rendered":"<div data-elementor-type=\"wp-page\" data-elementor-id=\"3\" class=\"elementor elementor-3\" data-elementor-post-type=\"page\">\n\t\t\t\t\t\t<section class=\"elementor-section elementor-top-section elementor-element elementor-element-1cee123 elementor-section-full_width elementor-section-height-default elementor-section-height-default\" data-id=\"1cee123\" data-element_type=\"section\" data-e-type=\"section\">\n\t\t\t\t\t\t<div class=\"elementor-container elementor-column-gap-default\">\n\t\t\t\t\t<div class=\"elementor-column elementor-col-100 elementor-top-column elementor-element elementor-element-b5b27ed\" data-id=\"b5b27ed\" data-element_type=\"column\" data-e-type=\"column\">\n\t\t\t<div class=\"elementor-widget-wrap elementor-element-populated\">\n\t\t\t\t\t\t<section class=\"elementor-section elementor-inner-section elementor-element elementor-element-5c1453e elementor-section-boxed elementor-section-height-default elementor-section-height-default\" data-id=\"5c1453e\" data-element_type=\"section\" data-e-type=\"section\" data-settings=\"{&quot;animation&quot;:&quot;none&quot;}\">\n\t\t\t\t\t\t<div class=\"elementor-container elementor-column-gap-default\">\n\t\t\t\t\t<div class=\"elementor-column elementor-col-100 elementor-inner-column elementor-element elementor-element-59a1836\" data-id=\"59a1836\" data-element_type=\"column\" data-e-type=\"column\" data-settings=\"{&quot;background_background&quot;:&quot;classic&quot;}\">\n\t\t\t<div class=\"elementor-widget-wrap elementor-element-populated\">\n\t\t\t\t\t\t<div class=\"elementor-element elementor-element-0f6b892 elementor-widget elementor-widget-woocommerce-breadcrumb\" data-id=\"0f6b892\" data-element_type=\"widget\" data-e-type=\"widget\" data-widget_type=\"woocommerce-breadcrumb.default\">\n\t\t\t\t\t<nav class=\"woocommerce-breadcrumb\" aria-label=\"Breadcrumb\" data-no-translation=\"\" data-trp-gettext=\"\">\u9996\u9875<\/nav>\t\t\t\t<\/div>\n\t\t\t\t<div class=\"elementor-element elementor-element-8a45a97 elementor-widget elementor-widget-heading\" data-id=\"8a45a97\" data-element_type=\"widget\" data-e-type=\"widget\" data-widget_type=\"heading.default\">\n\t\t\t\t\t<h1 class=\"elementor-heading-title elementor-size-default\">Pol\u00edtica de Privacidade<\/h1>\t\t\t\t<\/div>\n\t\t\t\t<div class=\"elementor-element elementor-element-bd77d37 elementor-widget-divider--view-line elementor-widget elementor-widget-divider\" data-id=\"bd77d37\" data-element_type=\"widget\" data-e-type=\"widget\" data-widget_type=\"divider.default\">\n\t\t\t\t\t\t\t<div class=\"elementor-divider\">\n\t\t\t<span class=\"elementor-divider-separator\">\n\t\t\t\t\t\t<\/span>\n\t\t<\/div>\n\t\t\t\t\t\t<\/div>\n\t\t\t\t<div class=\"elementor-element elementor-element-542e416 elementor-widget elementor-widget-text-editor\" data-id=\"542e416\" data-element_type=\"widget\" data-e-type=\"widget\" data-widget_type=\"text-editor.default\">\n\t\t\t\t\t\t\t\t\t<div class=\"auto-hide-last-sibling-br paragraph-pP9ZLC paragraph-element br-paragraph-space\">Essa Pol\u00edtica de Privacidade descreve como\u00a0<a class=\"link-bJL8ai\" href=\"https:\/\/www.mikendalife.com\/pt\" target=\"_blank\" rel=\"noopener nofollow\"><strong>www.mikenda.com<\/strong><\/a>\u00a0(o \u201cSite\u201d ou \u201cn\u00f3s\u201d) coleta, usa e divulga sua Informa\u00e7\u00e3o Pessoal quando voc\u00ea visit a ou faz uma compra do Site.<\/div><h3 class=\"header-iWP5WJ auto-hide-last-sibling-br\"><span style=\"color: #000000;\"><strong>Contacto<\/strong><\/span><\/h3><div class=\"auto-hide-last-sibling-br paragraph-pP9ZLC paragraph-element br-paragraph-space\">Depois de revisar essa pol\u00edtica, se voc\u00ea tem perguntas adicionais, quer mais informa\u00e7\u00e3o sobre nossas pr\u00e1ticas de privacidade, ou gostaria de fazer uma queixa, por favor contate-nos por e-mail em\u00a0<strong><a class=\"link-bJL8ai\" href=\"mailto:mickelzhang@zjmikenda.com\" target=\"_blank\" rel=\"noopener nofollow\">support@mickelzhang @zjmikenda.com<\/a><\/strong>\u00a0ou por correio usando os detalhes fornecidos abaixo:No.18, Rongze Road, Dahou Area, Tangxian town, Yongkang City, 321300, Zhejiang<\/div><h3 class=\"header-iWP5WJ auto-hide-last-sibling-br\"><span style=\"color: #000000;\"><strong>Coletar informa\u00e7\u00f5es pessoais<\/strong><\/span><\/h3><div class=\"auto-hide-last-sibling-br paragraph-pP9ZLC paragraph-element br-paragraph-space\">Quando voc\u00ea visita o Site, coletamos certas informa\u00e7\u00f5es sobre seu dispositivo, sua intera\u00e7\u00e3o com o Site, e informa\u00e7\u00f5es necess\u00e1rias para processar suas compras. Podemos tamb\u00e9m coletar informa\u00e7\u00f5es adicionais se voc\u00ea nos contactar para apoio ao cliente. Nessa Pol\u00edtica de Privacidade, referimos a qualquer informa\u00e7\u00e3o sobre um indiv\u00edduo identific\u00e1vel (incluindo a informa\u00e7\u00e3o abaixo) como \u201cInforma\u00e7\u00e3o Pessoal\u201d. Veja a lista abaixo para mais informa\u00e7\u00f5es sobre o que Informa\u00e7\u00e3o Pessoal coletamos e por que:<\/div><h3 class=\"header-iWP5WJ auto-hide-last-sibling-br\"><span style=\"color: #000000;\"><strong>Informa\u00e7\u00e3o do dispositivo<\/strong><\/span><\/h3><ul class=\"auto-hide-last-sibling-br\"><li><strong>Objecto da cole\u00e7\u00e3o<\/strong>: carregar o Site com precis\u00e3o para voc\u00eas, e realizar an\u00e1lises sobre o uso do Site para otimizar nosso Site<\/li><li><strong>Fonte da cole\u00e7\u00e3o<\/strong>: Coletado automaticamente quando voc\u00ea acede ao nosso Site usando cookies, ficheiros de rexistro, sinais web, etiquetas ou p\u00edxeles<\/li><li><strong>Informa\u00e7\u00e3o pessoal coletada<\/strong>: vers\u00e3o do navegador web, endere\u00e7o IP, zona horaria, informa\u00e7\u00e3o sobre cookie, quais sites ou produtos voc\u00ea v\u00ea, termos de pesquisa, e como voc\u00ea interage com o Site<\/li><\/ul><h3 class=\"header-iWP5WJ auto-hide-last-sibling-br\"><span style=\"color: #000000;\"><strong>Informa\u00e7\u00e3o de ordem<\/strong><\/span><\/h3><ul class=\"auto-hide-last-sibling-br\"><li><strong>Objecto da cole\u00e7\u00e3o<\/strong>: fornecer produtos ou servi\u00e7os para voc\u00ea para cumprir nosso contrato, processar sua informa\u00e7\u00e3o de pagamento, arranjar o transporte, fornecer facturas e\/ou confirma\u00e7\u00f5es de encomenda, comunicar com voc\u00ea, publicidade relacionada a nossos produtos ou servi\u00e7os<\/li><li><strong>Fonte da cole\u00e7\u00e3o<\/strong>: coletado de voc\u00eas<\/li><li><strong>Informa\u00e7\u00e3o pessoal coletada<\/strong>: nome, endere\u00e7o de factura\u00e7\u00e3o, endere\u00e7o de expedi\u00e7\u00e3o, informa\u00e7\u00e3o de pagamento (incluindo n\u00fameros de cart\u00e3o de cr\u00e9dito, c\u00f3digo de seguran\u00e7a e data de expira\u00e7\u00e3o), endere\u00e7o de correio electr\u00f3nico e n\u00famero de telefone<\/li><\/ul><h3 class=\"header-iWP5WJ auto-hide-last-sibling-br\"><span style=\"color: #000000;\"><strong>Informa\u00e7\u00e3o de apoio ao cliente<\/strong><\/span><\/h3><ul class=\"auto-hide-last-sibling-br\"><li><strong>Objecto da cole\u00e7\u00e3o<\/strong>: para melhorar a experi\u00eancia do usu\u00e1rio do site, melhorar as comunica\u00e7\u00f5es entre Meoky e os usu\u00e1rios do site, proporcionar suporte ao cliente<\/li><li><strong>Fonte da cole\u00e7\u00e3o<\/strong>: coletado de voc\u00eas<\/li><li><strong>Informa\u00e7\u00e3o pessoal coletada<\/strong>: seu nome, endere\u00e7o de correio e\/ou n\u00famero de telefone<\/li><\/ul><h3 class=\"header-iWP5WJ auto-hide-last-sibling-br\"><span style=\"color: #000000;\"><strong>Minores<\/strong><\/span><\/h3><div class=\"auto-hide-last-sibling-br paragraph-pP9ZLC paragraph-element br-paragraph-space\">O Site n\u00e3o \u00e9 destinado a indiv\u00edduos menores de 13 anos. N\u00e3o coletamos intencionalmente informa\u00e7\u00f5es pessoais de crian\u00e7as. Se voc\u00ea \u00e9 o pai ou tutor e acredita que seu filho nos forneceu informa\u00e7\u00e3o pessoal, por favor contacte-nos no endere\u00e7o acima para pedir a supress\u00e3o.<\/div><h3><span style=\"color: #000000;\"><strong>Compartilhar informa\u00e7\u00f5es pessoais<\/strong><\/span><\/h3><div class=\"auto-hide-last-sibling-br paragraph-pP9ZLC paragraph-element br-paragraph-space\">Compartilhamos sua Informa\u00e7\u00e3o Pessoal com prestadores de servi\u00e7os para nos ajudar a prestar nossos servi\u00e7os e cumprir nossos contratos com voc\u00eas, como descrito acima. Por exemplo:<\/div><ul class=\"auto-hide-last-sibling-br\"><li>Podemos compartilhar sua informa\u00e7\u00e3o pessoal para cumprir leis e regulamentos aplic\u00e1veis, para responder a uma cita\u00e7\u00e3o, mandado de busca ou outro pedido leg\u00edtimo de informa\u00e7\u00e3o que recebemos, ou para proteger nossos direitos de outro modo.<\/li><li>Usamos o Google Analytics para nos ajudar a entender como nossos clientes usam o Site. Voc\u00ea pode ler mais sobre como o Google usa sua Informa\u00e7\u00e3o Pessoal aqui:\u00a0 <strong><a class=\"link-bJL8ai\" href=\"https:\/\/www.google.com\/intl\/en\/policies\/privacy\/\" target=\"_blank\" rel=\"noopener nofollow\">https:\/\/www.google.com \/intl\/en\/pol\u00edticas\/privacidade\/<\/a>.<\/strong> Voc\u00ea tamb\u00e9m pode opt-out do Google Analytics aqui: <strong><a class=\"link-bJL8ai\" href=\"https:\/\/tools.google.com\/dlpage\/gaoptout\" target=\"_blank\" rel=\"noopener nofollow\">https:\/\/tools.google.com \/dlpage\/gaoptout<\/a>.<\/strong><\/li><li>Compartilhamos informa\u00e7\u00f5es sobre seu uso do Site, suas compras e sua intera\u00e7\u00e3o com nossos an\u00fancios em outros sites com nossos parceiros de publicidade. N\u00f3s coletamos e compartilhamos algumas dessas informa\u00e7\u00f5es diretamente com nossos parceiros de publicidade, e em alguns casos atrav\u00e9s do uso de cookies ou outras tecnologias semelhantes (que voc\u00ea pode consentir, dependendo da sua localiza\u00e7\u00e3o).<\/li><li>Para mais informa\u00e7\u00e3o sobre como a publicidade focada funciona, voc\u00ea pode visitar a p\u00e1gina educacional da Iniciativa de An\u00fancio da Rede (NAI) no\u00a0<strong><a class=\"link-bJL8ai\" href=\"https:\/\/www.networkadvertising.org\/understanding-online-advertising\/how-does-it-work\" target=\"_blank\" rel=\"noopener nofollow\">https:\/\/www.networkadvertising.org \/entender-publicidade-online\/como-funciona-<\/a>.<\/strong><\/li><\/ul><h3 class=\"header-iWP5WJ auto-hide-last-sibling-br\"><span style=\"color: #000000;\"><strong>Usando Informa\u00e7\u00e3o Pessoal<\/strong><\/span><\/h3><div class=\"auto-hide-last-sibling-br paragraph-pP9ZLC paragraph-element br-paragraph-space\">Usamos sua informa\u00e7\u00e3o pessoal para fornecer nossos servi\u00e7os a voc\u00ea, que inclui: oferecer produtos para venda, processar pagamentos, enviar e cumprir sua ordem, e manter voc\u00ea atualizado em novos produtos, servi\u00e7os e ofertas.<\/div><h3 class=\"header-iWP5WJ auto-hide-last-sibling-br\"><span style=\"color: #000000;\"><strong>Base leg\u00edtima<\/strong><\/span><\/h3><div class=\"auto-hide-last-sibling-br paragraph-pP9ZLC paragraph-element br-paragraph-space\">De acordo com o Regulamento Geral de Protec\u00e7\u00e3o de Dados (RDPB), se voc\u00ea \u00e9 residente do Espa\u00e7o Econ\u00f3mico Europeu (EEE), processamos sua informa\u00e7\u00e3o pessoal nas seguintes bases leg\u00edtimas:<\/div><ol class=\"auto-hide-last-sibling-br\"><li>Seu consentimento;<\/li><li>O desempenho do contrato entre voc\u00ea e o Site;<\/li><li>Complian\u00e7a com nossas obriga\u00e7\u00f5es legais;<\/li><li>Para proteger seus interesses vitais;<\/li><li>Executar uma tarefa realizada no interesse p\u00fablico;<\/li><li>Para nossos interesses leg\u00edtimos, que n\u00e3o superam seus direitos e liberdades fundamentais.<\/li><\/ol><h3 class=\"header-iWP5WJ auto-hide-last-sibling-br\"><span style=\"color: #000000;\"><strong>Reten\u00e7\u00e3o<\/strong><\/span><\/h3><div class=\"auto-hide-last-sibling-br paragraph-pP9ZLC paragraph-element br-paragraph-space\">Quando voc\u00ea colocar uma ordem atrav\u00e9s do Site, n\u00f3s conservaremos sua Informa\u00e7\u00e3o Pessoal para nossos registros a menos que e at\u00e9 que voc\u00ea nos pedir para apagar essa informa\u00e7\u00e3o. Para mais informa\u00e7\u00e3o sobre seu direito de apagado, veja a sec\u00e7\u00e3o \u201cSeus direitos\u201d embaixo.<\/div><h3 class=\"header-iWP5WJ auto-hide-last-sibling-br\"><span style=\"color: #000000;\"><strong>Seus direitos<\/strong><\/span><\/h3><p class=\"header-iWP5WJ auto-hide-last-sibling-br\"><strong>Para os residentes do EEE<\/strong><\/p><div class=\"auto-hide-last-sibling-br paragraph-pP9ZLC paragraph-element br-paragraph-space\">Se voc\u00ea \u00e9 residente do EEE, voc\u00ea tem o direito de aceder \u00e0 Informa\u00e7\u00e3o Pessoal que temos sobre voc\u00ea, de coloc\u00e1-la em um novo servi\u00e7o e de pedir que sua Informa\u00e7\u00e3o Pessoal seja corrigida, atualizada ou apagada. Se voc\u00ea quiser exercer esses direitos, por favor contacte-nos atrav\u00e9s da informa\u00e7\u00e3o de contato acima. Sua informa\u00e7\u00e3o pessoal ser\u00e1 inicialmente processada na Irlanda e ent\u00e3o transferida fora da Europa para armazenamento e processamento adicional, incluindo para o Canad\u00e1 e os Estados Unidos.<\/div><p class=\"header-iWP5WJ auto-hide-last-sibling-br\"><strong>Para os residentes da Calif\u00f3rnia (CCPA)<\/strong><\/p><div class=\"auto-hide-last-sibling-br paragraph-pP9ZLC paragraph-element br-paragraph-space\">Se voc\u00ea \u00e9 residente da Calif\u00f3rnia, voc\u00ea tem o direito de aceder \u00e0 Informa\u00e7\u00e3o Pessoal que temos sobre voc\u00ea (tamb\u00e9m conhecida como o \u201cDireito de Conhecer\u201d), de coloc\u00e1-la em um novo servi\u00e7o, e de pedir que sua Informa\u00e7\u00e3o Pessoal seja corrigida, atualizada ou apagada. Se voc\u00ea quiser exercer esses direitos, por favor contacte-nos atrav\u00e9s da informa\u00e7\u00e3o de contato acima. Se voc\u00ea quiser designar um agente autorizado para apresentar esses pedidos em seu nome, por favor contacte-nos no endere\u00e7o acima.<\/div><h3 class=\"header-iWP5WJ auto-hide-last-sibling-br\"><span style=\"color: #000000;\"><strong>Cookies<\/strong><\/span><\/h3><div class=\"auto-hide-last-sibling-br paragraph-pP9ZLC paragraph-element br-paragraph-space\">Um biscoito \u00e9 uma pequena quantidade de informa\u00e7\u00e3o que \u00e9 transferida para seu computador ou dispositivo quando voc\u00ea visit a nosso Site. Usamos um n\u00famero de cookies diferentes, incluindo cookies funcionais, performances, publicidade, e m\u00eddia social ou conte\u00fado. Os cookies melhoram sua experi\u00eancia de navega\u00e7\u00e3o permitindo ao site lembrar suas a\u00e7\u00f5es e prefer\u00eancias (como login e sele\u00e7\u00e3o de regi\u00e3o). Isso significa que voc\u00ea n\u00e3o precisa reintroduzir essa informa\u00e7\u00e3o cada vez que retorna ao site ou navega de uma p\u00e1gina para outra. Os cozinhos tamb\u00e9m fornecem informa\u00e7\u00f5es sobre como a s pessoas usam o site, por exemplo se \u00e9 sua primeira visita ou se s \u00e3o visitantes frequentes.<\/div><div class=\"auto-hide-last-sibling-br paragraph-pP9ZLC paragraph-element br-paragraph-space\">Usamos os cookies seguintes para otimizar sua experi\u00eancia em nosso Site e fornecer nossos servi\u00e7os. O tempo que um biscoito permanece no seu computador ou dispositivo m\u00f3vel depende de se \u00e9 um biscoito \"persistente\" ou \"sess\u00e3o\". Os cookies da sess\u00e3o duram at\u00e9 parar de navegar e os cookies persistentes duram at\u00e9 que expirem ou sejam eliminados. A maioria dos biscoitos que usamos s\u00e3o persistentes e expirar\u00e3o entre 30 minutos e dois anos a contar da data em que s\u00e3o descargados para seu dispositivo. Voc\u00ea pode controlar e gerir cookies de v\u00e1rias maneiras. Por favor, lembre-se que remover ou bloquear cookies pode impactar negativamente sua experi\u00eancia de usu\u00e1rio e partes de nosso site podem j\u00e1 n\u00e3o ser completamente acess\u00edveis.<\/div><div class=\"auto-hide-last-sibling-br paragraph-pP9ZLC paragraph-element br-paragraph-space\">A maioria dos navegadores aceita automaticamente cookies, mas voc\u00ea pode escolher se aceitar cookies atrav\u00e9s de seus controles de navegador, muitas vezes encontrados no menu \u201cFerramentas\u201d ou \u201cPreferen\u00e7as\u201d do seu navegador. Para mais informa\u00e7\u00e3o sobre como modificar suas configura\u00e7\u00f5es de navegador ou como bloquear, gerenciar ou filtrar cookies pode ser encontrada no ficheiro de ajuda de seu navegador ou atrav\u00e9s de sites como:\u00a0<strong><a class=\"link-bJL8ai\" href=\"https:\/\/www.allaboutcookies.org\/\" target=\"_blank\" rel=\"noopener nofollow\">www.allaboutcookies.org<\/a>.<\/strong><\/div><h3 class=\"header-iWP5WJ auto-hide-last-sibling-br\"><span style=\"color: #000000;\"><strong>N\u00e3o seguir<\/strong><\/span><\/h3><div class=\"auto-hide-last-sibling-br paragraph-pP9ZLC paragraph-element br-paragraph-space\">Por favor, notem que, pois n\u00e3o h\u00e1 compreens\u00e3o consistente da ind\u00fastria sobre como responder aos sinais \"N\u00e3o rastrear\", n\u00e3o alteramos nossas pr\u00e1ticas de coleta e uso de dados quando detectamos esse sinal do seu navegador.<\/div><h3 class=\"header-iWP5WJ auto-hide-last-sibling-br\"><span style=\"color: #000000;\"><strong>Mudan\u00e7as<\/strong><\/span><\/h3><div class=\"auto-hide-last-sibling-br paragraph-pP9ZLC paragraph-element br-paragraph-space\">Podemos atualizar essa Pol\u00edtica de Privacidade de vez em quando para refletir, por exemplo, mudan\u00e7as em nossas pr\u00e1ticas ou por outras raz\u00f5es operacionais, legais ou regulamentares.<\/div><div class=\"auto-hide-last-sibling-br paragraph-pP9ZLC paragraph-element br-paragraph-space\"><strong>\u00daltima atualiza\u00e7\u00e3o<\/strong>: 11-26-2025<\/div>\t\t\t\t\t\t\t\t<\/div>\n\t\t\t\t\t<\/div>\n\t\t<\/div>\n\t\t\t\t\t<\/div>\n\t\t<\/section>\n\t\t\t\t\t<\/div>\n\t\t<\/div>\n\t\t\t\t\t<\/div>\n\t\t<\/section>\n\t\t\t\t<\/div>","protected":false},"excerpt":{"rendered":"<p>Privacy Policy This Privacy Policy describes how\u00a0www.mikenda.com\u00a0(the \u201cSite\u201d or \u201cwe\u201d) collects, uses, and discloses your Personal Information when you visit or make a purchase from the Site. Contact After reviewing this policy, if you have additional questions, want more information about our privacy practices, or would like to make a complaint, please contact us by [&hellip;]<\/p>\n","protected":false},"author":1,"featured_media":0,"parent":0,"menu_order":0,"comment_status":"closed","ping_status":"closed","template":"elementor_header_footer","meta":{"footnotes":""},"class_list":["post-3","page","type-page","status-publish","hentry"],"_links":{"self":[{"href":"https:\/\/www.mikendalife.com\/pt\/wp-json\/wp\/v2\/pages\/3","targetHints":{"allow":["GET"]}}],"collection":[{"href":"https:\/\/www.mikendalife.com\/pt\/wp-json\/wp\/v2\/pages"}],"about":[{"href":"https:\/\/www.mikendalife.com\/pt\/wp-json\/wp\/v2\/types\/page"}],"author":[{"embeddable":true,"href":"https:\/\/www.mikendalife.com\/pt\/wp-json\/wp\/v2\/users\/1"}],"replies":[{"embeddable":true,"href":"https:\/\/www.mikendalife.com\/pt\/wp-json\/wp\/v2\/comments?post=3"}],"version-history":[{"count":32,"href":"https:\/\/www.mikendalife.com\/pt\/wp-json\/wp\/v2\/pages\/3\/revisions"}],"predecessor-version":[{"id":6496,"href":"https:\/\/www.mikendalife.com\/pt\/wp-json\/wp\/v2\/pages\/3\/revisions\/6496"}],"wp:attachment":[{"href":"https:\/\/www.mikendalife.com\/pt\/wp-json\/wp\/v2\/media?parent=3"}],"curies":[{"name":"wp","href":"https:\/\/api.w.org\/{rel}","templated":true}]}}