{"id":4315,"date":"2025-11-27T11:48:43","date_gmt":"2025-11-27T03:48:43","guid":{"rendered":"https:\/\/www.mikendalife.com\/?page_id=4315"},"modified":"2026-02-12T16:22:20","modified_gmt":"2026-02-12T08:22:20","slug":"warranty-policy","status":"publish","type":"page","link":"https:\/\/www.mikendalife.com\/pl\/warranty-policy\/","title":{"rendered":"Polityka gwarancji"},"content":{"rendered":"<div data-elementor-type=\"wp-page\" data-elementor-id=\"4315\" class=\"elementor elementor-4315\" data-elementor-post-type=\"page\">\n\t\t\t\t\t\t<section class=\"elementor-section elementor-top-section elementor-element elementor-element-8374c77 elementor-section-full_width elementor-section-height-default elementor-section-height-default\" data-id=\"8374c77\" data-element_type=\"section\" data-e-type=\"section\">\n\t\t\t\t\t\t<div class=\"elementor-container elementor-column-gap-default\">\n\t\t\t\t\t<div class=\"elementor-column elementor-col-100 elementor-top-column elementor-element elementor-element-712ab76\" data-id=\"712ab76\" data-element_type=\"column\" data-e-type=\"column\">\n\t\t\t<div class=\"elementor-widget-wrap elementor-element-populated\">\n\t\t\t\t\t\t<section class=\"elementor-section elementor-inner-section elementor-element elementor-element-8b538ef elementor-section-boxed elementor-section-height-default elementor-section-height-default\" data-id=\"8b538ef\" data-element_type=\"section\" data-e-type=\"section\" data-settings=\"{&quot;animation&quot;:&quot;none&quot;}\">\n\t\t\t\t\t\t<div class=\"elementor-container elementor-column-gap-default\">\n\t\t\t\t\t<div class=\"elementor-column elementor-col-100 elementor-inner-column elementor-element elementor-element-af332ca\" data-id=\"af332ca\" data-element_type=\"column\" data-e-type=\"column\" data-settings=\"{&quot;background_background&quot;:&quot;classic&quot;}\">\n\t\t\t<div class=\"elementor-widget-wrap elementor-element-populated\">\n\t\t\t\t\t\t<div class=\"elementor-element elementor-element-f5079ad elementor-widget elementor-widget-woocommerce-breadcrumb\" data-id=\"f5079ad\" data-element_type=\"widget\" data-e-type=\"widget\" data-widget_type=\"woocommerce-breadcrumb.default\">\n\t\t\t\t\t<nav class=\"woocommerce-breadcrumb\" aria-label=\"Breadcrumb\" data-no-translation=\"\" data-trp-gettext=\"\">\u9996\u9875<\/nav>\t\t\t\t<\/div>\n\t\t\t\t<div class=\"elementor-element elementor-element-532b2ae elementor-widget elementor-widget-heading\" data-id=\"532b2ae\" data-element_type=\"widget\" data-e-type=\"widget\" data-widget_type=\"heading.default\">\n\t\t\t\t\t<h1 class=\"elementor-heading-title elementor-size-default\">Polityka gwarancji<\/h1>\t\t\t\t<\/div>\n\t\t\t\t<div class=\"elementor-element elementor-element-a7b778b elementor-widget-divider--view-line elementor-widget elementor-widget-divider\" data-id=\"a7b778b\" data-element_type=\"widget\" data-e-type=\"widget\" data-widget_type=\"divider.default\">\n\t\t\t\t\t\t\t<div class=\"elementor-divider\">\n\t\t\t<span class=\"elementor-divider-separator\">\n\t\t\t\t\t\t<\/span>\n\t\t<\/div>\n\t\t\t\t\t\t<\/div>\n\t\t\t\t<div class=\"elementor-element elementor-element-85fc92e elementor-widget elementor-widget-text-editor\" data-id=\"85fc92e\" data-element_type=\"widget\" data-e-type=\"widget\" data-widget_type=\"text-editor.default\">\n\t\t\t\t\t\t\t\t\t<h2 class=\"header-iWP5WJ auto-hide-last-sibling-br\"><span style=\"color: #000000;\"><strong><span style=\"font-size: 18pt;\">MIKENDA Stal nierdzewna pr\u00f3\u017cniowa do\u017cywotnia gwarancja<\/span><\/strong><\/span><\/h2><div class=\"auto-hide-last-sibling-br paragraph-pP9ZLC paragraph-element br-paragraph-space\">Gratulacje z wyboru produkt\u00f3w MIKENDA. Jeste\u015bmy bardzo dumni z oferowania wy\u0142\u0105cznej do\u017cywotniej gwarancji na nasze produkty pr\u00f3\u017cniowe ze stali nierdzewnej (\u201eProdukt\u201d) dla klient\u00f3w, kt\u00f3rzy dokonuj\u0105 zakupu bezpo\u015brednio z naszej oficjalnej strony internetowej. Ta gwarancja \u015bwiadczy o naszym nieustannym zaanga\u017cowaniu w doskona\u0142o\u015b\u0107 jako\u015bci materia\u0142u i wykonania. Prosz\u0119 dok\u0142adnie zapozna\u0107 si\u0119 z nast\u0119puj\u0105cymi warunkami:<\/div><h3 class=\"header-iWP5WJ auto-hide-last-sibling-br\"><span style=\"color: #000000;\"><strong>Zasi\u0119g produktu<\/strong><\/span><\/h3><div class=\"auto-hide-last-sibling-br paragraph-pP9ZLC paragraph-element br-paragraph-space\">W firmie MIKENDA staramy si\u0119 dostarcza\u0107 produkty, kt\u00f3re s\u0105 starannie wykonane i wolne od wszelkich wad materia\u0142owych lub wykonawczych w momencie zakupu. Ta do\u017cywotnia gwarancja jest specjalnie zaprojektowana w celu ochrony przed degradacj\u0105 wydajno\u015bci cieplnej, zapewniaj\u0105c pe\u0142n\u0105 satysfakcj\u0119 podczas korzystania z naszych produkt\u00f3w.<\/div><h3 class=\"header-iWP5WJ auto-hide-last-sibling-br\"><strong><span style=\"color: #000000;\">Wy\u0142\u0105czenia<\/span><\/strong><\/h3><div class=\"auto-hide-last-sibling-br paragraph-pP9ZLC paragraph-element br-paragraph-space\">Chocia\u017c zdecydowanie stoimy za jako\u015bci\u0105 naszych produkt\u00f3w, wa\u017cne jest, aby pami\u0119ta\u0107, \u017ce niekt\u00f3re warunki nie s\u0105 obj\u0119te niniejsz\u0105 gwarancj\u0105. Wy\u0142\u0105czenia te obejmuj\u0105:<\/div><ul class=\"auto-hide-last-sibling-br\"><li>Szkody spowodowane nieprzewidzianymi kl\u0119skami \u017cywio\u0142owymi lub wypadkami<\/li><li>Komponenty Produktu, kt\u00f3re nie s\u0105 wykonane ze stali nierdzewnej<\/li><li>Produkty nie zakupione na tej stronie<\/li><li>Normalne zu\u017cycie, w tym drobne zadrapania, p\u0119kni\u0119cia lub skazy, kt\u00f3re mog\u0105 wyst\u0105pi\u0107 podczas regularnego u\u017cywania<\/li><li>Wady lub uszkodzenia spowodowane zaniedbaniem, nadu\u017cyciem, nadu\u017cyciem, nieprzestrzeganiem instrukcji opieki, wypadkami lub nieautoryzowanymi modyfikacjami po zakupie<\/li><\/ul><h3><span style=\"color: #000000;\"><strong>Czas trwania gwarancji<\/strong><\/span><\/h3><div class=\"auto-hide-last-sibling-br paragraph-pP9ZLC paragraph-element br-paragraph-space\">Dla zapewnienia, gwarancja na nasze przybory do picia (z wy\u0142\u0105czeniem pokryw, uszczelnie\u0144 i s\u0142omek) pozostaje wa\u017cna przez ca\u0142y okres \u017cycia Produktu, pocz\u0105wszy od daty pierwotnego zakupu.<\/div><h3><span style=\"color: #000000;\"><strong>Proces roszcze\u0144 gwarancyjnych<\/strong><\/span><\/h3><div class=\"auto-hide-last-sibling-br paragraph-pP9ZLC paragraph-element br-paragraph-space\">Je\u015bli napotkasz jakiekolwiek problemy obj\u0119te niniejsz\u0105 gwarancj\u0105, prosimy o kontakt z naszym dedykowanym zespo\u0142em pomocy technicznej pod adresem\u00a0<a class=\"link-bJL8ai\" href=\"mailto:mickelzhang@zjmikenda.com\" target=\"_blank\" rel=\"noopener\">support@mickelzhang www.zjmikenda.com<\/a>W celu przyspieszenia procesu roszcze\u0144 prosimy o podanie nast\u0119puj\u0105cych informacji:<\/div><ul class=\"auto-hide-last-sibling-br\"><li>Szczeg\u00f3\u0142owe informacje o zam\u00f3wieniu: W tym numer zam\u00f3wienia i odpowiednie dane dotycz\u0105ce zakupu dokonanego bezpo\u015brednio z naszej oficjalnej strony internetowej<\/li><li>Opis uszkodzenia produktu: Prosimy o jasne wyja\u015bnienie konkretnego uszkodzenia lub problemu wraz ze zdj\u0119ciami ilustruj\u0105cymi napotkany problem<\/li><\/ul><div class=\"auto-hide-last-sibling-br paragraph-pP9ZLC paragraph-element br-paragraph-space\">Nasz starannie pracowany zesp\u00f3\u0142 wsparcia dok\u0142adnie oceni Twoje roszczenie i poprowadzi Ci\u0119 przez niezb\u0119dne kroki, aby u\u0142atwi\u0107 szybkie rozwi\u0105zanie.<\/div><h3 class=\"header-iWP5WJ auto-hide-last-sibling-br\"><span style=\"color: #000000;\"><strong>Informacje dodatkowe<\/strong><\/span><\/h3><ul class=\"auto-hide-last-sibling-br\"><li>Ta do\u017cywotnia gwarancja ma zastosowanie wy\u0142\u0105cznie do produkt\u00f3w MIKENDA i zast\u0119puje wszystkie inne gwarancje, zar\u00f3wno wyra\u017ane, jak i domy\u015blne.<\/li><li>MIKENDA zastrzega sobie prawo do \u017c\u0105dania dowodu zakupu lub zwrotu wadliwego Produktu, w razie potrzeby<\/li><li>Nale\u017cy pami\u0119ta\u0107, \u017ce MIKENDA nie ponosi odpowiedzialno\u015bci za jakiekolwiek szkody, straty, koszty lub wydatki, w tym szkody przypadkowe lub po\u015brednie. Wa\u017cne jest, aby pami\u0119ta\u0107, \u017ce niekt\u00f3re jurysdykcje nie zezwalaj\u0105 na wykluczenie lub ograniczenie szkod przypadkowych lub po\u015brednich, dlatego ograniczenie to mo\u017ce nie mie\u0107 zastosowania do Ciebie.<\/li><\/ul>\t\t\t\t\t\t\t\t<\/div>\n\t\t\t\t\t<\/div>\n\t\t<\/div>\n\t\t\t\t\t<\/div>\n\t\t<\/section>\n\t\t\t\t\t<\/div>\n\t\t<\/div>\n\t\t\t\t\t<\/div>\n\t\t<\/section>\n\t\t\t\t<\/div>","protected":false},"excerpt":{"rendered":"<p>Warranty Policy MIKENDA STAINLESS STEEL VACUUM LIFETIME WARRANTY Congratulations on your choice of MIKENDA products. We take immense pride in offering an exclusive lifetime warranty on our stainless steel vacuum products (the \u201cProduct\u201d) for customers who make their purchase directly from our official website. This warranty demonstrates our unwavering commitment to excellence in material quality [&hellip;]<\/p>\n","protected":false},"author":1,"featured_media":0,"parent":0,"menu_order":0,"comment_status":"closed","ping_status":"closed","template":"elementor_header_footer","meta":{"footnotes":""},"class_list":["post-4315","page","type-page","status-publish","hentry"],"_links":{"self":[{"href":"https:\/\/www.mikendalife.com\/pl\/wp-json\/wp\/v2\/pages\/4315","targetHints":{"allow":["GET"]}}],"collection":[{"href":"https:\/\/www.mikendalife.com\/pl\/wp-json\/wp\/v2\/pages"}],"about":[{"href":"https:\/\/www.mikendalife.com\/pl\/wp-json\/wp\/v2\/types\/page"}],"author":[{"embeddable":true,"href":"https:\/\/www.mikendalife.com\/pl\/wp-json\/wp\/v2\/users\/1"}],"replies":[{"embeddable":true,"href":"https:\/\/www.mikendalife.com\/pl\/wp-json\/wp\/v2\/comments?post=4315"}],"version-history":[{"count":19,"href":"https:\/\/www.mikendalife.com\/pl\/wp-json\/wp\/v2\/pages\/4315\/revisions"}],"predecessor-version":[{"id":6483,"href":"https:\/\/www.mikendalife.com\/pl\/wp-json\/wp\/v2\/pages\/4315\/revisions\/6483"}],"wp:attachment":[{"href":"https:\/\/www.mikendalife.com\/pl\/wp-json\/wp\/v2\/media?parent=4315"}],"curies":[{"name":"wp","href":"https:\/\/api.w.org\/{rel}","templated":true}]}}