{"id":4310,"date":"2025-11-27T11:43:50","date_gmt":"2025-11-27T03:43:50","guid":{"rendered":"https:\/\/www.mikendalife.com\/?page_id=4310"},"modified":"2026-02-11T12:24:22","modified_gmt":"2026-02-11T04:24:22","slug":"payment-methods","status":"publish","type":"page","link":"https:\/\/www.mikendalife.com\/pl\/payment-methods\/","title":{"rendered":"Metody p\u0142atno\u015bci"},"content":{"rendered":"<div data-elementor-type=\"wp-page\" data-elementor-id=\"4310\" class=\"elementor elementor-4310\" data-elementor-post-type=\"page\">\n\t\t\t\t\t\t<section class=\"elementor-section elementor-top-section elementor-element elementor-element-0cb5902 elementor-section-full_width elementor-section-height-default elementor-section-height-default\" data-id=\"0cb5902\" data-element_type=\"section\" data-e-type=\"section\">\n\t\t\t\t\t\t<div class=\"elementor-container elementor-column-gap-default\">\n\t\t\t\t\t<div class=\"elementor-column elementor-col-100 elementor-top-column elementor-element elementor-element-2bb159c\" data-id=\"2bb159c\" data-element_type=\"column\" data-e-type=\"column\">\n\t\t\t<div class=\"elementor-widget-wrap elementor-element-populated\">\n\t\t\t\t\t\t<section class=\"elementor-section elementor-inner-section elementor-element elementor-element-8bd3f15 elementor-section-boxed elementor-section-height-default elementor-section-height-default\" data-id=\"8bd3f15\" data-element_type=\"section\" data-e-type=\"section\" data-settings=\"{&quot;animation&quot;:&quot;none&quot;}\">\n\t\t\t\t\t\t<div class=\"elementor-container elementor-column-gap-default\">\n\t\t\t\t\t<div class=\"elementor-column elementor-col-100 elementor-inner-column elementor-element elementor-element-eeaf169\" data-id=\"eeaf169\" data-element_type=\"column\" data-e-type=\"column\" data-settings=\"{&quot;background_background&quot;:&quot;classic&quot;}\">\n\t\t\t<div class=\"elementor-widget-wrap elementor-element-populated\">\n\t\t\t\t\t\t<div class=\"elementor-element elementor-element-4fb0134 elementor-widget elementor-widget-woocommerce-breadcrumb\" data-id=\"4fb0134\" data-element_type=\"widget\" data-e-type=\"widget\" data-widget_type=\"woocommerce-breadcrumb.default\">\n\t\t\t\t\t<nav class=\"woocommerce-breadcrumb\" aria-label=\"Breadcrumb\" data-no-translation=\"\" data-trp-gettext=\"\">\u9996\u9875<\/nav>\t\t\t\t<\/div>\n\t\t\t\t<div class=\"elementor-element elementor-element-0679e2c elementor-widget elementor-widget-heading\" data-id=\"0679e2c\" data-element_type=\"widget\" data-e-type=\"widget\" data-widget_type=\"heading.default\">\n\t\t\t\t\t<h1 class=\"elementor-heading-title elementor-size-default\">Metody p\u0142atno\u015bci<\/h1>\t\t\t\t<\/div>\n\t\t\t\t<div class=\"elementor-element elementor-element-3edb29a elementor-widget-divider--view-line elementor-widget elementor-widget-divider\" data-id=\"3edb29a\" data-element_type=\"widget\" data-e-type=\"widget\" data-widget_type=\"divider.default\">\n\t\t\t\t\t\t\t<div class=\"elementor-divider\">\n\t\t\t<span class=\"elementor-divider-separator\">\n\t\t\t\t\t\t<\/span>\n\t\t<\/div>\n\t\t\t\t\t\t<\/div>\n\t\t\t\t<div class=\"elementor-element elementor-element-acdde12 elementor-widget elementor-widget-text-editor\" data-id=\"acdde12\" data-element_type=\"widget\" data-e-type=\"widget\" data-widget_type=\"text-editor.default\">\n\t\t\t\t\t\t\t\t\t<div class=\"auto-hide-last-sibling-br paragraph-pP9ZLC paragraph-element br-paragraph-space\">Mikenda obs\u0142uguje nast\u0119puj\u0105ce metody p\u0142atno\u015bci:<\/div><h3 class=\"header-iWP5WJ auto-hide-last-sibling-br\"><span style=\"color: #000000;\"><strong>1. Bezp\u0142atno\u015b\u0107 PayPal<\/strong><\/span><\/h3><div class=\"auto-hide-last-sibling-br paragraph-pP9ZLC paragraph-element br-paragraph-space\">PayPal jest bezpieczn\u0105 i zaufan\u0105 metod\u0105 p\u0142atno\u015bci online z nast\u0119puj\u0105cymi funkcjami:<\/div><ul class=\"auto-hide-last-sibling-br\"><li>Umo\u017cliwia szybkie i bezpieczne p\u0142atno\u015bci online.<\/li><li>Nie wymaga konta PayPal do zakup\u00f3w: Kliknij na\u00a0<strong>&#8220; P\u0142a\u0107 kart\u0105 debetow\u0105 lub kredytow\u0105&#8221;<\/strong>\u00a0i zostaniesz przekierowany na bezpieczn\u0105 stron\u0119, aby wpisa\u0107 dane karty kredytowej lub dokona\u0107 p\u0142atno\u015bci bezpiecznie za po\u015brednictwem PayPal.<\/li><\/ul><div class=\"auto-hide-last-sibling-br paragraph-pP9ZLC paragraph-element br-paragraph-space\">Gdy z\u0142o\u017cysz zam\u00f3wienie za pomoc\u0105 PayPal, zostaniesz przekierowany do PayPal&#8217; strona p\u0142atno\u015bci. Zaloguj si\u0119 za pomoc\u0105 nazwy u\u017cytkownika i has\u0142a PayPal, aby potwierdzi\u0107 p\u0142atno\u015b\u0107.<\/div><h3 class=\"header-iWP5WJ auto-hide-last-sibling-br\"><span style=\"color: #000000;\"><strong>2. P\u0142atno\u015b\u0107 oceanu<\/strong><\/span><\/h3><div class=\"auto-hide-last-sibling-br paragraph-pP9ZLC paragraph-element br-paragraph-space\">Ocean Payment obs\u0142uguje nast\u0119puj\u0105ce marki kart:<\/div><ul class=\"auto-hide-last-sibling-br\"><li>wizy<\/li><li>karty Mastercard<\/li><li>Ameryka\u0144ski Express<\/li><li>Odkryj<\/li><li>JCB<\/li><li>Diners Klub<\/li><li>Maestro<\/li><li>Unii Pay<\/li><li>Wiza Electron<\/li><li>karty bankowe<\/li><\/ul><h3 class=\"header-iWP5WJ auto-hide-last-sibling-br\"><span style=\"color: #000000;\"><strong>W odniesieniu do p\u0142atno\u015bci<\/strong><\/span><\/h3><ol class=\"auto-hide-last-sibling-br\"><li><strong>Sk\u0142ad op\u0142at transakcyjnych<\/strong>Op\u0142ata transakcyjna obejmuje cen\u0119 towar\u00f3w\/us\u0142ug plus obowi\u0105zuj\u0105ce podatki. P\u0142atno\u015b\u0107 zostanie pobrana po pomy\u015blnej autoryzacji i przetwarzaniu zakupu.<\/li><li><strong>Op\u0142ata za transakcje zagraniczne Uwaga<\/strong>Bank wydaj\u0105cy kart\u0119 kredytow\u0105 mo\u017ce na\u0142o\u017cy\u0107 op\u0142at\u0119 za transakcje zagraniczne\u00a0<strong>1-3% ca\u0142kowitej kwoty transakcji<\/strong>.<br \/><ul class=\"auto-hide-last-sibling-br\"><li>Aby unikn\u0105\u0107 niepotrzebnych op\u0142at, sprawd\u017a z bankiem, czy Twoja karta ponosi takie op\u0142aty, lub sprawd\u017a warunki karty kredytowej. Niekt\u00f3re karty mog\u0105 by\u0107 zwolnione z tych op\u0142at.<\/li><li>Je\u015bli zosta\u0142y pobrane op\u0142aty za transakcje zagraniczne, skontaktuj si\u0119 z bankiem w celu uzyskania zapyta\u0144.<\/li><\/ul><\/li><\/ol>\t\t\t\t\t\t\t\t<\/div>\n\t\t\t\t\t<\/div>\n\t\t<\/div>\n\t\t\t\t\t<\/div>\n\t\t<\/section>\n\t\t\t\t\t<\/div>\n\t\t<\/div>\n\t\t\t\t\t<\/div>\n\t\t<\/section>\n\t\t\t\t<\/div>","protected":false},"excerpt":{"rendered":"<p>Payment Methods Mikenda supports the following payment methods: 1. PayPal PayPal is a secure and trusted online payment method with the following features: Enables quick and secure online payments. No PayPal account required for shopping: Click on\u00a0&#8220;Pay with Debit or Credit Card&#8221;\u00a0and you will be redirected to a secure page to enter your credit card [&hellip;]<\/p>\n","protected":false},"author":1,"featured_media":0,"parent":0,"menu_order":0,"comment_status":"closed","ping_status":"closed","template":"elementor_header_footer","meta":{"footnotes":""},"class_list":["post-4310","page","type-page","status-publish","hentry"],"_links":{"self":[{"href":"https:\/\/www.mikendalife.com\/pl\/wp-json\/wp\/v2\/pages\/4310","targetHints":{"allow":["GET"]}}],"collection":[{"href":"https:\/\/www.mikendalife.com\/pl\/wp-json\/wp\/v2\/pages"}],"about":[{"href":"https:\/\/www.mikendalife.com\/pl\/wp-json\/wp\/v2\/types\/page"}],"author":[{"embeddable":true,"href":"https:\/\/www.mikendalife.com\/pl\/wp-json\/wp\/v2\/users\/1"}],"replies":[{"embeddable":true,"href":"https:\/\/www.mikendalife.com\/pl\/wp-json\/wp\/v2\/comments?post=4310"}],"version-history":[{"count":16,"href":"https:\/\/www.mikendalife.com\/pl\/wp-json\/wp\/v2\/pages\/4310\/revisions"}],"predecessor-version":[{"id":6462,"href":"https:\/\/www.mikendalife.com\/pl\/wp-json\/wp\/v2\/pages\/4310\/revisions\/6462"}],"wp:attachment":[{"href":"https:\/\/www.mikendalife.com\/pl\/wp-json\/wp\/v2\/media?parent=4310"}],"curies":[{"name":"wp","href":"https:\/\/api.w.org\/{rel}","templated":true}]}}