{"id":4292,"date":"2025-11-27T10:44:59","date_gmt":"2025-11-27T02:44:59","guid":{"rendered":"https:\/\/www.mikendalife.com\/?page_id=4292"},"modified":"2026-02-09T17:36:48","modified_gmt":"2026-02-09T09:36:48","slug":"shipping-policy","status":"publish","type":"page","link":"https:\/\/www.mikendalife.com\/pl\/shipping-policy\/","title":{"rendered":"Polityka wysy\u0142ki"},"content":{"rendered":"<div data-elementor-type=\"wp-page\" data-elementor-id=\"4292\" class=\"elementor elementor-4292\" data-elementor-post-type=\"page\">\n\t\t\t\t\t\t<section class=\"elementor-section elementor-top-section elementor-element elementor-element-718e64f elementor-section-full_width elementor-section-height-default elementor-section-height-default\" data-id=\"718e64f\" data-element_type=\"section\" data-e-type=\"section\">\n\t\t\t\t\t\t<div class=\"elementor-container elementor-column-gap-default\">\n\t\t\t\t\t<div class=\"elementor-column elementor-col-100 elementor-top-column elementor-element elementor-element-421524f\" data-id=\"421524f\" data-element_type=\"column\" data-e-type=\"column\">\n\t\t\t<div class=\"elementor-widget-wrap elementor-element-populated\">\n\t\t\t\t\t\t<section class=\"elementor-section elementor-inner-section elementor-element elementor-element-d76ea9c elementor-section-boxed elementor-section-height-default elementor-section-height-default\" data-id=\"d76ea9c\" data-element_type=\"section\" data-e-type=\"section\" data-settings=\"{&quot;animation&quot;:&quot;none&quot;}\">\n\t\t\t\t\t\t<div class=\"elementor-container elementor-column-gap-default\">\n\t\t\t\t\t<div class=\"elementor-column elementor-col-100 elementor-inner-column elementor-element elementor-element-ff8cb0d\" data-id=\"ff8cb0d\" data-element_type=\"column\" data-e-type=\"column\" data-settings=\"{&quot;background_background&quot;:&quot;classic&quot;}\">\n\t\t\t<div class=\"elementor-widget-wrap elementor-element-populated\">\n\t\t\t\t\t\t<div class=\"elementor-element elementor-element-a4870f9 elementor-widget elementor-widget-woocommerce-breadcrumb\" data-id=\"a4870f9\" data-element_type=\"widget\" data-e-type=\"widget\" data-widget_type=\"woocommerce-breadcrumb.default\">\n\t\t\t\t\t<nav class=\"woocommerce-breadcrumb\" aria-label=\"Breadcrumb\" data-no-translation=\"\" data-trp-gettext=\"\">\u9996\u9875<\/nav>\t\t\t\t<\/div>\n\t\t\t\t<div class=\"elementor-element elementor-element-6bba088 elementor-widget elementor-widget-heading\" data-id=\"6bba088\" data-element_type=\"widget\" data-e-type=\"widget\" data-widget_type=\"heading.default\">\n\t\t\t\t\t<h1 class=\"elementor-heading-title elementor-size-default\">Polityka wysy\u0142ki<\/h1>\t\t\t\t<\/div>\n\t\t\t\t<div class=\"elementor-element elementor-element-35ea554 elementor-widget-divider--view-line elementor-widget elementor-widget-divider\" data-id=\"35ea554\" data-element_type=\"widget\" data-e-type=\"widget\" data-widget_type=\"divider.default\">\n\t\t\t\t\t\t\t<div class=\"elementor-divider\">\n\t\t\t<span class=\"elementor-divider-separator\">\n\t\t\t\t\t\t<\/span>\n\t\t<\/div>\n\t\t\t\t\t\t<\/div>\n\t\t\t\t<div class=\"elementor-element elementor-element-118ae29 elementor-widget elementor-widget-text-editor\" data-id=\"118ae29\" data-element_type=\"widget\" data-e-type=\"widget\" data-widget_type=\"text-editor.default\">\n\t\t\t\t\t\t\t\t\t<h3><span style=\"color: #000000;\"><strong>Czas wysy\u0142ki<\/strong><\/span><\/h3><p>Oferujemy r\u00f3\u017cne us\u0142ugi wysy\u0142kowe. Poni\u017cej przedstawiono szacowane czasy dostawy naszych produkt\u00f3w.<\/p><table border=\"1\" align=\"center\"><tbody><tr><td>Metoda wysy\u0142ki<\/td><td>Region<\/td><td>Czas dostawy<\/td><td>Czas przetwarzania zam\u00f3wienia<\/td><td>Zam\u00f3w 0 \u2013 44.99$ Op\u0142ata wysy\u0142ki<\/td><td>Zam\u00f3w 45$ Op\u0142ata za wysy\u0142k\u0119<\/td><\/tr><tr><td>Yanwen ekspresowy<\/td><td>Stany Zjednoczone<\/td><td>10 \u2013 15 dni roboczych<\/td><td>2 dni robocze<\/td><td>7$<\/td><td>Darmowa wysy\u0142ka<\/td><\/tr><tr><td>Yanwen ekspresowy<\/td><td>Samoa Ameryka\u0144skie, Stan Hawaje, Wyspy Mariany P\u00f3\u0142nocne, Palau, Puerto Rico, Wyspy Dziewicze Stan\u00f3w Zjednoczonych, Wojsko Stan\u00f3w Zjednoczonych (Ameryka), Wojsko Stan\u00f3w Zjednoczonych (Europa), Wojsko Stan\u00f3w Zjednoczonych (Pacyfik)<\/td><td>10 \u2013 15 dni roboczych<\/td><td>2 dni robocze<\/td><td>11$<\/td><td>6$<\/td><\/tr><tr><td>Yanwen ekspresowy<\/td><td>Meksyk, Australia, Wyspy Marshalla, Algieria, Wyspa Wzniesienia, Egipt, Etiopia, Angola, Benin, Botswana, Burkina Faso, Burundi, Gwinea R\u00f3wnikowa, Togo, Erytrea, Francuskie Terytoria Po\u0142udniowe, Zielone Przyl\u0105dko, Gambia, Kongo, Demokratyczna Republika Konga, D\u017cibuti, Gwinea, Gwinea-Bissau, Ghana, Gabon, Zimbabwe, Kamerun, Komory Wybrze\u017ce; Ko\u015bci s\u0142oniowej, Kenia, Lesotho, Liberia, Libia, Wyspa Reunion, Rwanda, Madagaskar, Malawi, Mali, Majota, Mauritius, Mauritania, Maroko, Mozambik, Namibia, Republika Po\u0142udniowej Afryki, Niger, Nigeria, Sierra Leone, Senegal, Seszele, \u015awi\u0119te Tome i Ksi\u0119ga, \u015awi\u0119ta Helena, Swaziland, Sudan, Somalia. Tanzania, Tristan da Cunha, Tunezja, Uganda, Sahara Zachodnia, Zambia, Czad, Republika \u015arodkowoafryka\u0144ska, Irlandia, Holandia, Norwegia, Cypr, W\u0119gry, Oman, Bahrajn, Katar, Arabia Saudyjska, Sri Lanka, Turcja, Izrael, Indie.<\/td><td>10 \u2013 15 dni roboczych<\/td><td>2 dni robocze<\/td><td>11$<\/td><td>6$<\/td><\/tr><tr><td>Yanwen ekspresowy<\/td><td>Guam, Stany Zjednoczone, Islandia, Gabon, Gibraltar<\/td><td>10 \u2013 15 dni roboczych<\/td><td>2 dni robocze<\/td><td>32$<\/td><td>26$<\/td><\/tr><\/tbody><\/table><h3><span style=\"color: #000000;\"><strong>Porady<\/strong>:<\/span><\/h3><p>Dostosowany produkt trwa d\u0142u\u017cej ni\u017c produkt standardowy. Zazwyczaj jest uko\u0144czony w ci\u0105gu 7 dni roboczych. Oferujemy r\u00f3wnie\u017c us\u0142ug\u0119 dostosowania premium, kt\u00f3ra umo\u017cliwia dostosowanie do potrzeb w ci\u0105gu 3 dni roboczych. Ostateczny szacowany czas dostawy odpowiada czasowi przetwarzania produktu plus czasowi wysy\u0142ki.<\/p><h3><span style=\"color: #000000;\"><strong>Metody p\u0142atno\u015bci:<\/strong><\/span><\/h3><p>Paypal, Lianlian, Paiying, Zelle, Alipay<\/p><h3><span style=\"color: #000000;\"><strong>Koszt wysy\u0142ki<\/strong><\/span><\/h3><p>Je\u015bli zam\u00f3wienie wynosi wi\u0119cej ni\u017c 44,99 USD, oferujemy bezp\u0142atn\u0105 wysy\u0142k\u0119 (z wyj\u0105tkiem miejsc docelowych na Alasce i Hawajach). Mo\u017cesz r\u00f3wnie\u017c przed\u0142u\u017cy\u0107 czas dostawy produktu dzi\u0119ki przyspieszonej wysy\u0142ce lub premium us\u0142ugom dostosowywania. Trzeba jednak pokry\u0107 poniesione dodatkowe koszty. Koszty wysy\u0142ki zostan\u0105 obliczone i wy\u015bwietlone w kaszie, je\u015bli wybierzesz dodatkowe us\u0142ugi wysy\u0142ki.<\/p><h3><span style=\"color: #000000;\"><strong>\u015aledzenie zam\u00f3wie\u0144<\/strong><\/span><\/h3><p>Potwierdzenie zam\u00f3wienia zostanie wys\u0142ane na adres e-mail po z\u0142o\u017ceniu zam\u00f3wienia. Otrzymasz r\u00f3wnie\u017c numer \u015bledzenia po wys\u0142aniu zam\u00f3wienia. Kliknij\u00a0<u>\u015aledzenie zam\u00f3wie\u0144<\/u>\u00a0link na dole naszej strony internetowej i wpisz sw\u00f3j numer \u015bledzenia, aby sprawdzi\u0107 status przesy\u0142ki.<\/p><h3>\ud83d\udce3<span style=\"color: #000000;\"><strong> Wa\u017cne informacje dotycz\u0105ce zam\u00f3wie\u0144 przedwczesnych:<\/strong><\/span><\/h3><p>Nale\u017cy pami\u0119ta\u0107, \u017ce termin wysy\u0142ki produkt\u00f3w przedsprzeda\u017cy nie jest uwzgl\u0119dniony w standardowych szacunkach wysy\u0142ki. Przedsprzeda\u017cne przedmioty maj\u0105 by\u0107 wys\u0142ane w ci\u0105gu 15-20 dni od daty z\u0142o\u017cenia zam\u00f3wienia. Prosz\u0119 zwr\u00f3ci\u0107 uwag\u0119 na to, rozwa\u017caj\u0105c termin dostawy.<\/p><h3><span style=\"color: #000000;\"><strong>Uwaga:<\/strong><\/span><\/h3><p>Mo\u017cesz by\u0107 odpowiedzialny za c\u0142a i podatki przywozowe na zam\u00f3wienie zgodnie z zasadami Twojego kraju lub regionu.<\/p><p>Okazalne op\u00f3\u017anienia w procesie logistycznym mog\u0105 wyst\u0105pi\u0107 z powodu nieprzewidzianych okoliczno\u015bci.<\/p>\t\t\t\t\t\t\t\t<\/div>\n\t\t\t\t\t<\/div>\n\t\t<\/div>\n\t\t\t\t\t<\/div>\n\t\t<\/section>\n\t\t\t\t\t<\/div>\n\t\t<\/div>\n\t\t\t\t\t<\/div>\n\t\t<\/section>\n\t\t\t\t<\/div>","protected":false},"excerpt":{"rendered":"<p>Shipping policy Shipping Time We offer different shipping services. Below are the estimated delivery times for our products. Shipping method Region Delivery Time Order Processing Time Order 0 \u2013 44.99$ Shipping Fee Order 45$+ Shipping Fee Yanwen\u00a0 express USA 10 \u2013 15 Business days 2 Business days 7$ Free Shipping Yanwen\u00a0 express American Samoa, State [&hellip;]<\/p>\n","protected":false},"author":1,"featured_media":0,"parent":0,"menu_order":0,"comment_status":"closed","ping_status":"closed","template":"elementor_header_footer","meta":{"footnotes":""},"class_list":["post-4292","page","type-page","status-publish","hentry"],"_links":{"self":[{"href":"https:\/\/www.mikendalife.com\/pl\/wp-json\/wp\/v2\/pages\/4292","targetHints":{"allow":["GET"]}}],"collection":[{"href":"https:\/\/www.mikendalife.com\/pl\/wp-json\/wp\/v2\/pages"}],"about":[{"href":"https:\/\/www.mikendalife.com\/pl\/wp-json\/wp\/v2\/types\/page"}],"author":[{"embeddable":true,"href":"https:\/\/www.mikendalife.com\/pl\/wp-json\/wp\/v2\/users\/1"}],"replies":[{"embeddable":true,"href":"https:\/\/www.mikendalife.com\/pl\/wp-json\/wp\/v2\/comments?post=4292"}],"version-history":[{"count":38,"href":"https:\/\/www.mikendalife.com\/pl\/wp-json\/wp\/v2\/pages\/4292\/revisions"}],"predecessor-version":[{"id":6413,"href":"https:\/\/www.mikendalife.com\/pl\/wp-json\/wp\/v2\/pages\/4292\/revisions\/6413"}],"wp:attachment":[{"href":"https:\/\/www.mikendalife.com\/pl\/wp-json\/wp\/v2\/media?parent=4292"}],"curies":[{"name":"wp","href":"https:\/\/api.w.org\/{rel}","templated":true}]}}