{"id":3,"date":"2025-08-18T12:12:52","date_gmt":"2025-08-18T04:12:52","guid":{"rendered":"https:\/\/www.mikendalife.com\/?page_id=3"},"modified":"2026-02-12T16:37:38","modified_gmt":"2026-02-12T08:37:38","slug":"privacy-policy","status":"publish","type":"page","link":"https:\/\/www.mikendalife.com\/pl\/privacy-policy\/","title":{"rendered":"Polityka prywatno\u015bci"},"content":{"rendered":"<div data-elementor-type=\"wp-page\" data-elementor-id=\"3\" class=\"elementor elementor-3\" data-elementor-post-type=\"page\">\n\t\t\t\t\t\t<section class=\"elementor-section elementor-top-section elementor-element elementor-element-1cee123 elementor-section-full_width elementor-section-height-default elementor-section-height-default\" data-id=\"1cee123\" data-element_type=\"section\" data-e-type=\"section\">\n\t\t\t\t\t\t<div class=\"elementor-container elementor-column-gap-default\">\n\t\t\t\t\t<div class=\"elementor-column elementor-col-100 elementor-top-column elementor-element elementor-element-b5b27ed\" data-id=\"b5b27ed\" data-element_type=\"column\" data-e-type=\"column\">\n\t\t\t<div class=\"elementor-widget-wrap elementor-element-populated\">\n\t\t\t\t\t\t<section class=\"elementor-section elementor-inner-section elementor-element elementor-element-5c1453e elementor-section-boxed elementor-section-height-default elementor-section-height-default\" data-id=\"5c1453e\" data-element_type=\"section\" data-e-type=\"section\" data-settings=\"{&quot;animation&quot;:&quot;none&quot;}\">\n\t\t\t\t\t\t<div class=\"elementor-container elementor-column-gap-default\">\n\t\t\t\t\t<div class=\"elementor-column elementor-col-100 elementor-inner-column elementor-element elementor-element-59a1836\" data-id=\"59a1836\" data-element_type=\"column\" data-e-type=\"column\" data-settings=\"{&quot;background_background&quot;:&quot;classic&quot;}\">\n\t\t\t<div class=\"elementor-widget-wrap elementor-element-populated\">\n\t\t\t\t\t\t<div class=\"elementor-element elementor-element-0f6b892 elementor-widget elementor-widget-woocommerce-breadcrumb\" data-id=\"0f6b892\" data-element_type=\"widget\" data-e-type=\"widget\" data-widget_type=\"woocommerce-breadcrumb.default\">\n\t\t\t\t\t<nav class=\"woocommerce-breadcrumb\" aria-label=\"Breadcrumb\" data-no-translation=\"\" data-trp-gettext=\"\">\u9996\u9875<\/nav>\t\t\t\t<\/div>\n\t\t\t\t<div class=\"elementor-element elementor-element-8a45a97 elementor-widget elementor-widget-heading\" data-id=\"8a45a97\" data-element_type=\"widget\" data-e-type=\"widget\" data-widget_type=\"heading.default\">\n\t\t\t\t\t<h1 class=\"elementor-heading-title elementor-size-default\">Polityka prywatno\u015bci<\/h1>\t\t\t\t<\/div>\n\t\t\t\t<div class=\"elementor-element elementor-element-bd77d37 elementor-widget-divider--view-line elementor-widget elementor-widget-divider\" data-id=\"bd77d37\" data-element_type=\"widget\" data-e-type=\"widget\" data-widget_type=\"divider.default\">\n\t\t\t\t\t\t\t<div class=\"elementor-divider\">\n\t\t\t<span class=\"elementor-divider-separator\">\n\t\t\t\t\t\t<\/span>\n\t\t<\/div>\n\t\t\t\t\t\t<\/div>\n\t\t\t\t<div class=\"elementor-element elementor-element-542e416 elementor-widget elementor-widget-text-editor\" data-id=\"542e416\" data-element_type=\"widget\" data-e-type=\"widget\" data-widget_type=\"text-editor.default\">\n\t\t\t\t\t\t\t\t\t<div class=\"auto-hide-last-sibling-br paragraph-pP9ZLC paragraph-element br-paragraph-space\">Niniejsza Polityka prywatno\u015bci opisuje, jak\u00a0<a class=\"link-bJL8ai\" href=\"https:\/\/www.mikendalife.com\/pl\" target=\"_blank\" rel=\"noopener nofollow\"><strong>www.mikenda.com<\/strong><\/a>\u00a0(\u201eStrona\u201d lub \u201emy\u201d) zbiera, wykorzystuje i ujawnia Twoje dane osobowe podczas odwiedzania lub dokonywania zakupu na Stronie.<\/div><h3 class=\"header-iWP5WJ auto-hide-last-sibling-br\"><span style=\"color: #000000;\"><strong>Kontakt<\/strong><\/span><\/h3><div class=\"auto-hide-last-sibling-br paragraph-pP9ZLC paragraph-element br-paragraph-space\">Po zapoznaniu si\u0119 z niniejsz\u0105 polityk\u0105, je\u015bli masz dodatkowe pytania, chcesz uzyska\u0107 wi\u0119cej informacji na temat naszych praktyk prywatno\u015bci lub chcesz z\u0142o\u017cy\u0107 skarg\u0119, skontaktuj si\u0119 z nami poprzez e-mail na adres\u00a0<strong><a class=\"link-bJL8ai\" href=\"mailto:mickelzhang@zjmikenda.com\" target=\"_blank\" rel=\"noopener nofollow\">support@mickelzhang www.zjmikenda.com<\/a><\/strong>\u00a0lub poczt\u0105 przy u\u017cyciu poni\u017cszych danych: No.18, droga Rongze, obszar Dahou, miasto Tangxian, miasto Yongkang, 321300, Zhejiang<\/div><h3 class=\"header-iWP5WJ auto-hide-last-sibling-br\"><span style=\"color: #000000;\"><strong>Zbieranie danych osobowych<\/strong><\/span><\/h3><div class=\"auto-hide-last-sibling-br paragraph-pP9ZLC paragraph-element br-paragraph-space\">Kiedy odwiedzasz Stron\u0119, zbieramy pewne informacje o urz\u0105dzeniu, interakcji z Stron\u0105 oraz informacje niezb\u0119dne do przetwarzania zakup\u00f3w. Mo\u017cemy r\u00f3wnie\u017c zbiera\u0107 dodatkowe informacje, je\u015bli skontaktujesz si\u0119 z nami w celu obs\u0142ugi klienta. W niniejszej Polityce prywatno\u015bci odnosimy si\u0119 do wszelkich informacji dotycz\u0105cych identyfikowalnych os\u00f3b (w tym poni\u017cszych informacji) jako \u201eDane osobowe\u201d. Zobacz poni\u017csz\u0105 list\u0119, aby uzyska\u0107 wi\u0119cej informacji o tym, jakie dane osobowe zbieramy i dlaczego:<\/div><h3 class=\"header-iWP5WJ auto-hide-last-sibling-br\"><span style=\"color: #000000;\"><strong>Informacje o urz\u0105dzeniu<\/strong><\/span><\/h3><ul class=\"auto-hide-last-sibling-br\"><li><strong>Cel zbierania<\/strong>Aby dok\u0142adnie \u0142adowa\u0107 Stron\u0119 i przeprowadza\u0107 analizy korzystania ze Strony w celu optymalizacji naszej Strony<\/li><li><strong>\u0179r\u00f3d\u0142o kolekcji<\/strong>Zbierane automatycznie podczas dost\u0119pu do naszej Strony za pomoc\u0105 plik\u00f3w cookie, plik\u00f3w dziennika, sygna\u0142\u00f3w internetowych, tag\u00f3w lub pikseli<\/li><li><strong>Zbierane informacje osobowe<\/strong>wersja przegl\u0105darki internetowej, adres IP, strefa czasowa, informacje o plikach cookie, jakie strony lub produkty ogl\u0105dasz, terminy wyszukiwania i spos\u00f3b interakcji ze Stron\u0105<\/li><\/ul><h3 class=\"header-iWP5WJ auto-hide-last-sibling-br\"><span style=\"color: #000000;\"><strong>Informacje zam\u00f3wienia<\/strong><\/span><\/h3><ul class=\"auto-hide-last-sibling-br\"><li><strong>Cel zbierania<\/strong>Aby dostarcza\u0107 Ci produkty lub us\u0142ugi w celu wype\u0142nienia naszej umowy, przetwarza\u0107 Twoje dane p\u0142atnicze, zorganizowa\u0107 wysy\u0142k\u0119 i dostarcza\u0107 Ci faktury i\/lub potwierdzenia zam\u00f3wienia, komunikowa\u0107 si\u0119 z Tob\u0105, reklamowa\u0107 dotycz\u0105ce naszych produkt\u00f3w lub us\u0142ug<\/li><li><strong>\u0179r\u00f3d\u0142o kolekcji<\/strong>: zebrane od Ciebie<\/li><li><strong>Zbierane informacje osobowe<\/strong>nazwa, adres rozliczeniowy, adres wysy\u0142ki, informacje o p\u0142atno\u015bci (w tym numery kart kredytowych, kod bezpiecze\u0144stwa i data wyga\u015bni\u0119cia), adres e-mail i numer telefonu<\/li><\/ul><h3 class=\"header-iWP5WJ auto-hide-last-sibling-br\"><span style=\"color: #000000;\"><strong>Informacje o wsparciu klienta<\/strong><\/span><\/h3><ul class=\"auto-hide-last-sibling-br\"><li><strong>Cel zbierania<\/strong>: w celu poprawy do\u015bwiadczenia u\u017cytkownika witryny, poprawy komunikacji mi\u0119dzy Meoky a u\u017cytkownikami witryny, zapewnienia wsparcia klienta<\/li><li><strong>\u0179r\u00f3d\u0142o kolekcji<\/strong>: zebrane od Ciebie<\/li><li><strong>Zbierane informacje osobowe<\/strong>Imi\u0119 i nazwisko, adres e-mail i\/lub numer telefonu<\/li><\/ul><h3 class=\"header-iWP5WJ auto-hide-last-sibling-br\"><span style=\"color: #000000;\"><strong>Niepe\u0142noletni<\/strong><\/span><\/h3><div class=\"auto-hide-last-sibling-br paragraph-pP9ZLC paragraph-element br-paragraph-space\">Strona nie jest przeznaczona dla os\u00f3b poni\u017cej 13 roku \u017cycia. Nie zbieramy \u015bwiadomie danych osobowych od dzieci. Je\u015bli jeste\u015b rodzicem lub opiekunem i uwa\u017casz, \u017ce Twoje dziecko dostarczy\u0142o nam dane osobowe, skontaktuj si\u0119 z nami na powy\u017cszym adresie, aby poprosi\u0107 o usuni\u0119cie.<\/div><h3><span style=\"color: #000000;\"><strong>Udost\u0119pnianie danych osobowych<\/strong><\/span><\/h3><div class=\"auto-hide-last-sibling-br paragraph-pP9ZLC paragraph-element br-paragraph-space\">Udost\u0119pniamy Twoje dane osobowe dostawcom us\u0142ug, aby pom\u00f3c nam \u015bwiadczy\u0107 nasze us\u0142ugi i wype\u0142nia\u0107 nasze umowy z Tob\u0105, jak opisano powy\u017cej. Na przyk\u0142ad:<\/div><ul class=\"auto-hide-last-sibling-br\"><li>Mo\u017cemy udost\u0119pnia\u0107 Twoje dane osobowe w celu przestrzegania obowi\u0105zuj\u0105cych przepis\u00f3w prawa i regulacji, w celu odpowiedzi na wezwanie, nakaz przeszukiwania lub inny legalny wniosek o otrzymywanie informacji lub w inny spos\u00f3b chroni\u0107 nasze prawa.<\/li><li>U\u017cywamy Google Analytics, aby pom\u00f3c nam zrozumie\u0107, w jaki spos\u00f3b nasi klienci korzystaj\u0105 ze Strony. Wi\u0119cej informacji o tym, jak Google wykorzystuje Twoje dane osobowe, mo\u017cesz przeczyta\u0107 tutaj:\u00a0 <strong><a class=\"link-bJL8ai\" href=\"https:\/\/www.google.com\/intl\/en\/policies\/privacy\/\" target=\"_blank\" rel=\"noopener nofollow\">https:\/\/www.google.com  \/pl\/pl\/polityki\/prywatno\u015b\u0107\/<\/a>.<\/strong> Mo\u017cesz r\u00f3wnie\u017c zrezygnowa\u0107 z Google Analytics tutaj: <strong><a class=\"link-bJL8ai\" href=\"https:\/\/tools.google.com\/dlpage\/gaoptout\" target=\"_blank\" rel=\"noopener nofollow\">https:\/\/tools.google.com  \/dlpage\/gaoptout<\/a>.<\/strong><\/li><li>Dzielimy si\u0119 informacjami na temat korzystania ze Strony, zakup\u00f3w i interakcji z naszymi reklamami na innych stronach internetowych z naszymi partnerami reklamowymi. Gromadzimy i udost\u0119pniamy niekt\u00f3re z tych informacji bezpo\u015brednio naszym partnerom reklamowym, a w niekt\u00f3rych przypadkach za pomoc\u0105 plik\u00f3w cookie lub innych podobnych technologii (na kt\u00f3re mo\u017cesz wyrazi\u0107 zgod\u0119 w zale\u017cno\u015bci od lokalizacji).<\/li><li>Aby uzyska\u0107 wi\u0119cej informacji na temat funkcjonowania ukierunkowanej reklamy, mo\u017cesz odwiedzi\u0107 stron\u0119 edukacyjn\u0105 Network Advertising Initiative (\u201eNAI\u201d) pod adresem:\u00a0<strong><a class=\"link-bJL8ai\" href=\"https:\/\/www.networkadvertising.org\/understanding-online-advertising\/how-does-it-work\" target=\"_blank\" rel=\"noopener nofollow\">https:\/\/www.networkadvertising.org  \/zrozumienie-reklamy-online\/jak-to-dzia\u0142a<\/a>.<\/strong><\/li><\/ul><h3 class=\"header-iWP5WJ auto-hide-last-sibling-br\"><span style=\"color: #000000;\"><strong>Korzystanie z danych osobowych<\/strong><\/span><\/h3><div class=\"auto-hide-last-sibling-br paragraph-pP9ZLC paragraph-element br-paragraph-space\">U\u017cywamy Twoich danych osobowych do \u015bwiadczenia Ci naszych us\u0142ug, kt\u00f3re obejmuj\u0105: oferowanie produkt\u00f3w na sprzeda\u017c, przetwarzanie p\u0142atno\u015bci, wysy\u0142k\u0119 i realizacj\u0119 zam\u00f3wienia oraz informowanie Ci\u0119 o nowych produktach, us\u0142ugach i ofertach.<\/div><h3 class=\"header-iWP5WJ auto-hide-last-sibling-br\"><span style=\"color: #000000;\"><strong>Podstawa prawna<\/strong><\/span><\/h3><div class=\"auto-hide-last-sibling-br paragraph-pP9ZLC paragraph-element br-paragraph-space\">Zgodnie z og\u00f3lnym rozporz\u0105dzeniem o ochronie danych (\u201eRODO\u201d), je\u015bli jeste\u015b rezydentem Europejskiego Obszaru Gospodarczego (\u201eEOG\u201d), przetwarzamy Twoje dane osobowe na nast\u0119puj\u0105cych podstawach prawnych:<\/div><ol class=\"auto-hide-last-sibling-br\"><li>Twoja zgoda;<\/li><li>Wykonanie umowy mi\u0119dzy Tob\u0105 a Stron\u0105;<\/li><li>zgodno\u015b\u0107 z naszymi obowi\u0105zkami prawnymi;<\/li><li>Aby chroni\u0107 swoje wa\u017cne interesy;<\/li><li>Wykonanie zadania wykonywanego w interesie publicznym;<\/li><li>Dla naszych uzasadnionych interes\u00f3w, kt\u00f3re nie przewa\u017caj\u0105 nad Twoimi podstawowymi prawami i wolno\u015bciami.<\/li><\/ol><h3 class=\"header-iWP5WJ auto-hide-last-sibling-br\"><span style=\"color: #000000;\"><strong>Zachowywanie<\/strong><\/span><\/h3><div class=\"auto-hide-last-sibling-br paragraph-pP9ZLC paragraph-element br-paragraph-space\">Gdy z\u0142o\u017cysz zam\u00f3wienie za po\u015brednictwem Strony internetowej, b\u0119dziemy przechowywa\u0107 Twoje dane osobowe do naszych rejestr\u00f3w, chyba \u017ce i dop\u00f3ki nie poprosisz nas o usuni\u0119cie tych informacji. Aby uzyska\u0107 wi\u0119cej informacji na temat prawa do usuni\u0119cia, zobacz poni\u017csz\u0105 sekcj\u0119 \u201eTwoje prawa\u201d.<\/div><h3 class=\"header-iWP5WJ auto-hide-last-sibling-br\"><span style=\"color: #000000;\"><strong>Twoje prawa<\/strong><\/span><\/h3><p class=\"header-iWP5WJ auto-hide-last-sibling-br\"><strong>Dla mieszka\u0144c\u00f3w EOG<\/strong><\/p><div class=\"auto-hide-last-sibling-br paragraph-pP9ZLC paragraph-element br-paragraph-space\">Je\u015bli jeste\u015b mieszka\u0144cem EOG, masz prawo dost\u0119pu do danych osobowych, kt\u00f3re przechowujemy na Twoim temat, przeniesienia ich do nowej us\u0142ugi oraz \u017c\u0105dania poprawy, aktualizacji lub usuni\u0119cia Twoich danych osobowych. Je\u015bli chcesz skorzysta\u0107 z tych praw, skontaktuj si\u0119 z nami poprzez powy\u017csze dane kontaktowe. Twoje dane osobowe b\u0119d\u0105 pocz\u0105tkowo przetwarzane w Irlandii, a nast\u0119pnie przekazywane poza Europ\u0105 w celu przechowywania i dalszego przetwarzania, w tym do Kanady i Stan\u00f3w Zjednoczonych.<\/div><p class=\"header-iWP5WJ auto-hide-last-sibling-br\"><strong>Dla mieszka\u0144c\u00f3w Kalifornii (CCPA)<\/strong><\/p><div class=\"auto-hide-last-sibling-br paragraph-pP9ZLC paragraph-element br-paragraph-space\">Je\u015bli mieszkasz w Kalifornii, masz prawo dost\u0119pu do danych osobowych, kt\u00f3re przechowujemy na Twoim temat (zwanych r\u00f3wnie\u017c \u201eprawem do wiedzy\u201d), do przeniesienia ich do nowej us\u0142ugi oraz do \u017c\u0105dania poprawy, aktualizacji lub usuni\u0119cia Twoich danych osobowych. Je\u015bli chcesz skorzysta\u0107 z tych praw, skontaktuj si\u0119 z nami poprzez powy\u017csze dane kontaktowe. Je\u015bli chcesz wyznaczy\u0107 upowa\u017cnionego przedstawiciela do sk\u0142adania tych wniosk\u00f3w w Twoim imieniu, skontaktuj si\u0119 z nami pod powy\u017cszym adresem.<\/div><h3 class=\"header-iWP5WJ auto-hide-last-sibling-br\"><span style=\"color: #000000;\"><strong>Pliki cookie<\/strong><\/span><\/h3><div class=\"auto-hide-last-sibling-br paragraph-pP9ZLC paragraph-element br-paragraph-space\">Plik cookie to niewielka ilo\u015b\u0107 informacji, kt\u00f3ra jest pobierana na Tw\u00f3j komputer lub urz\u0105dzenie podczas odwiedzania naszej Strony. U\u017cywamy r\u00f3\u017cnych plik\u00f3w cookie, w tym plik\u00f3w cookie funkcjonalnych, wydajno\u015bci, reklamowych oraz plik\u00f3w cookie medi\u00f3w spo\u0142eczno\u015bciowych lub tre\u015bci. Pliki cookie poprawiaj\u0105 Twoje przegl\u0105danie, umo\u017cliwiaj\u0105c stronie internetowej zapami\u0119tanie Twoich dzia\u0142a\u0144 i preferencji (takich jak logowanie i wyb\u00f3r regionu). Oznacza to, \u017ce nie musisz ponownie wprowadza\u0107 tych informacji za ka\u017cdym razem, gdy wracasz do witryny lub przegl\u0105dasz z jednej strony na drug\u0105. Pliki cookie zapewniaj\u0105 r\u00f3wnie\u017c informacje na temat tego, jak ludzie korzystaj\u0105 z witryny, na przyk\u0142ad czy jest to ich pierwsza wizyta lub czy s\u0105 cz\u0119stym odwiedzaj\u0105cym.<\/div><div class=\"auto-hide-last-sibling-br paragraph-pP9ZLC paragraph-element br-paragraph-space\">U\u017cywamy nast\u0119puj\u0105cych plik\u00f3w cookie, aby zoptymalizowa\u0107 Twoje do\u015bwiadczenie na naszej Stronie i \u015bwiadczy\u0107 nasze us\u0142ugi. D\u0142ugo\u015b\u0107 trwania pliku cookie na komputerze lub urz\u0105dzeniu mobilnym zale\u017cy od tego, czy jest to plik cookie \u201etrwa\u0142y\u201d lub \u201esesyjny\u201d. Pliki cookie sesyjne trwaj\u0105 a\u017c do czasu zaprzestania przegl\u0105dania, a pliki cookie trwa\u0142e trwaj\u0105 a\u017c do czasu wyga\u015bni\u0119cia lub usuni\u0119cia. Wi\u0119kszo\u015b\u0107 u\u017cywanych przez nas plik\u00f3w cookie jest trwa\u0142a i wygasa od 30 minut do dw\u00f3ch lat od daty ich pobrania na urz\u0105dzenie. Mo\u017cesz kontrolowa\u0107 i zarz\u0105dza\u0107 plikami cookie na r\u00f3\u017cne sposoby. Nale\u017cy pami\u0119ta\u0107, \u017ce usuwanie lub blokowanie plik\u00f3w cookie mo\u017ce mie\u0107 negatywny wp\u0142yw na do\u015bwiadczenie u\u017cytkownika, a cz\u0119\u015bci naszej strony internetowej mog\u0105 nie by\u0107 ju\u017c w pe\u0142ni dost\u0119pne.<\/div><div class=\"auto-hide-last-sibling-br paragraph-pP9ZLC paragraph-element br-paragraph-space\">Wi\u0119kszo\u015b\u0107 przegl\u0105darek automatycznie akceptuje pliki cookie, ale mo\u017cesz wybra\u0107, czy akceptowa\u0107 pliki cookie za po\u015brednictwem element\u00f3w sterowania przegl\u0105darki, cz\u0119sto znajduj\u0105cych si\u0119 w menu \u201eNarz\u0119dzia\u201d lub \u201ePreferencje\u201d przegl\u0105darki. Wi\u0119cej informacji na temat modyfikacji ustawie\u0144 przegl\u0105darki lub blokowania, zarz\u0105dzania lub filtrowania plik\u00f3w cookie mo\u017cna znale\u017a\u0107 w pliku pomocy przegl\u0105darki lub na takich stronach jak:\u00a0<strong><a class=\"link-bJL8ai\" href=\"https:\/\/www.allaboutcookies.org\/\" target=\"_blank\" rel=\"noopener nofollow\">www.allaboutcookies.org<\/a>.<\/strong><\/div><h3 class=\"header-iWP5WJ auto-hide-last-sibling-br\"><span style=\"color: #000000;\"><strong>Nie \u015bledz<\/strong><\/span><\/h3><div class=\"auto-hide-last-sibling-br paragraph-pP9ZLC paragraph-element br-paragraph-space\">Nale\u017cy pami\u0119ta\u0107, \u017ce poniewa\u017c nie ma sp\u00f3jnego zrozumienia bran\u017cowego, jak reagowa\u0107 na sygna\u0142y \u201eNie \u015bledz\u201d, nie zmieniamy naszych praktyk gromadzenia i u\u017cywania danych, gdy wykrywamy taki sygna\u0142 z przegl\u0105darki.<\/div><h3 class=\"header-iWP5WJ auto-hide-last-sibling-br\"><span style=\"color: #000000;\"><strong>Zmiany<\/strong><\/span><\/h3><div class=\"auto-hide-last-sibling-br paragraph-pP9ZLC paragraph-element br-paragraph-space\">Mo\u017cemy aktualizowa\u0107 niniejsz\u0105 Polityk\u0119 prywatno\u015bci od czasu do czasu, aby odzwierciedla\u0107 na przyk\u0142ad zmiany w naszych praktykach lub z innych powod\u00f3w operacyjnych, prawnych lub regulacyjnych.<\/div><div class=\"auto-hide-last-sibling-br paragraph-pP9ZLC paragraph-element br-paragraph-space\"><strong>Ostatnia aktualizacja<\/strong>: 11-26-2025<\/div>\t\t\t\t\t\t\t\t<\/div>\n\t\t\t\t\t<\/div>\n\t\t<\/div>\n\t\t\t\t\t<\/div>\n\t\t<\/section>\n\t\t\t\t\t<\/div>\n\t\t<\/div>\n\t\t\t\t\t<\/div>\n\t\t<\/section>\n\t\t\t\t<\/div>","protected":false},"excerpt":{"rendered":"<p>Privacy Policy This Privacy Policy describes how\u00a0www.mikenda.com\u00a0(the \u201cSite\u201d or \u201cwe\u201d) collects, uses, and discloses your Personal Information when you visit or make a purchase from the Site. Contact After reviewing this policy, if you have additional questions, want more information about our privacy practices, or would like to make a complaint, please contact us by [&hellip;]<\/p>\n","protected":false},"author":1,"featured_media":0,"parent":0,"menu_order":0,"comment_status":"closed","ping_status":"closed","template":"elementor_header_footer","meta":{"footnotes":""},"class_list":["post-3","page","type-page","status-publish","hentry"],"_links":{"self":[{"href":"https:\/\/www.mikendalife.com\/pl\/wp-json\/wp\/v2\/pages\/3","targetHints":{"allow":["GET"]}}],"collection":[{"href":"https:\/\/www.mikendalife.com\/pl\/wp-json\/wp\/v2\/pages"}],"about":[{"href":"https:\/\/www.mikendalife.com\/pl\/wp-json\/wp\/v2\/types\/page"}],"author":[{"embeddable":true,"href":"https:\/\/www.mikendalife.com\/pl\/wp-json\/wp\/v2\/users\/1"}],"replies":[{"embeddable":true,"href":"https:\/\/www.mikendalife.com\/pl\/wp-json\/wp\/v2\/comments?post=3"}],"version-history":[{"count":32,"href":"https:\/\/www.mikendalife.com\/pl\/wp-json\/wp\/v2\/pages\/3\/revisions"}],"predecessor-version":[{"id":6496,"href":"https:\/\/www.mikendalife.com\/pl\/wp-json\/wp\/v2\/pages\/3\/revisions\/6496"}],"wp:attachment":[{"href":"https:\/\/www.mikendalife.com\/pl\/wp-json\/wp\/v2\/media?parent=3"}],"curies":[{"name":"wp","href":"https:\/\/api.w.org\/{rel}","templated":true}]}}