{"id":4292,"date":"2025-11-27T10:44:59","date_gmt":"2025-11-27T02:44:59","guid":{"rendered":"https:\/\/www.mikendalife.com\/?page_id=4292"},"modified":"2026-02-09T17:36:48","modified_gmt":"2026-02-09T09:36:48","slug":"shipping-policy","status":"publish","type":"page","link":"https:\/\/www.mikendalife.com\/nl\/shipping-policy\/","title":{"rendered":"Verzendingsbeleid"},"content":{"rendered":"<div data-elementor-type=\"wp-page\" data-elementor-id=\"4292\" class=\"elementor elementor-4292\" data-elementor-post-type=\"page\">\n\t\t\t\t\t\t<section class=\"elementor-section elementor-top-section elementor-element elementor-element-718e64f elementor-section-full_width elementor-section-height-default elementor-section-height-default\" data-id=\"718e64f\" data-element_type=\"section\" data-e-type=\"section\">\n\t\t\t\t\t\t<div class=\"elementor-container elementor-column-gap-default\">\n\t\t\t\t\t<div class=\"elementor-column elementor-col-100 elementor-top-column elementor-element elementor-element-421524f\" data-id=\"421524f\" data-element_type=\"column\" data-e-type=\"column\">\n\t\t\t<div class=\"elementor-widget-wrap elementor-element-populated\">\n\t\t\t\t\t\t<section class=\"elementor-section elementor-inner-section elementor-element elementor-element-d76ea9c elementor-section-boxed elementor-section-height-default elementor-section-height-default\" data-id=\"d76ea9c\" data-element_type=\"section\" data-e-type=\"section\" data-settings=\"{&quot;animation&quot;:&quot;none&quot;}\">\n\t\t\t\t\t\t<div class=\"elementor-container elementor-column-gap-default\">\n\t\t\t\t\t<div class=\"elementor-column elementor-col-100 elementor-inner-column elementor-element elementor-element-ff8cb0d\" data-id=\"ff8cb0d\" data-element_type=\"column\" data-e-type=\"column\" data-settings=\"{&quot;background_background&quot;:&quot;classic&quot;}\">\n\t\t\t<div class=\"elementor-widget-wrap elementor-element-populated\">\n\t\t\t\t\t\t<div class=\"elementor-element elementor-element-a4870f9 elementor-widget elementor-widget-woocommerce-breadcrumb\" data-id=\"a4870f9\" data-element_type=\"widget\" data-e-type=\"widget\" data-widget_type=\"woocommerce-breadcrumb.default\">\n\t\t\t\t\t<nav class=\"woocommerce-breadcrumb\" aria-label=\"Breadcrumb\" data-no-translation=\"\" data-trp-gettext=\"\">\u9996\u9875<\/nav>\t\t\t\t<\/div>\n\t\t\t\t<div class=\"elementor-element elementor-element-6bba088 elementor-widget elementor-widget-heading\" data-id=\"6bba088\" data-element_type=\"widget\" data-e-type=\"widget\" data-widget_type=\"heading.default\">\n\t\t\t\t\t<h1 class=\"elementor-heading-title elementor-size-default\">Verzendingsbeleid<\/h1>\t\t\t\t<\/div>\n\t\t\t\t<div class=\"elementor-element elementor-element-35ea554 elementor-widget-divider--view-line elementor-widget elementor-widget-divider\" data-id=\"35ea554\" data-element_type=\"widget\" data-e-type=\"widget\" data-widget_type=\"divider.default\">\n\t\t\t\t\t\t\t<div class=\"elementor-divider\">\n\t\t\t<span class=\"elementor-divider-separator\">\n\t\t\t\t\t\t<\/span>\n\t\t<\/div>\n\t\t\t\t\t\t<\/div>\n\t\t\t\t<div class=\"elementor-element elementor-element-118ae29 elementor-widget elementor-widget-text-editor\" data-id=\"118ae29\" data-element_type=\"widget\" data-e-type=\"widget\" data-widget_type=\"text-editor.default\">\n\t\t\t\t\t\t\t\t\t<h3><span style=\"color: #000000;\"><strong>Verzendtijd<\/strong><\/span><\/h3><p>Wij bieden verschillende verzenddiensten aan. Hieronder staan de geschatte levertijden voor onze producten.<\/p><table border=\"1\" align=\"center\"><tbody><tr><td>Verzendingsmethode<\/td><td>Regio<\/td><td>Levertijd<\/td><td>Bestelbewerkingstijd<\/td><td>Bestellen 0 \u2013 44.99$ Verzendkosten<\/td><td>Bestel 45$ Verzendkosten<\/td><\/tr><tr><td>Yanwen express<\/td><td>Verenigde Staten<\/td><td>10 \u2013 15 werkdagen<\/td><td>2 werkdagen<\/td><td>7$<\/td><td>Gratis verzending<\/td><\/tr><tr><td>Yanwen express<\/td><td>Amerikaans Samoa, Staat Hawaii, Noordelijke Mariana-eilanden, Palau, Puerto Rico, Amerikaanse Maagdeneilanden, Amerikaans leger (Amerika), Amerikaans leger (Europa), Amerikaans leger (Stille Oceaan)<\/td><td>10 \u2013 15 werkdagen<\/td><td>2 werkdagen<\/td><td>11$<\/td><td>6$<\/td><\/tr><tr><td>Yanwen express<\/td><td>Mexico, Australi\u00eb, Marshall-eilanden, Algerije, Ascensie-eiland, Egypte, Ethiopi\u00eb, Angola, Benin, Botswana, Burkina Faso, Burundi, Equatoriaal-Guinee, Togo, Eritrea, Franse zuidelijke gebieden, Kaapverdi\u00eb, Gambia, Congo, Democratische Republiek Congo, Djibouti, Guinee, Guinee-Bissau, Ghana, Gabon, Zimbabwe, Kameroen, Comoren C\u00f4te d&#8217; Ivoor, Kenia, Lesotho, Liberia, Libi\u00eb, R\u00e9union, Rwanda, Madagaskar, Malawi, Mali, Mayotte, Mauritius, Marokko, Mauritani\u00eb, Mozambique, Namibi\u00eb, Zuid-Afrika, Niger, Nigeria, Sierra Leone, Senegal, Seychellen, S\u00e3o Tom\u00e9 en Pr\u00edncipe, Sint Helena, Swaziland, Soedan, Somali\u00eb. Tanzania, Tristan da Cunha, Tunesi\u00eb, Oeganda, Westelijke Sahara, Zambia, Tsjad, Centraal-Afrikaanse Republiek, Ierland, Nederland, Noorwegen, Cyprus, Hongarije, Oman, Bahrein, Qatar, Saoedi-Arabi\u00eb, Sri Lanka, Turkije, Isra\u00ebl, India.<\/td><td>10 \u2013 15 werkdagen<\/td><td>2 werkdagen<\/td><td>11$<\/td><td>6$<\/td><\/tr><tr><td>Yanwen express<\/td><td>Guam, Verenigde Staten, IJsland, Gabon, Gibraltar<\/td><td>10 \u2013 15 werkdagen<\/td><td>2 werkdagen<\/td><td>32$<\/td><td>26$<\/td><\/tr><\/tbody><\/table><h3><span style=\"color: #000000;\"><strong>Tips<\/strong>:<\/span><\/h3><p>Aangepaste product neemt langer tijd om te voltooien dan standaardproduct. Het wordt meestal binnen 7 werkdagen voltooid. We bieden ook een premium aanpassingsservice waarmee de aanpassing binnen 3 werkdagen kan worden voltooid. De uiteindelijke geschatte levertijd is gelijk aan de verwerkingstijd van het product plus de verzendtijd.<\/p><h3><span style=\"color: #000000;\"><strong>Betaalmethoden:<\/strong><\/span><\/h3><p>Paypal, Lianlian, Paiying, Zelle, Alipay<\/p><h3><span style=\"color: #000000;\"><strong>Verzendkosten<\/strong><\/span><\/h3><p>Als uw bestelling meer dan $ 44,99 bedraagt, bieden we u gratis verzending aan (behalve voor bestemmingen in Alaska en Hawaii). U kunt ook de levertijd van uw product verbeteren met versnelde verzending of premium aanpassingsdiensten. Maar u moet de extra kosten dekken. Verzendkosten worden berekend en weergegeven bij de kassa als u voor extra verzenddiensten kiest.<\/p><h3><span style=\"color: #000000;\"><strong>Bestellingen volgen<\/strong><\/span><\/h3><p>Een bestelbevestiging wordt naar uw e-mailadres verzonden nadat u uw bestelling hebt geplaatst. U krijgt ook een trackingnummer wanneer de bestelling wordt verzonden. Klik op\u00a0<u>Bestellingen volgen<\/u>\u00a0link onderaan onze website en voer uw trackingnummer in om de status van uw zending te controleren.<\/p><h3>\ud83d\udce3<span style=\"color: #000000;\"><strong> Belangrijke kennisgeving voor pre-orders:<\/strong><\/span><\/h3><p>Houd er rekening mee dat de verzendtijd voor pre-sale producten niet is opgenomen in de standaard verzendschattingen. Pre-sale items zijn gepland om binnen 15-20 dagen na de datum van bestelling te worden verzonden. Let op dit bij het overwegen van de leveringstijdlijn.<\/p><h3><span style=\"color: #000000;\"><strong>Opmerking:<\/strong><\/span><\/h3><p>U kunt verantwoordelijk zijn voor invoerrechten en belastingen op uw bestelling volgens de regels van uw landen of regio's.<\/p><p>Af en toe kunnen er vertragingen in het logistieke proces optreden als gevolg van onvoorziene omstandigheden.<\/p>\t\t\t\t\t\t\t\t<\/div>\n\t\t\t\t\t<\/div>\n\t\t<\/div>\n\t\t\t\t\t<\/div>\n\t\t<\/section>\n\t\t\t\t\t<\/div>\n\t\t<\/div>\n\t\t\t\t\t<\/div>\n\t\t<\/section>\n\t\t\t\t<\/div>","protected":false},"excerpt":{"rendered":"<p>Shipping policy Shipping Time We offer different shipping services. Below are the estimated delivery times for our products. Shipping method Region Delivery Time Order Processing Time Order 0 \u2013 44.99$ Shipping Fee Order 45$+ Shipping Fee Yanwen\u00a0 express USA 10 \u2013 15 Business days 2 Business days 7$ Free Shipping Yanwen\u00a0 express American Samoa, State [&hellip;]<\/p>\n","protected":false},"author":1,"featured_media":0,"parent":0,"menu_order":0,"comment_status":"closed","ping_status":"closed","template":"elementor_header_footer","meta":{"footnotes":""},"class_list":["post-4292","page","type-page","status-publish","hentry"],"_links":{"self":[{"href":"https:\/\/www.mikendalife.com\/nl\/wp-json\/wp\/v2\/pages\/4292","targetHints":{"allow":["GET"]}}],"collection":[{"href":"https:\/\/www.mikendalife.com\/nl\/wp-json\/wp\/v2\/pages"}],"about":[{"href":"https:\/\/www.mikendalife.com\/nl\/wp-json\/wp\/v2\/types\/page"}],"author":[{"embeddable":true,"href":"https:\/\/www.mikendalife.com\/nl\/wp-json\/wp\/v2\/users\/1"}],"replies":[{"embeddable":true,"href":"https:\/\/www.mikendalife.com\/nl\/wp-json\/wp\/v2\/comments?post=4292"}],"version-history":[{"count":38,"href":"https:\/\/www.mikendalife.com\/nl\/wp-json\/wp\/v2\/pages\/4292\/revisions"}],"predecessor-version":[{"id":6413,"href":"https:\/\/www.mikendalife.com\/nl\/wp-json\/wp\/v2\/pages\/4292\/revisions\/6413"}],"wp:attachment":[{"href":"https:\/\/www.mikendalife.com\/nl\/wp-json\/wp\/v2\/media?parent=4292"}],"curies":[{"name":"wp","href":"https:\/\/api.w.org\/{rel}","templated":true}]}}