{"id":5229,"date":"2026-01-09T10:40:59","date_gmt":"2026-01-09T02:40:59","guid":{"rendered":"https:\/\/www.mikendalife.com\/?post_type=product&#038;p=5229"},"modified":"2026-03-18T17:12:28","modified_gmt":"2026-03-18T09:12:28","slug":"40oz-pink-christmas-tree-insulated-tumbler-with-handle","status":"publish","type":"product","link":"https:\/\/www.mikendalife.com\/fr\/40oz-pink-christmas-tree-insulated-tumbler-with-handle\/","title":{"rendered":"40oz rose arbre de No\u00ebl vase isol\u00e9 avec poign\u00e9e"},"content":{"rendered":"","protected":false},"excerpt":{"rendered":"","protected":false},"featured_media":5230,"comment_status":"open","ping_status":"closed","template":"","meta":[],"product_brand":[],"product_cat":[15,54,51,44,45,46],"product_tag":[],"class_list":{"0":"post-5229","1":"product","2":"type-product","3":"status-publish","4":"has-post-thumbnail","6":"product_cat-shop-all","7":"product_cat-features","8":"product_cat-carrying-handle","9":"product_cat-best-sellers","10":"product_cat-customize","11":"product_cat-new-arrivals","13":"first","14":"instock","15":"shipping-taxable","16":"purchasable","17":"product-type-variable"},"acf":{"photo_gallery":{"\u989c\u8272":[[{"id":4982,"title":"color7","caption":"","full_image_url":"https:\/\/www.mikendalife.com\/wp-content\/uploads\/2025\/12\/color7.webp","thumbnail_image_url":"https:\/\/www.mikendalife.com\/wp-content\/uploads\/2025\/12\/color7.webp","large_srcset":"https:\/\/www.mikendalife.com\/wp-content\/uploads\/2025\/12\/color7.webp 100w, https:\/\/www.mikendalife.com\/wp-content\/uploads\/2025\/12\/color7-50x50.webp 50w","medium_srcset":"https:\/\/www.mikendalife.com\/wp-content\/uploads\/2025\/12\/color7.webp 100w, https:\/\/www.mikendalife.com\/wp-content\/uploads\/2025\/12\/color7-50x50.webp 50w","media_details":{"width":100,"height":100,"sizes":{"variation_swatches_image_size":{"file":"color7-50x50.webp","width":50,"height":50,"mime-type":"image\/webp","filesize":916,"source_url":"https:\/\/www.mikendalife.com\/wp-content\/uploads\/2025\/12\/color7-50x50.webp"}}},"alt_text":"color7","url":"","target":""}]]}},"_links":{"self":[{"href":"https:\/\/www.mikendalife.com\/fr\/wp-json\/wp\/v2\/product\/5229","targetHints":{"allow":["GET"]}}],"collection":[{"href":"https:\/\/www.mikendalife.com\/fr\/wp-json\/wp\/v2\/product"}],"about":[{"href":"https:\/\/www.mikendalife.com\/fr\/wp-json\/wp\/v2\/types\/product"}],"replies":[{"embeddable":true,"href":"https:\/\/www.mikendalife.com\/fr\/wp-json\/wp\/v2\/comments?post=5229"}],"wp:featuredmedia":[{"embeddable":true,"href":"https:\/\/www.mikendalife.com\/fr\/wp-json\/wp\/v2\/media\/5230"}],"wp:attachment":[{"href":"https:\/\/www.mikendalife.com\/fr\/wp-json\/wp\/v2\/media?parent=5229"}],"wp:term":[{"taxonomy":"product_brand","embeddable":true,"href":"https:\/\/www.mikendalife.com\/fr\/wp-json\/wp\/v2\/product_brand?post=5229"},{"taxonomy":"product_cat","embeddable":true,"href":"https:\/\/www.mikendalife.com\/fr\/wp-json\/wp\/v2\/product_cat?post=5229"},{"taxonomy":"product_tag","embeddable":true,"href":"https:\/\/www.mikendalife.com\/fr\/wp-json\/wp\/v2\/product_tag?post=5229"}],"curies":[{"name":"wp","href":"https:\/\/api.w.org\/{rel}","templated":true}]}}