{"id":4310,"date":"2025-11-27T11:43:50","date_gmt":"2025-11-27T03:43:50","guid":{"rendered":"https:\/\/www.mikendalife.com\/?page_id=4310"},"modified":"2026-02-11T12:24:22","modified_gmt":"2026-02-11T04:24:22","slug":"payment-methods","status":"publish","type":"page","link":"https:\/\/www.mikendalife.com\/fr\/payment-methods\/","title":{"rendered":"M\u00e9thodes de paiement"},"content":{"rendered":"<div data-elementor-type=\"wp-page\" data-elementor-id=\"4310\" class=\"elementor elementor-4310\" data-elementor-post-type=\"page\">\n\t\t\t\t\t\t<section class=\"elementor-section elementor-top-section elementor-element elementor-element-0cb5902 elementor-section-full_width elementor-section-height-default elementor-section-height-default\" data-id=\"0cb5902\" data-element_type=\"section\" data-e-type=\"section\">\n\t\t\t\t\t\t<div class=\"elementor-container elementor-column-gap-default\">\n\t\t\t\t\t<div class=\"elementor-column elementor-col-100 elementor-top-column elementor-element elementor-element-2bb159c\" data-id=\"2bb159c\" data-element_type=\"column\" data-e-type=\"column\">\n\t\t\t<div class=\"elementor-widget-wrap elementor-element-populated\">\n\t\t\t\t\t\t<section class=\"elementor-section elementor-inner-section elementor-element elementor-element-8bd3f15 elementor-section-boxed elementor-section-height-default elementor-section-height-default\" data-id=\"8bd3f15\" data-element_type=\"section\" data-e-type=\"section\" data-settings=\"{&quot;animation&quot;:&quot;none&quot;}\">\n\t\t\t\t\t\t<div class=\"elementor-container elementor-column-gap-default\">\n\t\t\t\t\t<div class=\"elementor-column elementor-col-100 elementor-inner-column elementor-element elementor-element-eeaf169\" data-id=\"eeaf169\" data-element_type=\"column\" data-e-type=\"column\" data-settings=\"{&quot;background_background&quot;:&quot;classic&quot;}\">\n\t\t\t<div class=\"elementor-widget-wrap elementor-element-populated\">\n\t\t\t\t\t\t<div class=\"elementor-element elementor-element-4fb0134 elementor-widget elementor-widget-woocommerce-breadcrumb\" data-id=\"4fb0134\" data-element_type=\"widget\" data-e-type=\"widget\" data-widget_type=\"woocommerce-breadcrumb.default\">\n\t\t\t\t\t<nav class=\"woocommerce-breadcrumb\" aria-label=\"Breadcrumb\" data-no-translation=\"\" data-trp-gettext=\"\">\u9996\u9875<\/nav>\t\t\t\t<\/div>\n\t\t\t\t<div class=\"elementor-element elementor-element-0679e2c elementor-widget elementor-widget-heading\" data-id=\"0679e2c\" data-element_type=\"widget\" data-e-type=\"widget\" data-widget_type=\"heading.default\">\n\t\t\t\t\t<h1 class=\"elementor-heading-title elementor-size-default\">M\u00e9thodes de paiement<\/h1>\t\t\t\t<\/div>\n\t\t\t\t<div class=\"elementor-element elementor-element-3edb29a elementor-widget-divider--view-line elementor-widget elementor-widget-divider\" data-id=\"3edb29a\" data-element_type=\"widget\" data-e-type=\"widget\" data-widget_type=\"divider.default\">\n\t\t\t\t\t\t\t<div class=\"elementor-divider\">\n\t\t\t<span class=\"elementor-divider-separator\">\n\t\t\t\t\t\t<\/span>\n\t\t<\/div>\n\t\t\t\t\t\t<\/div>\n\t\t\t\t<div class=\"elementor-element elementor-element-acdde12 elementor-widget elementor-widget-text-editor\" data-id=\"acdde12\" data-element_type=\"widget\" data-e-type=\"widget\" data-widget_type=\"text-editor.default\">\n\t\t\t\t\t\t\t\t\t<div class=\"auto-hide-last-sibling-br paragraph-pP9ZLC paragraph-element br-paragraph-space\">Mikenda prend en charge les m\u00e9thodes de paiement suivantes:<\/div><h3 class=\"header-iWP5WJ auto-hide-last-sibling-br\"><span style=\"color: #000000;\"><strong>1. Paypal<\/strong><\/span><\/h3><div class=\"auto-hide-last-sibling-br paragraph-pP9ZLC paragraph-element br-paragraph-space\">PayPal est une m\u00e9thode de paiement en ligne s\u00e9curis\u00e9e et fiable avec les fonctionnalit\u00e9s suivantes:<\/div><ul class=\"auto-hide-last-sibling-br\"><li>Permet des paiements en ligne rapides et s\u00e9curis\u00e9s.<\/li><li>Aucun compte PayPal requis pour acheter: Cliquez sur\u00a0<strong>&#8220; Paier par carte de d\u00e9bit ou de cr\u00e9dit&#8221;<\/strong>\u00a0et vous serez redirig\u00e9 vers une page s\u00e9curis\u00e9e pour entrer vos d\u00e9tails de carte de cr\u00e9dit ou effectuer le paiement en toute s\u00e9curit\u00e9 via PayPal.<\/li><\/ul><div class=\"auto-hide-last-sibling-br paragraph-pP9ZLC paragraph-element br-paragraph-space\">Lorsque vous passez une commande en utilisant PayPal, vous serez redirig\u00e9 vers PayPal&#8217; page de paiement. Connectez-vous avec votre nom d'utilisateur et votre mot de passe PayPal pour confirmer le paiement.<\/div><h3 class=\"header-iWP5WJ auto-hide-last-sibling-br\"><span style=\"color: #000000;\"><strong>2. Paiement par mer<\/strong><\/span><\/h3><div class=\"auto-hide-last-sibling-br paragraph-pP9ZLC paragraph-element br-paragraph-space\">Ocean Payment prend en charge les marques de cartes suivantes :<\/div><ul class=\"auto-hide-last-sibling-br\"><li>Visa<\/li><li>carte Mastercard<\/li><li>l' American Express<\/li><li>D\u00e9couvrez<\/li><li>JCB<\/li><li>Le Diners Club<\/li><li>Ma\u00eetre<\/li><li>Union Pay<\/li><li>Visa Electron<\/li><li>\u94f6\u884c\u5361<\/li><\/ul><h3 class=\"header-iWP5WJ auto-hide-last-sibling-br\"><span style=\"color: #000000;\"><strong>En ce qui concerne le paiement<\/strong><\/span><\/h3><ol class=\"auto-hide-last-sibling-br\"><li><strong>Composition des frais de transaction<\/strong>Les frais de transaction comprennent le prix des biens\/services plus les taxes applicables. Le paiement sera per\u00e7u apr\u00e8s l'autorisation et le traitement r\u00e9ussis de l'achat.<\/li><li><strong>Note sur les frais de transaction \u00e9trang\u00e8re<\/strong>La banque \u00e9mettrice de votre carte de cr\u00e9dit peut imposer des frais de transaction \u00e9trang\u00e8re de\u00a0<strong>1-3% du montant total de la transaction<\/strong>.<br \/><ul class=\"auto-hide-last-sibling-br\"><li>Pour \u00e9viter les frais inutiles, veuillez v\u00e9rifier avec votre banque si votre carte encourt de tels frais, ou consulter les termes et conditions de votre carte de cr\u00e9dit. Certaines cartes peuvent \u00eatre exon\u00e9r\u00e9es de ces frais.<\/li><li>Si des frais de transaction \u00e9trang\u00e8re ont \u00e9t\u00e9 factur\u00e9s, veuillez contacter votre banque pour des questions.<\/li><\/ul><\/li><\/ol>\t\t\t\t\t\t\t\t<\/div>\n\t\t\t\t\t<\/div>\n\t\t<\/div>\n\t\t\t\t\t<\/div>\n\t\t<\/section>\n\t\t\t\t\t<\/div>\n\t\t<\/div>\n\t\t\t\t\t<\/div>\n\t\t<\/section>\n\t\t\t\t<\/div>","protected":false},"excerpt":{"rendered":"<p>Payment Methods Mikenda supports the following payment methods: 1. PayPal PayPal is a secure and trusted online payment method with the following features: Enables quick and secure online payments. No PayPal account required for shopping: Click on\u00a0&#8220;Pay with Debit or Credit Card&#8221;\u00a0and you will be redirected to a secure page to enter your credit card [&hellip;]<\/p>\n","protected":false},"author":1,"featured_media":0,"parent":0,"menu_order":0,"comment_status":"closed","ping_status":"closed","template":"elementor_header_footer","meta":{"footnotes":""},"class_list":["post-4310","page","type-page","status-publish","hentry"],"_links":{"self":[{"href":"https:\/\/www.mikendalife.com\/fr\/wp-json\/wp\/v2\/pages\/4310","targetHints":{"allow":["GET"]}}],"collection":[{"href":"https:\/\/www.mikendalife.com\/fr\/wp-json\/wp\/v2\/pages"}],"about":[{"href":"https:\/\/www.mikendalife.com\/fr\/wp-json\/wp\/v2\/types\/page"}],"author":[{"embeddable":true,"href":"https:\/\/www.mikendalife.com\/fr\/wp-json\/wp\/v2\/users\/1"}],"replies":[{"embeddable":true,"href":"https:\/\/www.mikendalife.com\/fr\/wp-json\/wp\/v2\/comments?post=4310"}],"version-history":[{"count":16,"href":"https:\/\/www.mikendalife.com\/fr\/wp-json\/wp\/v2\/pages\/4310\/revisions"}],"predecessor-version":[{"id":6462,"href":"https:\/\/www.mikendalife.com\/fr\/wp-json\/wp\/v2\/pages\/4310\/revisions\/6462"}],"wp:attachment":[{"href":"https:\/\/www.mikendalife.com\/fr\/wp-json\/wp\/v2\/media?parent=4310"}],"curies":[{"name":"wp","href":"https:\/\/api.w.org\/{rel}","templated":true}]}}