{"id":4292,"date":"2025-11-27T10:44:59","date_gmt":"2025-11-27T02:44:59","guid":{"rendered":"https:\/\/www.mikendalife.com\/?page_id=4292"},"modified":"2026-02-09T17:36:48","modified_gmt":"2026-02-09T09:36:48","slug":"shipping-policy","status":"publish","type":"page","link":"https:\/\/www.mikendalife.com\/fr\/shipping-policy\/","title":{"rendered":"Politique d'exp\u00e9dition"},"content":{"rendered":"<div data-elementor-type=\"wp-page\" data-elementor-id=\"4292\" class=\"elementor elementor-4292\" data-elementor-post-type=\"page\">\n\t\t\t\t\t\t<section class=\"elementor-section elementor-top-section elementor-element elementor-element-718e64f elementor-section-full_width elementor-section-height-default elementor-section-height-default\" data-id=\"718e64f\" data-element_type=\"section\" data-e-type=\"section\">\n\t\t\t\t\t\t<div class=\"elementor-container elementor-column-gap-default\">\n\t\t\t\t\t<div class=\"elementor-column elementor-col-100 elementor-top-column elementor-element elementor-element-421524f\" data-id=\"421524f\" data-element_type=\"column\" data-e-type=\"column\">\n\t\t\t<div class=\"elementor-widget-wrap elementor-element-populated\">\n\t\t\t\t\t\t<section class=\"elementor-section elementor-inner-section elementor-element elementor-element-d76ea9c elementor-section-boxed elementor-section-height-default elementor-section-height-default\" data-id=\"d76ea9c\" data-element_type=\"section\" data-e-type=\"section\" data-settings=\"{&quot;animation&quot;:&quot;none&quot;}\">\n\t\t\t\t\t\t<div class=\"elementor-container elementor-column-gap-default\">\n\t\t\t\t\t<div class=\"elementor-column elementor-col-100 elementor-inner-column elementor-element elementor-element-ff8cb0d\" data-id=\"ff8cb0d\" data-element_type=\"column\" data-e-type=\"column\" data-settings=\"{&quot;background_background&quot;:&quot;classic&quot;}\">\n\t\t\t<div class=\"elementor-widget-wrap elementor-element-populated\">\n\t\t\t\t\t\t<div class=\"elementor-element elementor-element-a4870f9 elementor-widget elementor-widget-woocommerce-breadcrumb\" data-id=\"a4870f9\" data-element_type=\"widget\" data-e-type=\"widget\" data-widget_type=\"woocommerce-breadcrumb.default\">\n\t\t\t\t\t<nav class=\"woocommerce-breadcrumb\" aria-label=\"Breadcrumb\" data-no-translation=\"\" data-trp-gettext=\"\">\u9996\u9875<\/nav>\t\t\t\t<\/div>\n\t\t\t\t<div class=\"elementor-element elementor-element-6bba088 elementor-widget elementor-widget-heading\" data-id=\"6bba088\" data-element_type=\"widget\" data-e-type=\"widget\" data-widget_type=\"heading.default\">\n\t\t\t\t\t<h1 class=\"elementor-heading-title elementor-size-default\">Politique d'exp\u00e9dition<\/h1>\t\t\t\t<\/div>\n\t\t\t\t<div class=\"elementor-element elementor-element-35ea554 elementor-widget-divider--view-line elementor-widget elementor-widget-divider\" data-id=\"35ea554\" data-element_type=\"widget\" data-e-type=\"widget\" data-widget_type=\"divider.default\">\n\t\t\t\t\t\t\t<div class=\"elementor-divider\">\n\t\t\t<span class=\"elementor-divider-separator\">\n\t\t\t\t\t\t<\/span>\n\t\t<\/div>\n\t\t\t\t\t\t<\/div>\n\t\t\t\t<div class=\"elementor-element elementor-element-118ae29 elementor-widget elementor-widget-text-editor\" data-id=\"118ae29\" data-element_type=\"widget\" data-e-type=\"widget\" data-widget_type=\"text-editor.default\">\n\t\t\t\t\t\t\t\t\t<h3><span style=\"color: #000000;\"><strong>Temps d'exp\u00e9dition<\/strong><\/span><\/h3><p>Nous offrons diff\u00e9rents services d'exp\u00e9dition. Vous trouverez ci-dessous les d\u00e9lais de livraison estim\u00e9s pour nos produits.<\/p><table border=\"1\" align=\"center\"><tbody><tr><td>M\u00e9thode d'exp\u00e9dition<\/td><td>R\u00e9gion<\/td><td>D\u00e9lai de livraison<\/td><td>Temps de traitement des commandes<\/td><td>Commande 0 \u2013 44.99$ Frais d'exp\u00e9dition<\/td><td>Commander 45$ Frais d'exp\u00e9dition<\/td><\/tr><tr><td>Yanwen express<\/td><td>\u00c9tats-Unis<\/td><td>10 \u2013 15 jours ouvrables<\/td><td>2 jours ouvrables<\/td><td>7$<\/td><td>Livraison gratuite<\/td><\/tr><tr><td>Yanwen express<\/td><td>Samoa am\u00e9ricaines, \u00c9tat d'Hawa\u00ef, \u00celes Marianes du Nord, Palaos, Porto Rico, \u00celes Vierges am\u00e9ricaines, Militaire am\u00e9ricain (Am\u00e9riques), Militaire am\u00e9ricain (Europe), Militaire am\u00e9ricain (Pacifique)<\/td><td>10 \u2013 15 jours ouvrables<\/td><td>2 jours ouvrables<\/td><td>11$<\/td><td>6$<\/td><\/tr><tr><td>Yanwen express<\/td><td>Mexique, Australie, \u00celes Marshall, Alg\u00e9rie, \u00cele de l'Ascension, \u00c9gypte, \u00c9thiopie, Angola, B\u00e9nin, Botswana, Burkina Faso, Burundi, Guin\u00e9e \u00e9quatoriale, Togo, \u00c9rythr\u00e9e, Territoires du Sud fran\u00e7ais, Cap-Vert, Gambie, Congo, R\u00e9publique d\u00e9mocratique du Congo, Djibouti, Guin\u00e9e, Guin\u00e9e-Bissau, Ghana, Gabon, Zimbabwe, Cameroun, Comores C\u00f4te d&#8217; Afrique du Sud, Ivoire, Kenya, Lesotho, Lib\u00e9ria, Libye, \u00cele de la R\u00e9union, Rwanda, Madagascar, Malawi, Mali, Mayotte, Maurice, Maroc, Mauritanie, Mozambique, Namibie, Niger, Nig\u00e9ria, Sierra Leone, S\u00e9n\u00e9gal, Seychelles, Sao Tom\u00e9-et-Principe, Sainte-H\u00e9l\u00e8ne, Soudan, Swaziland, Somalie. Tanzanie, Tristan da Cunha, Tunisie, Ouganda, Sahara occidental, Zambie, Tchad, R\u00e9publique centrafricaine, Irlande, Pays-Bas, Chypre, Hongrie, Oman, Bahre\u00efn, Qatar, Sri Lanka, Turquie, Isra\u00ebl, Inde.<\/td><td>10 \u2013 15 jours ouvrables<\/td><td>2 jours ouvrables<\/td><td>11$<\/td><td>6$<\/td><\/tr><tr><td>Yanwen express<\/td><td>Guam, \u00c9tats-Unis, Islande, Gabon, Gibraltar<\/td><td>10 \u2013 15 jours ouvrables<\/td><td>2 jours ouvrables<\/td><td>32$<\/td><td>26$<\/td><\/tr><\/tbody><\/table><h3><span style=\"color: #000000;\"><strong>Conseils<\/strong>:<\/span><\/h3><p>Le produit personnalis\u00e9 prend plus de temps \u00e0 compl\u00e9ter que le produit standard. Il est g\u00e9n\u00e9ralement termin\u00e9 dans les 7 jours ouvrables. Nous offrons \u00e9galement un service de personnalisation premium qui permet de personnaliser dans les 3 jours ouvrables. Le d\u00e9lai de livraison estim\u00e9 final est \u00e9gal au temps de traitement du produit plus le temps d'exp\u00e9dition.<\/p><h3><span style=\"color: #000000;\"><strong>M\u00e9thodes de paiement :<\/strong><\/span><\/h3><p>Paypal, Lianlian, Paiying, Zelle, Alipay<\/p><h3><span style=\"color: #000000;\"><strong>Co\u00fbt d'exp\u00e9dition<\/strong><\/span><\/h3><p>Si votre commande totalise plus de 44,99 $, nous vous offrirons la livraison gratuite (sauf pour les destinations en Alaska et Hawa\u00ef). Vous pouvez \u00e9galement anticiper le d\u00e9lai de livraison de vos produits avec des services d'exp\u00e9dition acc\u00e9l\u00e9r\u00e9e ou de personnalisation premium. Mais vous devez couvrir les frais suppl\u00e9mentaires encourus. Les frais d'exp\u00e9dition seront calcul\u00e9s et affich\u00e9s \u00e0 la caisse si vous choisissez des services d'exp\u00e9dition suppl\u00e9mentaires.<\/p><h3><span style=\"color: #000000;\"><strong>Suivi des commandes<\/strong><\/span><\/h3><p>Une confirmation de commande sera envoy\u00e9e \u00e0 votre adresse e-mail apr\u00e8s avoir pass\u00e9 votre commande. Vous recevrez \u00e9galement un num\u00e9ro de suivi lorsque la commande est exp\u00e9di\u00e9e. Cliquez\u00a0<u>Suivi des commandes<\/u>\u00a0lien en bas de notre site Web et entrez votre num\u00e9ro de suivi pour v\u00e9rifier l'\u00e9tat de votre envoi.<\/p><h3>\ud83d\udce3<span style=\"color: #000000;\"><strong> Avis important pour les pr\u00e9commandes :<\/strong><\/span><\/h3><p>Veuillez noter que le d\u00e9lai d'exp\u00e9dition des produits d'avant-vente n'est pas inclus dans les estimations d'exp\u00e9dition standard. Les articles de pr\u00e9-vente sont pr\u00e9vus pour \u00eatre exp\u00e9di\u00e9s dans les 15-20 jours suivant la date de la commande. Veuillez noter cela lors de l'examen du calendrier de livraison.<\/p><h3><span style=\"color: #000000;\"><strong>Note :<\/strong><\/span><\/h3><p>Vous pouvez \u00eatre responsable des droits d'importation et des taxes sur votre commande selon les r\u00e8gles de vos pays ou r\u00e9gions.<\/p><p>Il peut y avoir des retards occasionnels dans le processus logistique en raison de circonstances impr\u00e9vues.<\/p>\t\t\t\t\t\t\t\t<\/div>\n\t\t\t\t\t<\/div>\n\t\t<\/div>\n\t\t\t\t\t<\/div>\n\t\t<\/section>\n\t\t\t\t\t<\/div>\n\t\t<\/div>\n\t\t\t\t\t<\/div>\n\t\t<\/section>\n\t\t\t\t<\/div>","protected":false},"excerpt":{"rendered":"<p>Shipping policy Shipping Time We offer different shipping services. Below are the estimated delivery times for our products. Shipping method Region Delivery Time Order Processing Time Order 0 \u2013 44.99$ Shipping Fee Order 45$+ Shipping Fee Yanwen\u00a0 express USA 10 \u2013 15 Business days 2 Business days 7$ Free Shipping Yanwen\u00a0 express American Samoa, State [&hellip;]<\/p>\n","protected":false},"author":1,"featured_media":0,"parent":0,"menu_order":0,"comment_status":"closed","ping_status":"closed","template":"elementor_header_footer","meta":{"footnotes":""},"class_list":["post-4292","page","type-page","status-publish","hentry"],"_links":{"self":[{"href":"https:\/\/www.mikendalife.com\/fr\/wp-json\/wp\/v2\/pages\/4292","targetHints":{"allow":["GET"]}}],"collection":[{"href":"https:\/\/www.mikendalife.com\/fr\/wp-json\/wp\/v2\/pages"}],"about":[{"href":"https:\/\/www.mikendalife.com\/fr\/wp-json\/wp\/v2\/types\/page"}],"author":[{"embeddable":true,"href":"https:\/\/www.mikendalife.com\/fr\/wp-json\/wp\/v2\/users\/1"}],"replies":[{"embeddable":true,"href":"https:\/\/www.mikendalife.com\/fr\/wp-json\/wp\/v2\/comments?post=4292"}],"version-history":[{"count":38,"href":"https:\/\/www.mikendalife.com\/fr\/wp-json\/wp\/v2\/pages\/4292\/revisions"}],"predecessor-version":[{"id":6413,"href":"https:\/\/www.mikendalife.com\/fr\/wp-json\/wp\/v2\/pages\/4292\/revisions\/6413"}],"wp:attachment":[{"href":"https:\/\/www.mikendalife.com\/fr\/wp-json\/wp\/v2\/media?parent=4292"}],"curies":[{"name":"wp","href":"https:\/\/api.w.org\/{rel}","templated":true}]}}