{"id":3799,"date":"2025-11-13T18:17:00","date_gmt":"2025-11-13T10:17:00","guid":{"rendered":"https:\/\/www.mikendalife.com\/?page_id=3799"},"modified":"2026-02-09T12:25:50","modified_gmt":"2026-02-09T04:25:50","slug":"factory-showcase","status":"publish","type":"page","link":"https:\/\/www.mikendalife.com\/fr\/factory-showcase\/","title":{"rendered":"vitrine usine"},"content":{"rendered":"<div data-elementor-type=\"wp-page\" data-elementor-id=\"3799\" class=\"elementor elementor-3799\" data-elementor-post-type=\"page\">\n\t\t\t\t\t\t<section class=\"elementor-section elementor-top-section elementor-element elementor-element-e76266f elementor-section-full_width elementor-section-height-min-height elementor-section-items-bottom elementor-section-height-default\" data-id=\"e76266f\" data-element_type=\"section\" data-e-type=\"section\" data-settings=\"{&quot;background_background&quot;:&quot;classic&quot;}\">\n\t\t\t\t\t\t\t<div class=\"elementor-background-overlay\"><\/div>\n\t\t\t\t\t\t\t<div class=\"elementor-container elementor-column-gap-default\">\n\t\t\t\t\t<div class=\"elementor-column elementor-col-100 elementor-top-column elementor-element elementor-element-8d2ac0c\" data-id=\"8d2ac0c\" data-element_type=\"column\" data-e-type=\"column\">\n\t\t\t<div class=\"elementor-widget-wrap elementor-element-populated\">\n\t\t\t\t\t\t<section class=\"elementor-section elementor-inner-section elementor-element elementor-element-c1f74f5 elementor-section-boxed elementor-section-height-default elementor-section-height-default\" data-id=\"c1f74f5\" data-element_type=\"section\" data-e-type=\"section\" data-settings=\"{&quot;animation&quot;:&quot;none&quot;}\">\n\t\t\t\t\t\t<div class=\"elementor-container elementor-column-gap-default\">\n\t\t\t\t\t<div class=\"elementor-column elementor-col-100 elementor-inner-column elementor-element elementor-element-73f1747\" data-id=\"73f1747\" data-element_type=\"column\" data-e-type=\"column\">\n\t\t\t<div class=\"elementor-widget-wrap elementor-element-populated\">\n\t\t\t\t\t\t<div class=\"elementor-element elementor-element-4ba0e36 elementor-widget elementor-widget-heading\" data-id=\"4ba0e36\" data-element_type=\"widget\" data-e-type=\"widget\" data-widget_type=\"heading.default\">\n\t\t\t\t\t<h1 class=\"elementor-heading-title elementor-size-default\">Vitrine d'usine Mikenda<\/h1>\t\t\t\t<\/div>\n\t\t\t\t<div class=\"elementor-element elementor-element-13793d7 elementor-widget elementor-widget-text-editor\" data-id=\"13793d7\" data-element_type=\"widget\" data-e-type=\"widget\" data-widget_type=\"text-editor.default\">\n\t\t\t\t\t\t\t\t\t<p>D\u00e9couvrez les nouvelles arriv\u00e9es, les ventes et d'autres nouvelles.<\/p>\t\t\t\t\t\t\t\t<\/div>\n\t\t\t\t<div class=\"elementor-element elementor-element-94bc3f2 elementor-widget elementor-widget-woocommerce-breadcrumb\" data-id=\"94bc3f2\" data-element_type=\"widget\" data-e-type=\"widget\" data-widget_type=\"woocommerce-breadcrumb.default\">\n\t\t\t\t\t<nav class=\"woocommerce-breadcrumb\" aria-label=\"Breadcrumb\" data-no-translation=\"\" data-trp-gettext=\"\">\u9996\u9875<\/nav>\t\t\t\t<\/div>\n\t\t\t\t\t<\/div>\n\t\t<\/div>\n\t\t\t\t\t<\/div>\n\t\t<\/section>\n\t\t\t\t\t<\/div>\n\t\t<\/div>\n\t\t\t\t\t<\/div>\n\t\t<\/section>\n\t\t\t\t<section class=\"elementor-section elementor-top-section elementor-element elementor-element-557a031 elementor-section-boxed elementor-section-height-default elementor-section-height-default\" data-id=\"557a031\" data-element_type=\"section\" data-e-type=\"section\">\n\t\t\t\t\t\t<div class=\"elementor-container elementor-column-gap-default\">\n\t\t\t\t\t<div class=\"elementor-column elementor-col-100 elementor-top-column elementor-element elementor-element-45585bb\" data-id=\"45585bb\" data-element_type=\"column\" data-e-type=\"column\">\n\t\t\t<div class=\"elementor-widget-wrap elementor-element-populated\">\n\t\t\t\t\t\t<section class=\"elementor-section elementor-inner-section elementor-element elementor-element-d223e0c elementor-section-boxed elementor-section-height-default elementor-section-height-default\" data-id=\"d223e0c\" data-element_type=\"section\" data-e-type=\"section\" data-settings=\"{&quot;animation&quot;:&quot;none&quot;}\">\n\t\t\t\t\t\t<div class=\"elementor-container elementor-column-gap-default\">\n\t\t\t\t\t<div class=\"elementor-column elementor-col-100 elementor-inner-column elementor-element elementor-element-8bdc667\" data-id=\"8bdc667\" data-element_type=\"column\" data-e-type=\"column\">\n\t\t\t<div class=\"elementor-widget-wrap elementor-element-populated\">\n\t\t\t\t\t\t<div class=\"elementor-element elementor-element-bd60966 elementor-widget elementor-widget-heading\" data-id=\"bd60966\" data-element_type=\"widget\" data-e-type=\"widget\" data-widget_type=\"heading.default\">\n\t\t\t\t\t<h2 class=\"elementor-heading-title elementor-size-default\">vitrine usine<\/h2>\t\t\t\t<\/div>\n\t\t\t\t<div class=\"elementor-element elementor-element-f425317 elementor-widget__width-initial elementor-widget-mobile__width-inherit elementor-widget elementor-widget-text-editor\" data-id=\"f425317\" data-element_type=\"widget\" data-e-type=\"widget\" data-widget_type=\"text-editor.default\">\n\t\t\t\t\t\t\t\t\t<p>Zhejiang Mikenda Drinkware Co., Limited exploite une ligne de production de bouteilles enti\u00e8rement automatis\u00e9e avec une capacit\u00e9 de production quotidienne de 6 000 pi\u00e8ces. Nos flacons \u00e0 vide b\u00e9n\u00e9ficient d'un taux de vide \u00e9lev\u00e9 de 99 %, assurant d'excellentes performances d'isolation. Avec des styles divers, une large gamme de couleurs et un inventaire ample, nous offrons une livraison rapide de vendeurs chauds tendances et supportons la personnalisation du logo ou du motif de petits lots.<\/p>\t\t\t\t\t\t\t\t<\/div>\n\t\t\t\t\t<\/div>\n\t\t<\/div>\n\t\t\t\t\t<\/div>\n\t\t<\/section>\n\t\t\t\t<section class=\"elementor-section elementor-inner-section elementor-element elementor-element-8eda353 elementor-section-boxed elementor-section-height-default elementor-section-height-default\" data-id=\"8eda353\" data-element_type=\"section\" data-e-type=\"section\" data-settings=\"{&quot;animation&quot;:&quot;none&quot;}\">\n\t\t\t\t\t\t<div class=\"elementor-container elementor-column-gap-default\">\n\t\t\t\t\t<div class=\"elementor-column elementor-col-100 elementor-inner-column elementor-element elementor-element-01b7819\" data-id=\"01b7819\" data-element_type=\"column\" data-e-type=\"column\">\n\t\t\t<div class=\"elementor-widget-wrap elementor-element-populated\">\n\t\t\t\t\t\t<div class=\"elementor-element elementor-element-b343182 elementor-widget elementor-widget-ucaddon_unlimited_grid\" data-id=\"b343182\" data-element_type=\"widget\" data-e-type=\"widget\" data-widget_type=\"ucaddon_unlimited_grid.default\">\n\t\t\t\t<div class=\"elementor-widget-container\">\n\t\t\t\t\t\n<!-- start Unlimited Grid -->\n\t\t<link id='font-awesome-css' href='https:\/\/www.mikendalife.com\/wp-content\/plugins\/unlimited-elements-for-elementor-premium\/assets_libraries\/font-awesome6\/fontawesome-all.min.css' type='text\/css' rel='stylesheet' >\n\t\t<link id='font-awesome-4-shim-css' href='https:\/\/www.mikendalife.com\/wp-content\/plugins\/unlimited-elements-for-elementor-premium\/assets_libraries\/font-awesome6\/fontawesome-v4-shims.min.css' type='text\/css' rel='stylesheet' >\n\t\t<link id='fancybox-css' href='https:\/\/www.mikendalife.com\/wp-content\/plugins\/unlimited-elements-for-elementor-premium\/assets_libraries\/fancybox3\/jquery.fancybox.min.css' type='text\/css' rel='stylesheet' >\n\n<style>\/* widget: Unlimited Grid *\/\n\n\n\n#uc_unlimited_grid_elementor_b343182\n{\n  display:grid;\n  grid-auto-rows: 1fr;\n}\n\n.ue-btn\n{\n  text-decoration:none;\n  text-align:center;\n  transition:0.3s;\n}\n\n#uc_unlimited_grid_elementor_b343182 .ue-overlay-link\n{\n  display:block;\n  position:absolute;\n  top:0px;\n  bottom:0px;\n  right:0px;\n  left:0px;\n}\n\n#uc_unlimited_grid_elementor_b343182 .ue-item\n{\n  position:relative;\n  display:flex;\n  overflow:hidden;\n  background-size:cover;\n}\n\n#uc_unlimited_grid_elementor_b343182 .ue-item-overlay\n{\n  position:absolute;\n  top:0;\n  right:0;\n  left:0;\n  bottom:0;\n  transition:0.3s;\n}\n\n#uc_unlimited_grid_elementor_b343182 .ue-item-bg\n{\n  position:absolute;\n  top:0;\n  right:0;\n  left:0;\n  bottom:0;\n  transition:0.3s;\n  background-size:cover;\n}\n\n\n\t#uc_unlimited_grid_elementor_b343182 .ue-item:hover .ue-item-bg\n      {\n        transform:scale(1.1);\n      }\n\t\n\n\n\n\n\n\n#uc_unlimited_grid_elementor_b343182 .ue-graphic-element\n{\n  display:inline-flex;\n  align-items:center;\n  justify-content:center;\n  line-height:1em;\n  overflow:hidden;\n}\n\n#uc_unlimited_grid_elementor_b343182 .ue-graphic-element svg\n{\n  height:1em;\n  width:1em;\n}\n\n#uc_unlimited_grid_elementor_b343182 .ue-graphic-element img\n{\n  display:block;\n}\n\n\t\n\n.ue-item-title\n{\n  font-size:21px;\n}\n\n#uc_unlimited_grid_elementor_b343182 .ue-item-content\n{\n  position:relative;\n  width:100%;\n}\n\n\n\n\t\n\n\n\n\n\n\n\n\n\n\n\n\n\n\n\n\n\n  #uc_unlimited_grid_elementor_b343182 #uc_unlimited_grid_elementor_b343182_item1 .ue-item-bg\n  {\n    background-image:url(https:\/\/www.mikendalife.com\/wp-content\/uploads\/2026\/02\/MIKENDA2-BANNER-1.webp);\n  }\n\n\n\n  #uc_unlimited_grid_elementor_b343182 #uc_unlimited_grid_elementor_b343182_item2 .ue-item-bg\n  {\n    background-image:url(https:\/\/www.mikendalife.com\/wp-content\/uploads\/2026\/02\/mikenda-factory-768x480.webp);\n  }\n\n\n\n  #uc_unlimited_grid_elementor_b343182 #uc_unlimited_grid_elementor_b343182_item3 .ue-item-bg\n  {\n    background-image:url(https:\/\/www.mikendalife.com\/wp-content\/uploads\/2026\/02\/mikenda-factory7.webp);\n  }\n\n\n\n  #uc_unlimited_grid_elementor_b343182 #uc_unlimited_grid_elementor_b343182_item4 .ue-item-bg\n  {\n    background-image:url(https:\/\/www.mikendalife.com\/wp-content\/uploads\/2025\/08\/fooer-768x513.webp);\n  }\n\n\n\n  #uc_unlimited_grid_elementor_b343182 #uc_unlimited_grid_elementor_b343182_item5 .ue-item-bg\n  {\n    background-image:url(https:\/\/www.mikendalife.com\/wp-content\/uploads\/2026\/01\/banner-contacts-768x576.webp);\n  }\n\n\n\n  #uc_unlimited_grid_elementor_b343182 #uc_unlimited_grid_elementor_b343182_item6 .ue-item-bg\n  {\n    background-image:url(https:\/\/www.mikendalife.com\/wp-content\/uploads\/2026\/02\/mikenda-factory9.webp);\n  }\n\n\n\n  #uc_unlimited_grid_elementor_b343182 #uc_unlimited_grid_elementor_b343182_item7 .ue-item-bg\n  {\n    background-image:url(https:\/\/www.mikendalife.com\/wp-content\/uploads\/2025\/09\/Factory-Showcase5-768x512.jpg);\n  }\n\n\n\n  #uc_unlimited_grid_elementor_b343182 #uc_unlimited_grid_elementor_b343182_item8 .ue-item-bg\n  {\n    background-image:url(https:\/\/www.mikendalife.com\/wp-content\/uploads\/2025\/09\/Factory-Showcase6-768x512.jpg);\n  }\n\n\n\n  #uc_unlimited_grid_elementor_b343182 #uc_unlimited_grid_elementor_b343182_item9 .ue-item-bg\n  {\n    background-image:url(https:\/\/www.mikendalife.com\/wp-content\/uploads\/2026\/02\/mide-1.webp);\n  }\n\n\n\n  #uc_unlimited_grid_elementor_b343182 #uc_unlimited_grid_elementor_b343182_item10 .ue-item-bg\n  {\n    background-image:url(https:\/\/www.mikendalife.com\/wp-content\/uploads\/2026\/02\/mikenda-factory2-768x480.webp);\n  }\n\n\n\n  #uc_unlimited_grid_elementor_b343182 #uc_unlimited_grid_elementor_b343182_item11 .ue-item-bg\n  {\n    background-image:url(https:\/\/www.mikendalife.com\/wp-content\/uploads\/2026\/02\/mikenda-factory5-768x480.webp);\n  }\n\n\n\n  #uc_unlimited_grid_elementor_b343182 #uc_unlimited_grid_elementor_b343182_item12 .ue-item-bg\n  {\n    background-image:url(https:\/\/www.mikendalife.com\/wp-content\/uploads\/2026\/02\/mikenda-factory4.webp);\n  }\n\n\n\n  #uc_unlimited_grid_elementor_b343182 #uc_unlimited_grid_elementor_b343182_item13 .ue-item-bg\n  {\n    background-image:url(https:\/\/www.mikendalife.com\/wp-content\/uploads\/2026\/01\/40oz-Cherry-Pattern-Insulated-Tumbler-with-Handle-Straw-768x512.webp);\n  }\n\n\n\n  #uc_unlimited_grid_elementor_b343182 #uc_unlimited_grid_elementor_b343182_item14 .ue-item-bg\n  {\n    background-image:url(https:\/\/www.mikendalife.com\/wp-content\/uploads\/2026\/02\/mikenda-factory3-768x480.webp);\n  }\n\n\n\n\n\n<\/style>\n\n<div id=\"uc_unlimited_grid_elementor_b343182\" class=\"ue-unlimited-grid uc-items-wrapper\" >\n  <div id=\"uc_unlimited_grid_elementor_b343182_item1\" class=\"ue-item elementor-repeater-item-1cbef17\">\n  <div class=\"ue-item-bg\"><\/div>\n  <div class=\"ue-item-overlay\"><\/div>\n  \n    \n  \n    \n    \n  \n  \n  \n  \n<\/div>\n<div id=\"uc_unlimited_grid_elementor_b343182_item2\" class=\"ue-item elementor-repeater-item-4894d53\">\n  <div class=\"ue-item-bg\"><\/div>\n  <div class=\"ue-item-overlay\"><\/div>\n  \n    \n  \n    \n    \n  \n  \n  \n  \n<\/div>\n<div id=\"uc_unlimited_grid_elementor_b343182_item3\" class=\"ue-item elementor-repeater-item-7742b24\">\n  <div class=\"ue-item-bg\"><\/div>\n  <div class=\"ue-item-overlay\"><\/div>\n  \n    \n  \n    \n    \n  \n  \n  \n  \n<\/div>\n<div id=\"uc_unlimited_grid_elementor_b343182_item4\" class=\"ue-item elementor-repeater-item-bdcec6d\">\n  <div class=\"ue-item-bg\"><\/div>\n  <div class=\"ue-item-overlay\"><\/div>\n  \n    \n  \n    \n    \n  \n  \n  \n  \n<\/div>\n<div id=\"uc_unlimited_grid_elementor_b343182_item5\" class=\"ue-item elementor-repeater-item-a665393\">\n  <div class=\"ue-item-bg\"><\/div>\n  <div class=\"ue-item-overlay\"><\/div>\n  \n    \n  \n    \n    \n  \n  \n  \n  \n<\/div>\n<div id=\"uc_unlimited_grid_elementor_b343182_item6\" class=\"ue-item elementor-repeater-item-82b0caa\">\n  <div class=\"ue-item-bg\"><\/div>\n  <div class=\"ue-item-overlay\"><\/div>\n  \n    \n  \n    \n    \n  \n  \n  \n  \n<\/div>\n<div id=\"uc_unlimited_grid_elementor_b343182_item7\" class=\"ue-item elementor-repeater-item-69485e4\">\n  <div class=\"ue-item-bg\"><\/div>\n  <div class=\"ue-item-overlay\"><\/div>\n  \n    \n  \n    \n    \n  \n  \n  \n  \n<\/div>\n<div id=\"uc_unlimited_grid_elementor_b343182_item8\" class=\"ue-item elementor-repeater-item-501857e\">\n  <div class=\"ue-item-bg\"><\/div>\n  <div class=\"ue-item-overlay\"><\/div>\n  \n    \n  \n    \n    \n  \n  \n  \n  \n<\/div>\n<div id=\"uc_unlimited_grid_elementor_b343182_item9\" class=\"ue-item elementor-repeater-item-a1721c6\">\n  <div class=\"ue-item-bg\"><\/div>\n  <div class=\"ue-item-overlay\"><\/div>\n  \n    \n  \n    \n    \n  \n  \n  \n  \n<\/div>\n<div id=\"uc_unlimited_grid_elementor_b343182_item10\" class=\"ue-item elementor-repeater-item-80713d0\">\n  <div class=\"ue-item-bg\"><\/div>\n  <div class=\"ue-item-overlay\"><\/div>\n  \n    \n  \n    \n    \n  \n  \n  \n  \n<\/div>\n<div id=\"uc_unlimited_grid_elementor_b343182_item11\" class=\"ue-item elementor-repeater-item-95ab550\">\n  <div class=\"ue-item-bg\"><\/div>\n  <div class=\"ue-item-overlay\"><\/div>\n  \n    \n  \n    \n    \n  \n  \n  \n  \n<\/div>\n<div id=\"uc_unlimited_grid_elementor_b343182_item12\" class=\"ue-item elementor-repeater-item-d33c41d\">\n  <div class=\"ue-item-bg\"><\/div>\n  <div class=\"ue-item-overlay\"><\/div>\n  \n    \n  \n    \n    \n  \n  \n  \n  \n<\/div>\n<div id=\"uc_unlimited_grid_elementor_b343182_item13\" class=\"ue-item elementor-repeater-item-8b89c4d\">\n  <div class=\"ue-item-bg\"><\/div>\n  <div class=\"ue-item-overlay\"><\/div>\n  \n    \n  \n    \n    \n  \n  \n  \n  \n<\/div>\n<div id=\"uc_unlimited_grid_elementor_b343182_item14\" class=\"ue-item elementor-repeater-item-3f7482c\">\n  <div class=\"ue-item-bg\"><\/div>\n  <div class=\"ue-item-overlay\"><\/div>\n  \n    \n  \n    \n    \n  \n  \n  \n  \n<\/div>\n\n<\/div>\n<!-- end Unlimited Grid -->\t\t\t\t<\/div>\n\t\t\t\t<\/div>\n\t\t\t\t\t<\/div>\n\t\t<\/div>\n\t\t\t\t\t<\/div>\n\t\t<\/section>\n\t\t\t\t\t<\/div>\n\t\t<\/div>\n\t\t\t\t\t<\/div>\n\t\t<\/section>\n\t\t\t\t<\/div>","protected":false},"excerpt":{"rendered":"<p>Mikenda factory showcase Hear about new arrivals, sales, and other news. Factory Showcase Zhejiang Mikenda Drinkware Co., Limited operate a fully automated bottle production line with a daily output capacity of 6, 000 pieces. Our vacuum flasks boast a high vacuum rate of 99 %, ensuring excellent insulation performance. With diverse styles, a wide range [&hellip;]<\/p>\n","protected":false},"author":1,"featured_media":0,"parent":0,"menu_order":0,"comment_status":"closed","ping_status":"closed","template":"elementor_header_footer","meta":{"footnotes":""},"class_list":["post-3799","page","type-page","status-publish","hentry"],"_links":{"self":[{"href":"https:\/\/www.mikendalife.com\/fr\/wp-json\/wp\/v2\/pages\/3799","targetHints":{"allow":["GET"]}}],"collection":[{"href":"https:\/\/www.mikendalife.com\/fr\/wp-json\/wp\/v2\/pages"}],"about":[{"href":"https:\/\/www.mikendalife.com\/fr\/wp-json\/wp\/v2\/types\/page"}],"author":[{"embeddable":true,"href":"https:\/\/www.mikendalife.com\/fr\/wp-json\/wp\/v2\/users\/1"}],"replies":[{"embeddable":true,"href":"https:\/\/www.mikendalife.com\/fr\/wp-json\/wp\/v2\/comments?post=3799"}],"version-history":[{"count":80,"href":"https:\/\/www.mikendalife.com\/fr\/wp-json\/wp\/v2\/pages\/3799\/revisions"}],"predecessor-version":[{"id":6361,"href":"https:\/\/www.mikendalife.com\/fr\/wp-json\/wp\/v2\/pages\/3799\/revisions\/6361"}],"wp:attachment":[{"href":"https:\/\/www.mikendalife.com\/fr\/wp-json\/wp\/v2\/media?parent=3799"}],"curies":[{"name":"wp","href":"https:\/\/api.w.org\/{rel}","templated":true}]}}