{"id":3,"date":"2025-08-18T12:12:52","date_gmt":"2025-08-18T04:12:52","guid":{"rendered":"https:\/\/www.mikendalife.com\/?page_id=3"},"modified":"2026-02-12T16:37:38","modified_gmt":"2026-02-12T08:37:38","slug":"privacy-policy","status":"publish","type":"page","link":"https:\/\/www.mikendalife.com\/fr\/privacy-policy\/","title":{"rendered":"Politique de confidentialit\u00e9"},"content":{"rendered":"<div data-elementor-type=\"wp-page\" data-elementor-id=\"3\" class=\"elementor elementor-3\" data-elementor-post-type=\"page\">\n\t\t\t\t\t\t<section class=\"elementor-section elementor-top-section elementor-element elementor-element-1cee123 elementor-section-full_width elementor-section-height-default elementor-section-height-default\" data-id=\"1cee123\" data-element_type=\"section\" data-e-type=\"section\">\n\t\t\t\t\t\t<div class=\"elementor-container elementor-column-gap-default\">\n\t\t\t\t\t<div class=\"elementor-column elementor-col-100 elementor-top-column elementor-element elementor-element-b5b27ed\" data-id=\"b5b27ed\" data-element_type=\"column\" data-e-type=\"column\">\n\t\t\t<div class=\"elementor-widget-wrap elementor-element-populated\">\n\t\t\t\t\t\t<section class=\"elementor-section elementor-inner-section elementor-element elementor-element-5c1453e elementor-section-boxed elementor-section-height-default elementor-section-height-default\" data-id=\"5c1453e\" data-element_type=\"section\" data-e-type=\"section\" data-settings=\"{&quot;animation&quot;:&quot;none&quot;}\">\n\t\t\t\t\t\t<div class=\"elementor-container elementor-column-gap-default\">\n\t\t\t\t\t<div class=\"elementor-column elementor-col-100 elementor-inner-column elementor-element elementor-element-59a1836\" data-id=\"59a1836\" data-element_type=\"column\" data-e-type=\"column\" data-settings=\"{&quot;background_background&quot;:&quot;classic&quot;}\">\n\t\t\t<div class=\"elementor-widget-wrap elementor-element-populated\">\n\t\t\t\t\t\t<div class=\"elementor-element elementor-element-0f6b892 elementor-widget elementor-widget-woocommerce-breadcrumb\" data-id=\"0f6b892\" data-element_type=\"widget\" data-e-type=\"widget\" data-widget_type=\"woocommerce-breadcrumb.default\">\n\t\t\t\t\t<nav class=\"woocommerce-breadcrumb\" aria-label=\"Breadcrumb\" data-no-translation=\"\" data-trp-gettext=\"\">\u9996\u9875<\/nav>\t\t\t\t<\/div>\n\t\t\t\t<div class=\"elementor-element elementor-element-8a45a97 elementor-widget elementor-widget-heading\" data-id=\"8a45a97\" data-element_type=\"widget\" data-e-type=\"widget\" data-widget_type=\"heading.default\">\n\t\t\t\t\t<h1 class=\"elementor-heading-title elementor-size-default\">Politique de confidentialit\u00e9<\/h1>\t\t\t\t<\/div>\n\t\t\t\t<div class=\"elementor-element elementor-element-bd77d37 elementor-widget-divider--view-line elementor-widget elementor-widget-divider\" data-id=\"bd77d37\" data-element_type=\"widget\" data-e-type=\"widget\" data-widget_type=\"divider.default\">\n\t\t\t\t\t\t\t<div class=\"elementor-divider\">\n\t\t\t<span class=\"elementor-divider-separator\">\n\t\t\t\t\t\t<\/span>\n\t\t<\/div>\n\t\t\t\t\t\t<\/div>\n\t\t\t\t<div class=\"elementor-element elementor-element-542e416 elementor-widget elementor-widget-text-editor\" data-id=\"542e416\" data-element_type=\"widget\" data-e-type=\"widget\" data-widget_type=\"text-editor.default\">\n\t\t\t\t\t\t\t\t\t<div class=\"auto-hide-last-sibling-br paragraph-pP9ZLC paragraph-element br-paragraph-space\">Cette politique de confidentialit\u00e9 d\u00e9crit comment\u00a0<a class=\"link-bJL8ai\" href=\"https:\/\/www.mikendalife.com\/fr\" target=\"_blank\" rel=\"noopener nofollow\"><strong>www.mikenda.com<\/strong><\/a>\u00a0(le \u00ab Site \u00bb ou \u00ab nous \u00bb) collecte, utilise et divulgue vos informations personnelles lorsque vous visitez ou effectuez un achat sur le Site.<\/div><h3 class=\"header-iWP5WJ auto-hide-last-sibling-br\"><span style=\"color: #000000;\"><strong>Contactez-nous<\/strong><\/span><\/h3><div class=\"auto-hide-last-sibling-br paragraph-pP9ZLC paragraph-element br-paragraph-space\">Apr\u00e8s avoir examin\u00e9 cette politique, si vous avez des questions suppl\u00e9mentaires, si vous souhaitez obtenir plus d'informations sur nos pratiques de confidentialit\u00e9 ou si vous souhaitez d\u00e9poser une plainte, veuillez nous contacter par e-mail \u00e0\u00a0<strong><a class=\"link-bJL8ai\" href=\"mailto:mickelzhang@zjmikenda.com\" target=\"_blank\" rel=\"noopener nofollow\">support@mickelzhang Contact@zjmikenda.com<\/a><\/strong>\u00a0ou par courrier en utilisant les d\u00e9tails fournis ci-dessous: No.18, route Rongze, r\u00e9gion de Dahou, ville de Tangxian, ville de Yongkang, 321300, Zhejiang<\/div><h3 class=\"header-iWP5WJ auto-hide-last-sibling-br\"><span style=\"color: #000000;\"><strong>Collecte de renseignements personnels<\/strong><\/span><\/h3><div class=\"auto-hide-last-sibling-br paragraph-pP9ZLC paragraph-element br-paragraph-space\">Lorsque vous visitez le Site, nous collectons certaines informations sur votre appareil, votre interaction avec le Site et les informations n\u00e9cessaires pour traiter vos achats. Nous pouvons \u00e9galement recueillir des informations suppl\u00e9mentaires si vous nous contactez pour un service \u00e0 la client\u00e8le. Dans la pr\u00e9sente Politique de confidentialit\u00e9, nous nous r\u00e9f\u00e9rons \u00e0 toute information concernant un individu identifiable (y compris les informations ci-dessous) comme \u00ab Informations personnelles \u00bb. Consultez la liste ci-dessous pour plus d'informations sur les renseignements personnels que nous collectons et pourquoi :<\/div><h3 class=\"header-iWP5WJ auto-hide-last-sibling-br\"><span style=\"color: #000000;\"><strong>Informations sur l'appareil<\/strong><\/span><\/h3><ul class=\"auto-hide-last-sibling-br\"><li><strong>Objectif de la collecte<\/strong>pour charger le Site avec pr\u00e9cision pour vous et effectuer des analyses sur l\u2019utilisation du Site afin d\u2019optimiser notre Site<\/li><li><strong>Source de la collecte<\/strong>Collect\u00e9 automatiquement lorsque vous acc\u00e9dez \u00e0 notre Site en utilisant des cookies, des fichiers journaux, des balises Web, des balises ou des pixels<\/li><li><strong>Renseignements personnels collect\u00e9s<\/strong>version du navigateur Web, adresse IP, fuseau horaire, informations sur les cookies, les sites ou produits que vous consultez, les termes de recherche et la fa\u00e7on dont vous interagissez avec le Site<\/li><\/ul><h3 class=\"header-iWP5WJ auto-hide-last-sibling-br\"><span style=\"color: #000000;\"><strong>Informations sur la commande<\/strong><\/span><\/h3><ul class=\"auto-hide-last-sibling-br\"><li><strong>Objectif de la collecte<\/strong>pour vous fournir des produits ou services pour remplir notre contrat, traiter vos informations de paiement, organiser l\u2019exp\u00e9dition et vous fournir des factures et\/ou des confirmations de commande, communiquer avec vous, publier des publicit\u00e9s relatives \u00e0 nos produits ou services<\/li><li><strong>Source de la collecte<\/strong>: collect\u00e9 aupr\u00e8s de vous<\/li><li><strong>Renseignements personnels collect\u00e9s<\/strong>nom, adresse de facturation, adresse d'exp\u00e9dition, informations de paiement (y compris les num\u00e9ros de cartes de cr\u00e9dit, le code de s\u00e9curit\u00e9 et la date d'expiration), adresse e-mail et num\u00e9ro de t\u00e9l\u00e9phone<\/li><\/ul><h3 class=\"header-iWP5WJ auto-hide-last-sibling-br\"><span style=\"color: #000000;\"><strong>Informations sur l'assistance \u00e0 la client\u00e8le<\/strong><\/span><\/h3><ul class=\"auto-hide-last-sibling-br\"><li><strong>Objectif de la collecte<\/strong>: pour am\u00e9liorer l\u2019exp\u00e9rience utilisateur du site, am\u00e9liorer les communications entre Meoky et les utilisateurs du Site, fournir un support \u00e0 la client\u00e8le<\/li><li><strong>Source de la collecte<\/strong>: collect\u00e9 aupr\u00e8s de vous<\/li><li><strong>Renseignements personnels collect\u00e9s<\/strong>votre nom, adresse e-mail et\/ou num\u00e9ro de t\u00e9l\u00e9phone<\/li><\/ul><h3 class=\"header-iWP5WJ auto-hide-last-sibling-br\"><span style=\"color: #000000;\"><strong>mineurs<\/strong><\/span><\/h3><div class=\"auto-hide-last-sibling-br paragraph-pP9ZLC paragraph-element br-paragraph-space\">Le Site n'est pas destin\u00e9 aux personnes de moins de 13 ans. Nous ne collectons pas intentionnellement de renseignements personnels aupr\u00e8s d\u2019enfants. Si vous \u00eates le parent ou tuteur et que vous croyez que votre enfant nous a fourni des renseignements personnels, veuillez nous contacter \u00e0 l'adresse ci-dessus pour demander la suppression.<\/div><h3><span style=\"color: #000000;\"><strong>Partager des informations personnelles<\/strong><\/span><\/h3><div class=\"auto-hide-last-sibling-br paragraph-pP9ZLC paragraph-element br-paragraph-space\">Nous partageons vos informations personnelles avec des fournisseurs de services pour nous aider \u00e0 fournir nos services et \u00e0 remplir nos contrats avec vous, comme d\u00e9crit ci-dessus. Par exemple :<\/div><ul class=\"auto-hide-last-sibling-br\"><li>Nous pouvons partager vos informations personnelles pour nous conformer aux lois et r\u00e9glementations applicables, pour r\u00e9pondre \u00e0 une citation \u00e0 compara\u00eetre, \u00e0 un mandat de perquisition ou \u00e0 une autre demande l\u00e9gale d\u2019informations que nous recevons, ou pour prot\u00e9ger autrement nos droits.<\/li><li>Nous utilisons Google Analytics pour nous aider \u00e0 comprendre comment nos clients utilisent le Site. Vous pouvez en savoir plus sur la fa\u00e7on dont Google utilise vos informations personnelles ici :\u00a0 <strong><a class=\"link-bJL8ai\" href=\"https:\/\/www.google.com\/intl\/en\/policies\/privacy\/\" target=\"_blank\" rel=\"noopener nofollow\">https:\/\/www.google.com  \/fr\/politiques\/confidentialit\u00e9\/<\/a>.<\/strong> Vous pouvez \u00e9galement vous d\u00e9sactiver de Google Analytics ici : <strong><a class=\"link-bJL8ai\" href=\"https:\/\/tools.google.com\/dlpage\/gaoptout\" target=\"_blank\" rel=\"noopener nofollow\">https:\/\/tools.google.com  \/dlpage\/Gaoptout<\/a>.<\/strong><\/li><li>Nous partageons des informations sur votre utilisation du Site, vos achats et votre interaction avec nos annonces sur d\u2019autres sites Web avec nos partenaires publicitaires. Nous recueillons et partageons certaines de ces informations directement avec nos partenaires publicitaires, et dans certains cas \u00e0 l\u2019aide de cookies ou d\u2019autres technologies similaires (que vous pouvez accepter, en fonction de votre emplacement).<\/li><li>Pour plus d\u2019informations sur le fonctionnement de la publicit\u00e9 cibl\u00e9e, vous pouvez visiter la page \u00e9ducative de la Network Advertising Initiative (\u00ab NAI \u00bb) \u00e0 l\u2019adresse suivante :\u00a0<strong><a class=\"link-bJL8ai\" href=\"https:\/\/www.networkadvertising.org\/understanding-online-advertising\/how-does-it-work\" target=\"_blank\" rel=\"noopener nofollow\">https:\/\/www.networkadvertising.org  \/comprendre-la-publicit\u00e9-en-ligne\/comment-\u00e7a-fonctionne<\/a>.<\/strong><\/li><\/ul><h3 class=\"header-iWP5WJ auto-hide-last-sibling-br\"><span style=\"color: #000000;\"><strong>Utilisation des informations personnelles<\/strong><\/span><\/h3><div class=\"auto-hide-last-sibling-br paragraph-pP9ZLC paragraph-element br-paragraph-space\">Nous utilisons vos informations personnelles pour vous fournir nos services, y compris: proposer des produits \u00e0 vendre, traiter les paiements, exp\u00e9dier et ex\u00e9cuter votre commande, et vous tenir au courant des nouveaux produits, services et offres.<\/div><h3 class=\"header-iWP5WJ auto-hide-last-sibling-br\"><span style=\"color: #000000;\"><strong>Base juridique<\/strong><\/span><\/h3><div class=\"auto-hide-last-sibling-br paragraph-pP9ZLC paragraph-element br-paragraph-space\">Conform\u00e9ment au R\u00e8glement g\u00e9n\u00e9ral sur la protection des donn\u00e9es (\u00ab RGPD \u00bb), si vous \u00eates un r\u00e9sident de l\u2019Espace \u00e9conomique europ\u00e9en (\u00ab EEE \u00bb), nous traitons vos informations personnelles sur les bases l\u00e9gales suivantes:<\/div><ol class=\"auto-hide-last-sibling-br\"><li>Votre consentement ;<\/li><li>l'ex\u00e9cution du contrat entre vous et le Site ;<\/li><li>Respect de nos obligations l\u00e9gales ;<\/li><li>Pour prot\u00e9ger vos int\u00e9r\u00eats vitaux ;<\/li><li>Ex\u00e9cuter une t\u00e2che accomplie dans l\u2019int\u00e9r\u00eat public ;<\/li><li>Pour nos int\u00e9r\u00eats l\u00e9gitimes, qui ne pr\u00e9valent pas sur vos droits et libert\u00e9s fondamentaux.<\/li><\/ol><h3 class=\"header-iWP5WJ auto-hide-last-sibling-br\"><span style=\"color: #000000;\"><strong>Retention<\/strong><\/span><\/h3><div class=\"auto-hide-last-sibling-br paragraph-pP9ZLC paragraph-element br-paragraph-space\">Lorsque vous passez une commande via le site, nous conserverons vos informations personnelles pour nos dossiers \u00e0 moins et jusqu'\u00e0 ce que vous nous demandiez d'effacer ces informations. Pour plus d\u2019informations sur votre droit de suppression, veuillez consulter la section \u00ab Vos droits \u00bb ci-dessous.<\/div><h3 class=\"header-iWP5WJ auto-hide-last-sibling-br\"><span style=\"color: #000000;\"><strong>Vos droits<\/strong><\/span><\/h3><p class=\"header-iWP5WJ auto-hide-last-sibling-br\"><strong>Pour les r\u00e9sidents de l'EEE<\/strong><\/p><div class=\"auto-hide-last-sibling-br paragraph-pP9ZLC paragraph-element br-paragraph-space\">Si vous \u00eates un r\u00e9sident de l'EEE, vous avez le droit d'acc\u00e9der aux informations personnelles que nous d\u00e9tenons \u00e0 votre sujet, de les transf\u00e9rer vers un nouveau service et de demander que vos informations personnelles soient corrig\u00e9es, mises \u00e0 jour ou effac\u00e9es. Si vous souhaitez exercer ces droits, veuillez nous contacter via les coordonn\u00e9es ci-dessus. Vos informations personnelles seront initialement trait\u00e9es en Irlande puis transf\u00e9r\u00e9es \u00e0 l\u2019ext\u00e9rieur de l\u2019Europe pour stockage et traitement ult\u00e9rieur, y compris au Canada et aux \u00c9tats-Unis.<\/div><p class=\"header-iWP5WJ auto-hide-last-sibling-br\"><strong>Pour les r\u00e9sidents de Californie (CCPA)<\/strong><\/p><div class=\"auto-hide-last-sibling-br paragraph-pP9ZLC paragraph-element br-paragraph-space\">Si vous \u00eates un r\u00e9sident de Californie, vous avez le droit d\u2019acc\u00e9der aux renseignements personnels que nous d\u00e9tenons \u00e0 votre sujet (\u00e9galement appel\u00e9 le \u00ab droit de savoir \u00bb), de les transf\u00e9rer \u00e0 un nouveau service et de demander que vos renseignements personnels soient corrig\u00e9s, mis \u00e0 jour ou effac\u00e9s. Si vous souhaitez exercer ces droits, veuillez nous contacter via les coordonn\u00e9es ci-dessus. Si vous souhaitez d\u00e9signer un agent autoris\u00e9 pour soumettre ces demandes en votre nom, veuillez nous contacter \u00e0 l'adresse ci-dessus.<\/div><h3 class=\"header-iWP5WJ auto-hide-last-sibling-br\"><span style=\"color: #000000;\"><strong>Les cookies<\/strong><\/span><\/h3><div class=\"auto-hide-last-sibling-br paragraph-pP9ZLC paragraph-element br-paragraph-space\">Un cookie est une petite quantit\u00e9 d\u2019informations qui est t\u00e9l\u00e9charg\u00e9e sur votre ordinateur ou votre appareil lorsque vous visitez notre site. Nous utilisons un certain nombre de cookies diff\u00e9rents, y compris les cookies fonctionnels, de performance, publicitaires et de m\u00e9dias sociaux ou de contenu. Les cookies am\u00e9liorent votre exp\u00e9rience de navigation en permettant au site Web de se souvenir de vos actions et pr\u00e9f\u00e9rences (comme la connexion et la s\u00e9lection de la r\u00e9gion). Cela signifie que vous n\u2019avez pas \u00e0 saisir \u00e0 nouveau ces informations chaque fois que vous retournez sur le site ou que vous naviguez d\u2019une page \u00e0 l\u2019autre. Les cookies fournissent \u00e9galement des informations sur la fa\u00e7on dont les gens utilisent le site, par exemple si c\u2019est leur premi\u00e8re visite ou s\u2019ils sont un visiteur fr\u00e9quent.<\/div><div class=\"auto-hide-last-sibling-br paragraph-pP9ZLC paragraph-element br-paragraph-space\">Nous utilisons les cookies suivants pour optimiser votre exp\u00e9rience sur notre Site et pour fournir nos services. La dur\u00e9e de s\u00e9jour d\u2019un cookie sur votre ordinateur ou votre appareil mobile d\u00e9pend de la question de savoir s\u2019il s\u2019agit d\u2019un cookie \u00ab persistant \u00bb ou de \u00ab session \u00bb. Les cookies de session durent jusqu\u2019\u00e0 ce que vous arr\u00eatiez de naviguer et les cookies persistants durent jusqu\u2019\u00e0 ce qu\u2019ils expirent ou soient supprim\u00e9s. La plupart des cookies que nous utilisons sont persistants et expirent entre 30 minutes et deux ans \u00e0 compter de la date de leur t\u00e9l\u00e9chargement sur votre appareil. Vous pouvez contr\u00f4ler et g\u00e9rer les cookies de diff\u00e9rentes mani\u00e8res. Veuillez garder \u00e0 l\u2019esprit que la suppression ou le blocage des cookies peut avoir un impact n\u00e9gatif sur votre exp\u00e9rience utilisateur et que certaines parties de notre site Web peuvent ne plus \u00eatre pleinement accessibles.<\/div><div class=\"auto-hide-last-sibling-br paragraph-pP9ZLC paragraph-element br-paragraph-space\">La plupart des navigateurs acceptent automatiquement les cookies, mais vous pouvez choisir d\u2019accepter ou non les cookies via les commandes de votre navigateur, souvent trouv\u00e9es dans le menu \u00ab Outils \u00bb ou \u00ab Pr\u00e9f\u00e9rences \u00bb de votre navigateur. Pour plus d'informations sur la fa\u00e7on de modifier les param\u00e8tres de votre navigateur ou comment bloquer, g\u00e9rer ou filtrer les cookies, vous pouvez les trouver dans le fichier d'aide de votre navigateur ou sur des sites tels que:\u00a0<strong><a class=\"link-bJL8ai\" href=\"https:\/\/www.allaboutcookies.org\/\" target=\"_blank\" rel=\"noopener nofollow\">www.allaboutcookies.org<\/a>.<\/strong><\/div><h3 class=\"header-iWP5WJ auto-hide-last-sibling-br\"><span style=\"color: #000000;\"><strong>Ne pas suivre<\/strong><\/span><\/h3><div class=\"auto-hide-last-sibling-br paragraph-pP9ZLC paragraph-element br-paragraph-space\">Veuillez noter qu'il n'y a pas de compr\u00e9hension coh\u00e9rente de l'industrie sur la fa\u00e7on de r\u00e9pondre aux signaux \"Ne pas suivre\", nous ne modifions pas nos pratiques de collecte et d'utilisation de donn\u00e9es lorsque nous d\u00e9tectons un tel signal de votre navigateur.<\/div><h3 class=\"header-iWP5WJ auto-hide-last-sibling-br\"><span style=\"color: #000000;\"><strong>Changements<\/strong><\/span><\/h3><div class=\"auto-hide-last-sibling-br paragraph-pP9ZLC paragraph-element br-paragraph-space\">Nous pouvons mettre \u00e0 jour cette politique de confidentialit\u00e9 de temps en temps afin de refl\u00e9ter, par exemple, les changements apport\u00e9s \u00e0 nos pratiques ou pour d\u2019autres raisons op\u00e9rationnelles, juridiques ou r\u00e9glementaires.<\/div><div class=\"auto-hide-last-sibling-br paragraph-pP9ZLC paragraph-element br-paragraph-space\"><strong>Derni\u00e8re mise \u00e0 jour<\/strong>: 11-26-2025<\/div>\t\t\t\t\t\t\t\t<\/div>\n\t\t\t\t\t<\/div>\n\t\t<\/div>\n\t\t\t\t\t<\/div>\n\t\t<\/section>\n\t\t\t\t\t<\/div>\n\t\t<\/div>\n\t\t\t\t\t<\/div>\n\t\t<\/section>\n\t\t\t\t<\/div>","protected":false},"excerpt":{"rendered":"<p>Privacy Policy This Privacy Policy describes how\u00a0www.mikenda.com\u00a0(the \u201cSite\u201d or \u201cwe\u201d) collects, uses, and discloses your Personal Information when you visit or make a purchase from the Site. Contact After reviewing this policy, if you have additional questions, want more information about our privacy practices, or would like to make a complaint, please contact us by [&hellip;]<\/p>\n","protected":false},"author":1,"featured_media":0,"parent":0,"menu_order":0,"comment_status":"closed","ping_status":"closed","template":"elementor_header_footer","meta":{"footnotes":""},"class_list":["post-3","page","type-page","status-publish","hentry"],"_links":{"self":[{"href":"https:\/\/www.mikendalife.com\/fr\/wp-json\/wp\/v2\/pages\/3","targetHints":{"allow":["GET"]}}],"collection":[{"href":"https:\/\/www.mikendalife.com\/fr\/wp-json\/wp\/v2\/pages"}],"about":[{"href":"https:\/\/www.mikendalife.com\/fr\/wp-json\/wp\/v2\/types\/page"}],"author":[{"embeddable":true,"href":"https:\/\/www.mikendalife.com\/fr\/wp-json\/wp\/v2\/users\/1"}],"replies":[{"embeddable":true,"href":"https:\/\/www.mikendalife.com\/fr\/wp-json\/wp\/v2\/comments?post=3"}],"version-history":[{"count":32,"href":"https:\/\/www.mikendalife.com\/fr\/wp-json\/wp\/v2\/pages\/3\/revisions"}],"predecessor-version":[{"id":6496,"href":"https:\/\/www.mikendalife.com\/fr\/wp-json\/wp\/v2\/pages\/3\/revisions\/6496"}],"wp:attachment":[{"href":"https:\/\/www.mikendalife.com\/fr\/wp-json\/wp\/v2\/media?parent=3"}],"curies":[{"name":"wp","href":"https:\/\/api.w.org\/{rel}","templated":true}]}}