{"id":4315,"date":"2025-11-27T11:48:43","date_gmt":"2025-11-27T03:48:43","guid":{"rendered":"https:\/\/www.mikendalife.com\/?page_id=4315"},"modified":"2026-02-12T16:22:20","modified_gmt":"2026-02-12T08:22:20","slug":"warranty-policy","status":"publish","type":"page","link":"https:\/\/www.mikendalife.com\/es\/warranty-policy\/","title":{"rendered":"Pol\u00edtica de garant\u00eda"},"content":{"rendered":"<div data-elementor-type=\"wp-page\" data-elementor-id=\"4315\" class=\"elementor elementor-4315\" data-elementor-post-type=\"page\">\n\t\t\t\t\t\t<section class=\"elementor-section elementor-top-section elementor-element elementor-element-8374c77 elementor-section-full_width elementor-section-height-default elementor-section-height-default\" data-id=\"8374c77\" data-element_type=\"section\" data-e-type=\"section\">\n\t\t\t\t\t\t<div class=\"elementor-container elementor-column-gap-default\">\n\t\t\t\t\t<div class=\"elementor-column elementor-col-100 elementor-top-column elementor-element elementor-element-712ab76\" data-id=\"712ab76\" data-element_type=\"column\" data-e-type=\"column\">\n\t\t\t<div class=\"elementor-widget-wrap elementor-element-populated\">\n\t\t\t\t\t\t<section class=\"elementor-section elementor-inner-section elementor-element elementor-element-8b538ef elementor-section-boxed elementor-section-height-default elementor-section-height-default\" data-id=\"8b538ef\" data-element_type=\"section\" data-e-type=\"section\" data-settings=\"{&quot;animation&quot;:&quot;none&quot;}\">\n\t\t\t\t\t\t<div class=\"elementor-container elementor-column-gap-default\">\n\t\t\t\t\t<div class=\"elementor-column elementor-col-100 elementor-inner-column elementor-element elementor-element-af332ca\" data-id=\"af332ca\" data-element_type=\"column\" data-e-type=\"column\" data-settings=\"{&quot;background_background&quot;:&quot;classic&quot;}\">\n\t\t\t<div class=\"elementor-widget-wrap elementor-element-populated\">\n\t\t\t\t\t\t<div class=\"elementor-element elementor-element-f5079ad elementor-widget elementor-widget-woocommerce-breadcrumb\" data-id=\"f5079ad\" data-element_type=\"widget\" data-e-type=\"widget\" data-widget_type=\"woocommerce-breadcrumb.default\">\n\t\t\t\t\t<nav class=\"woocommerce-breadcrumb\" aria-label=\"Breadcrumb\" data-no-translation=\"\" data-trp-gettext=\"\">\u9996\u9875<\/nav>\t\t\t\t<\/div>\n\t\t\t\t<div class=\"elementor-element elementor-element-532b2ae elementor-widget elementor-widget-heading\" data-id=\"532b2ae\" data-element_type=\"widget\" data-e-type=\"widget\" data-widget_type=\"heading.default\">\n\t\t\t\t\t<h1 class=\"elementor-heading-title elementor-size-default\">Pol\u00edtica de garant\u00eda<\/h1>\t\t\t\t<\/div>\n\t\t\t\t<div class=\"elementor-element elementor-element-a7b778b elementor-widget-divider--view-line elementor-widget elementor-widget-divider\" data-id=\"a7b778b\" data-element_type=\"widget\" data-e-type=\"widget\" data-widget_type=\"divider.default\">\n\t\t\t\t\t\t\t<div class=\"elementor-divider\">\n\t\t\t<span class=\"elementor-divider-separator\">\n\t\t\t\t\t\t<\/span>\n\t\t<\/div>\n\t\t\t\t\t\t<\/div>\n\t\t\t\t<div class=\"elementor-element elementor-element-85fc92e elementor-widget elementor-widget-text-editor\" data-id=\"85fc92e\" data-element_type=\"widget\" data-e-type=\"widget\" data-widget_type=\"text-editor.default\">\n\t\t\t\t\t\t\t\t\t<h2 class=\"header-iWP5WJ auto-hide-last-sibling-br\"><span style=\"color: #000000;\"><strong><span style=\"font-size: 18pt;\">MIKENDA Garant\u00eda de Vida del Vac\u00edo de Acero Inoxidable<\/span><\/strong><\/span><\/h2><div class=\"auto-hide-last-sibling-br paragraph-pP9ZLC paragraph-element br-paragraph-space\">Felicitaciones por su elecci\u00f3n de productos MIKENDA. Nos enorgullecemos de ofrecer una garant\u00eda exclusiva de por vida sobre nuestros productos de vac\u00edo de acero inoxidable (el \"Producto\") para los clientes que hacen su compra directamente desde nuestro sitio web oficial. Esta garant\u00eda demuestra nuestro compromiso inquebrantable con la excelencia en la calidad del material y la mano de obra. Por favor revise cuidadosamente los siguientes t\u00e9rminos y condiciones:<\/div><h3 class=\"header-iWP5WJ auto-hide-last-sibling-br\"><span style=\"color: #000000;\"><strong>Cobertura del producto<\/strong><\/span><\/h3><div class=\"auto-hide-last-sibling-br paragraph-pP9ZLC paragraph-element br-paragraph-space\">En MIKENDA, nos dedicamos a entregar productos que est\u00e1n meticulosamente elaborados y libres de cualquier defecto en el material o la mano de obra en el momento de la compra. Esta garant\u00eda de por vida est\u00e1 dise\u00f1ada espec\u00edficamente para proteger contra cualquier degradaci\u00f3n en el rendimiento t\u00e9rmico, garantizando su completa satisfacci\u00f3n al usar nuestros productos.<\/div><h3 class=\"header-iWP5WJ auto-hide-last-sibling-br\"><strong><span style=\"color: #000000;\">Exclusiones<\/span><\/strong><\/h3><div class=\"auto-hide-last-sibling-br paragraph-pP9ZLC paragraph-element br-paragraph-space\">Si bien estamos firmemente detr\u00e1s de la calidad de nuestros productos, es importante tener en cuenta que ciertas condiciones no est\u00e1n cubiertas por esta garant\u00eda. Estas exclusiones incluyen:<\/div><ul class=\"auto-hide-last-sibling-br\"><li>Da\u00f1os resultantes de desastres naturales o accidentes imprevistos<\/li><li>Componentes del producto que no est\u00e1n hechos de inoxidable<\/li><li>Productos no comprados en este sitio web<\/li><li>Desgaste normal, incluyendo ara\u00f1azos menores, embotellados o manchas que pueden ocurrir con el uso regular<\/li><li>Defectos o da\u00f1os causados por negligencia, uso indebido, abuso, incumplimiento de las instrucciones de cuidado, accidentes o modificaciones no autorizadas realizadas despu\u00e9s de la compra<\/li><\/ul><h3><span style=\"color: #000000;\"><strong>Duraci\u00f3n de la garant\u00eda<\/strong><\/span><\/h3><div class=\"auto-hide-last-sibling-br paragraph-pP9ZLC paragraph-element br-paragraph-space\">Para su tranquilidad, la garant\u00eda de nuestros utensilios de bebida (excluyendo tapas, sellos y pajas) permanece v\u00e1lida por toda la vida \u00fatil del Producto, a partir de la fecha de su compra original.<\/div><h3><span style=\"color: #000000;\"><strong>Proceso para reclamaciones de garant\u00eda<\/strong><\/span><\/h3><div class=\"auto-hide-last-sibling-br paragraph-pP9ZLC paragraph-element br-paragraph-space\">Si encuentra alg\u00fan problema cubierto por esta garant\u00eda, le pedimos que se ponga en contacto con nuestro equipo de soporte dedicado en\u00a0<a class=\"link-bJL8ai\" href=\"mailto:mickelzhang@zjmikenda.com\" target=\"_blank\" rel=\"noopener\">support@mickelzhang Contacto@zjmikenda.com<\/a>Para agilizar el proceso de reclamaci\u00f3n, por favor proporcione la siguiente informaci\u00f3n:<\/div><ul class=\"auto-hide-last-sibling-br\"><li>Informaci\u00f3n detallada del pedido: incluyendo su n\u00famero de pedido y los detalles relevantes relacionados con su compra hecha directamente desde nuestro sitio web oficial<\/li><li>Descripci\u00f3n del da\u00f1o del producto: Le pedimos que nos proporcione una explicaci\u00f3n clara del da\u00f1o o problema espec\u00edfico, acompa\u00f1ada de fotograf\u00edas que ilustran el problema encontrado.<\/li><\/ul><div class=\"auto-hide-last-sibling-br paragraph-pP9ZLC paragraph-element br-paragraph-space\">Nuestro diligente equipo de soporte evaluar\u00e1 a fondo su reclamo y lo guiar\u00e1 a trav\u00e9s de los pasos necesarios para facilitar una resoluci\u00f3n r\u00e1pida.<\/div><h3 class=\"header-iWP5WJ auto-hide-last-sibling-br\"><span style=\"color: #000000;\"><strong>Informaci\u00f3n adicional<\/strong><\/span><\/h3><ul class=\"auto-hide-last-sibling-br\"><li>Esta garant\u00eda de por vida es exclusivamente aplicable a los productos MIKENDA y sustituye a todas las dem\u00e1s garant\u00edas, ya sean expresas o impl\u00edcitas.<\/li><li>MIKENDA se reserva el derecho de solicitar prueba de compra o la devoluci\u00f3n del Producto defectuoso, seg\u00fan sea necesario.<\/li><li>Tenga en cuenta que MIKENDA no ser\u00e1 responsable de ning\u00fan da\u00f1o, p\u00e9rdida, costo o gasto, incluidos los da\u00f1os incidentales o consecuentes. Es importante tener en cuenta que ciertas jurisdicciones no permiten la exclusi\u00f3n o limitaci\u00f3n de da\u00f1os incidentales o consecuentes, por lo que esta limitaci\u00f3n puede no aplicarse a usted.<\/li><\/ul>\t\t\t\t\t\t\t\t<\/div>\n\t\t\t\t\t<\/div>\n\t\t<\/div>\n\t\t\t\t\t<\/div>\n\t\t<\/section>\n\t\t\t\t\t<\/div>\n\t\t<\/div>\n\t\t\t\t\t<\/div>\n\t\t<\/section>\n\t\t\t\t<\/div>","protected":false},"excerpt":{"rendered":"<p>Warranty Policy MIKENDA STAINLESS STEEL VACUUM LIFETIME WARRANTY Congratulations on your choice of MIKENDA products. We take immense pride in offering an exclusive lifetime warranty on our stainless steel vacuum products (the \u201cProduct\u201d) for customers who make their purchase directly from our official website. This warranty demonstrates our unwavering commitment to excellence in material quality [&hellip;]<\/p>\n","protected":false},"author":1,"featured_media":0,"parent":0,"menu_order":0,"comment_status":"closed","ping_status":"closed","template":"elementor_header_footer","meta":{"footnotes":""},"class_list":["post-4315","page","type-page","status-publish","hentry"],"_links":{"self":[{"href":"https:\/\/www.mikendalife.com\/es\/wp-json\/wp\/v2\/pages\/4315","targetHints":{"allow":["GET"]}}],"collection":[{"href":"https:\/\/www.mikendalife.com\/es\/wp-json\/wp\/v2\/pages"}],"about":[{"href":"https:\/\/www.mikendalife.com\/es\/wp-json\/wp\/v2\/types\/page"}],"author":[{"embeddable":true,"href":"https:\/\/www.mikendalife.com\/es\/wp-json\/wp\/v2\/users\/1"}],"replies":[{"embeddable":true,"href":"https:\/\/www.mikendalife.com\/es\/wp-json\/wp\/v2\/comments?post=4315"}],"version-history":[{"count":19,"href":"https:\/\/www.mikendalife.com\/es\/wp-json\/wp\/v2\/pages\/4315\/revisions"}],"predecessor-version":[{"id":6483,"href":"https:\/\/www.mikendalife.com\/es\/wp-json\/wp\/v2\/pages\/4315\/revisions\/6483"}],"wp:attachment":[{"href":"https:\/\/www.mikendalife.com\/es\/wp-json\/wp\/v2\/media?parent=4315"}],"curies":[{"name":"wp","href":"https:\/\/api.w.org\/{rel}","templated":true}]}}