{"id":4310,"date":"2025-11-27T11:43:50","date_gmt":"2025-11-27T03:43:50","guid":{"rendered":"https:\/\/www.mikendalife.com\/?page_id=4310"},"modified":"2026-02-11T12:24:22","modified_gmt":"2026-02-11T04:24:22","slug":"payment-methods","status":"publish","type":"page","link":"https:\/\/www.mikendalife.com\/es\/payment-methods\/","title":{"rendered":"M\u00e9todos de pago"},"content":{"rendered":"<div data-elementor-type=\"wp-page\" data-elementor-id=\"4310\" class=\"elementor elementor-4310\" data-elementor-post-type=\"page\">\n\t\t\t\t\t\t<section class=\"elementor-section elementor-top-section elementor-element elementor-element-0cb5902 elementor-section-full_width elementor-section-height-default elementor-section-height-default\" data-id=\"0cb5902\" data-element_type=\"section\" data-e-type=\"section\">\n\t\t\t\t\t\t<div class=\"elementor-container elementor-column-gap-default\">\n\t\t\t\t\t<div class=\"elementor-column elementor-col-100 elementor-top-column elementor-element elementor-element-2bb159c\" data-id=\"2bb159c\" data-element_type=\"column\" data-e-type=\"column\">\n\t\t\t<div class=\"elementor-widget-wrap elementor-element-populated\">\n\t\t\t\t\t\t<section class=\"elementor-section elementor-inner-section elementor-element elementor-element-8bd3f15 elementor-section-boxed elementor-section-height-default elementor-section-height-default\" data-id=\"8bd3f15\" data-element_type=\"section\" data-e-type=\"section\" data-settings=\"{&quot;animation&quot;:&quot;none&quot;}\">\n\t\t\t\t\t\t<div class=\"elementor-container elementor-column-gap-default\">\n\t\t\t\t\t<div class=\"elementor-column elementor-col-100 elementor-inner-column elementor-element elementor-element-eeaf169\" data-id=\"eeaf169\" data-element_type=\"column\" data-e-type=\"column\" data-settings=\"{&quot;background_background&quot;:&quot;classic&quot;}\">\n\t\t\t<div class=\"elementor-widget-wrap elementor-element-populated\">\n\t\t\t\t\t\t<div class=\"elementor-element elementor-element-4fb0134 elementor-widget elementor-widget-woocommerce-breadcrumb\" data-id=\"4fb0134\" data-element_type=\"widget\" data-e-type=\"widget\" data-widget_type=\"woocommerce-breadcrumb.default\">\n\t\t\t\t\t<nav class=\"woocommerce-breadcrumb\" aria-label=\"Breadcrumb\" data-no-translation=\"\" data-trp-gettext=\"\">\u9996\u9875<\/nav>\t\t\t\t<\/div>\n\t\t\t\t<div class=\"elementor-element elementor-element-0679e2c elementor-widget elementor-widget-heading\" data-id=\"0679e2c\" data-element_type=\"widget\" data-e-type=\"widget\" data-widget_type=\"heading.default\">\n\t\t\t\t\t<h1 class=\"elementor-heading-title elementor-size-default\">M\u00e9todos de pago<\/h1>\t\t\t\t<\/div>\n\t\t\t\t<div class=\"elementor-element elementor-element-3edb29a elementor-widget-divider--view-line elementor-widget elementor-widget-divider\" data-id=\"3edb29a\" data-element_type=\"widget\" data-e-type=\"widget\" data-widget_type=\"divider.default\">\n\t\t\t\t\t\t\t<div class=\"elementor-divider\">\n\t\t\t<span class=\"elementor-divider-separator\">\n\t\t\t\t\t\t<\/span>\n\t\t<\/div>\n\t\t\t\t\t\t<\/div>\n\t\t\t\t<div class=\"elementor-element elementor-element-acdde12 elementor-widget elementor-widget-text-editor\" data-id=\"acdde12\" data-element_type=\"widget\" data-e-type=\"widget\" data-widget_type=\"text-editor.default\">\n\t\t\t\t\t\t\t\t\t<div class=\"auto-hide-last-sibling-br paragraph-pP9ZLC paragraph-element br-paragraph-space\">Mikenda soporta los siguientes m\u00e9todos de pago:<\/div><h3 class=\"header-iWP5WJ auto-hide-last-sibling-br\"><span style=\"color: #000000;\"><strong>1. PayPal<\/strong><\/span><\/h3><div class=\"auto-hide-last-sibling-br paragraph-pP9ZLC paragraph-element br-paragraph-space\">PayPal es un m\u00e9todo de pago en l\u00ednea seguro y confiable con las siguientes caracter\u00edsticas:<\/div><ul class=\"auto-hide-last-sibling-br\"><li>Permite pagos en l\u00ednea r\u00e1pidos y seguros.<\/li><li>No se requiere cuenta de PayPal para comprar: Haga clic en\u00a0<strong>&#8220; Pagar con tarjeta de d\u00e9bito o cr\u00e9dito&#8221;<\/strong>\u00a0y ser\u00e1 redirigido a una p\u00e1gina segura para introducir los detalles de su tarjeta de cr\u00e9dito o completar el pago de forma segura a trav\u00e9s de PayPal.<\/li><\/ul><div class=\"auto-hide-last-sibling-br paragraph-pP9ZLC paragraph-element br-paragraph-space\">Cuando realice un pedido utilizando PayPal, ser\u00e1 redirigido a PayPal&#8217; p\u00e1gina de pago. Inicie sesi\u00f3n con su nombre de usuario y contrase\u00f1a de PayPal para confirmar el pago.<\/div><h3 class=\"header-iWP5WJ auto-hide-last-sibling-br\"><span style=\"color: #000000;\"><strong>2. Pago por oc\u00e9ano<\/strong><\/span><\/h3><div class=\"auto-hide-last-sibling-br paragraph-pP9ZLC paragraph-element br-paragraph-space\">Ocean Payment admite las siguientes marcas de tarjetas:<\/div><ul class=\"auto-hide-last-sibling-br\"><li>Visas<\/li><li>Mastercard<\/li><li>American Express<\/li><li>Descubrir<\/li><li>JCB<\/li><li>Diners Club<\/li><li>Maestro<\/li><li>Uni\u00f3n Pay<\/li><li>Visa Electr\u00f3n<\/li><li>tarjetas bancarias<\/li><\/ul><h3 class=\"header-iWP5WJ auto-hide-last-sibling-br\"><span style=\"color: #000000;\"><strong>Con respecto al pago<\/strong><\/span><\/h3><ol class=\"auto-hide-last-sibling-br\"><li><strong>Composici\u00f3n de la tarifa de transacci\u00f3n<\/strong>La tarifa de transacci\u00f3n incluye el precio de los bienes \/ servicios m\u00e1s los impuestos aplicables. El pago se cobrar\u00e1 despu\u00e9s de la autorizaci\u00f3n exitosa y el procesamiento de la compra.<\/li><li><strong>Nota de tarifa de transacci\u00f3n extranjera<\/strong>El banco emisor de su tarjeta de cr\u00e9dito puede imponer una tarifa de transacci\u00f3n extranjera de\u00a0<strong>1-3% del importe total de la transacci\u00f3n<\/strong>.<br \/><ul class=\"auto-hide-last-sibling-br\"><li>Para evitar cargos innecesarios, por favor verifique con su banco si su tarjeta incurre en tales cargos, o revise los t\u00e9rminos y condiciones de su tarjeta de cr\u00e9dito. Algunas tarjetas pueden estar exentas de estas tarifas.<\/li><li>Si se han cobrado cargos por transacciones extranjeras, p\u00f3ngase en contacto con su banco para consultas.<\/li><\/ul><\/li><\/ol>\t\t\t\t\t\t\t\t<\/div>\n\t\t\t\t\t<\/div>\n\t\t<\/div>\n\t\t\t\t\t<\/div>\n\t\t<\/section>\n\t\t\t\t\t<\/div>\n\t\t<\/div>\n\t\t\t\t\t<\/div>\n\t\t<\/section>\n\t\t\t\t<\/div>","protected":false},"excerpt":{"rendered":"<p>Payment Methods Mikenda supports the following payment methods: 1. PayPal PayPal is a secure and trusted online payment method with the following features: Enables quick and secure online payments. No PayPal account required for shopping: Click on\u00a0&#8220;Pay with Debit or Credit Card&#8221;\u00a0and you will be redirected to a secure page to enter your credit card [&hellip;]<\/p>\n","protected":false},"author":1,"featured_media":0,"parent":0,"menu_order":0,"comment_status":"closed","ping_status":"closed","template":"elementor_header_footer","meta":{"footnotes":""},"class_list":["post-4310","page","type-page","status-publish","hentry"],"_links":{"self":[{"href":"https:\/\/www.mikendalife.com\/es\/wp-json\/wp\/v2\/pages\/4310","targetHints":{"allow":["GET"]}}],"collection":[{"href":"https:\/\/www.mikendalife.com\/es\/wp-json\/wp\/v2\/pages"}],"about":[{"href":"https:\/\/www.mikendalife.com\/es\/wp-json\/wp\/v2\/types\/page"}],"author":[{"embeddable":true,"href":"https:\/\/www.mikendalife.com\/es\/wp-json\/wp\/v2\/users\/1"}],"replies":[{"embeddable":true,"href":"https:\/\/www.mikendalife.com\/es\/wp-json\/wp\/v2\/comments?post=4310"}],"version-history":[{"count":16,"href":"https:\/\/www.mikendalife.com\/es\/wp-json\/wp\/v2\/pages\/4310\/revisions"}],"predecessor-version":[{"id":6462,"href":"https:\/\/www.mikendalife.com\/es\/wp-json\/wp\/v2\/pages\/4310\/revisions\/6462"}],"wp:attachment":[{"href":"https:\/\/www.mikendalife.com\/es\/wp-json\/wp\/v2\/media?parent=4310"}],"curies":[{"name":"wp","href":"https:\/\/api.w.org\/{rel}","templated":true}]}}