{"id":3,"date":"2025-08-18T12:12:52","date_gmt":"2025-08-18T04:12:52","guid":{"rendered":"https:\/\/www.mikendalife.com\/?page_id=3"},"modified":"2026-02-12T16:37:38","modified_gmt":"2026-02-12T08:37:38","slug":"privacy-policy","status":"publish","type":"page","link":"https:\/\/www.mikendalife.com\/es\/privacy-policy\/","title":{"rendered":"Pol\u00edtica de privacidad"},"content":{"rendered":"<div data-elementor-type=\"wp-page\" data-elementor-id=\"3\" class=\"elementor elementor-3\" data-elementor-post-type=\"page\">\n\t\t\t\t\t\t<section class=\"elementor-section elementor-top-section elementor-element elementor-element-1cee123 elementor-section-full_width elementor-section-height-default elementor-section-height-default\" data-id=\"1cee123\" data-element_type=\"section\" data-e-type=\"section\">\n\t\t\t\t\t\t<div class=\"elementor-container elementor-column-gap-default\">\n\t\t\t\t\t<div class=\"elementor-column elementor-col-100 elementor-top-column elementor-element elementor-element-b5b27ed\" data-id=\"b5b27ed\" data-element_type=\"column\" data-e-type=\"column\">\n\t\t\t<div class=\"elementor-widget-wrap elementor-element-populated\">\n\t\t\t\t\t\t<section class=\"elementor-section elementor-inner-section elementor-element elementor-element-5c1453e elementor-section-boxed elementor-section-height-default elementor-section-height-default\" data-id=\"5c1453e\" data-element_type=\"section\" data-e-type=\"section\" data-settings=\"{&quot;animation&quot;:&quot;none&quot;}\">\n\t\t\t\t\t\t<div class=\"elementor-container elementor-column-gap-default\">\n\t\t\t\t\t<div class=\"elementor-column elementor-col-100 elementor-inner-column elementor-element elementor-element-59a1836\" data-id=\"59a1836\" data-element_type=\"column\" data-e-type=\"column\" data-settings=\"{&quot;background_background&quot;:&quot;classic&quot;}\">\n\t\t\t<div class=\"elementor-widget-wrap elementor-element-populated\">\n\t\t\t\t\t\t<div class=\"elementor-element elementor-element-0f6b892 elementor-widget elementor-widget-woocommerce-breadcrumb\" data-id=\"0f6b892\" data-element_type=\"widget\" data-e-type=\"widget\" data-widget_type=\"woocommerce-breadcrumb.default\">\n\t\t\t\t\t<nav class=\"woocommerce-breadcrumb\" aria-label=\"Breadcrumb\" data-no-translation=\"\" data-trp-gettext=\"\">\u9996\u9875<\/nav>\t\t\t\t<\/div>\n\t\t\t\t<div class=\"elementor-element elementor-element-8a45a97 elementor-widget elementor-widget-heading\" data-id=\"8a45a97\" data-element_type=\"widget\" data-e-type=\"widget\" data-widget_type=\"heading.default\">\n\t\t\t\t\t<h1 class=\"elementor-heading-title elementor-size-default\">Pol\u00edtica de privacidad<\/h1>\t\t\t\t<\/div>\n\t\t\t\t<div class=\"elementor-element elementor-element-bd77d37 elementor-widget-divider--view-line elementor-widget elementor-widget-divider\" data-id=\"bd77d37\" data-element_type=\"widget\" data-e-type=\"widget\" data-widget_type=\"divider.default\">\n\t\t\t\t\t\t\t<div class=\"elementor-divider\">\n\t\t\t<span class=\"elementor-divider-separator\">\n\t\t\t\t\t\t<\/span>\n\t\t<\/div>\n\t\t\t\t\t\t<\/div>\n\t\t\t\t<div class=\"elementor-element elementor-element-542e416 elementor-widget elementor-widget-text-editor\" data-id=\"542e416\" data-element_type=\"widget\" data-e-type=\"widget\" data-widget_type=\"text-editor.default\">\n\t\t\t\t\t\t\t\t\t<div class=\"auto-hide-last-sibling-br paragraph-pP9ZLC paragraph-element br-paragraph-space\">Esta Pol\u00edtica de Privacidad describe c\u00f3mo\u00a0<a class=\"link-bJL8ai\" href=\"https:\/\/www.mikendalife.com\/es\" target=\"_blank\" rel=\"noopener nofollow\"><strong>www.mikenda.com<\/strong><\/a>\u00a0(el \u201cSitio\u201d o \u201cnosotros\u201d) recopila, utiliza y divulga su Informaci\u00f3n Personal cuando visita o realiza una compra desde el Sitio.<\/div><h3 class=\"header-iWP5WJ auto-hide-last-sibling-br\"><span style=\"color: #000000;\"><strong>Contacto<\/strong><\/span><\/h3><div class=\"auto-hide-last-sibling-br paragraph-pP9ZLC paragraph-element br-paragraph-space\">Despu\u00e9s de revisar esta pol\u00edtica, si tiene preguntas adicionales, desea m\u00e1s informaci\u00f3n sobre nuestras pr\u00e1cticas de privacidad o desea presentar una queja, por favor p\u00f3ngase en contacto con nosotros por correo electr\u00f3nico a:\u00a0<strong><a class=\"link-bJL8ai\" href=\"mailto:mickelzhang@zjmikenda.com\" target=\"_blank\" rel=\"noopener nofollow\">support@mickelzhang Contacto@zjmikenda.com<\/a><\/strong>\u00a0o por correo utilizando los detalles proporcionados a continuaci\u00f3n: No.18, carretera Rongze, \u00e1rea de Dahou, ciudad de Tangxian, ciudad de Yongkang, 321300, Zhejiang<\/div><h3 class=\"header-iWP5WJ auto-hide-last-sibling-br\"><span style=\"color: #000000;\"><strong>Recopilaci\u00f3n de informaci\u00f3n personal<\/strong><\/span><\/h3><div class=\"auto-hide-last-sibling-br paragraph-pP9ZLC paragraph-element br-paragraph-space\">Cuando visita el Sitio, recopilamos cierta informaci\u00f3n sobre su dispositivo, su interacci\u00f3n con el Sitio y la informaci\u00f3n necesaria para procesar sus compras. Tambi\u00e9n podemos recopilar informaci\u00f3n adicional si se pone en contacto con nosotros para obtener soporte al cliente. En esta Pol\u00edtica de Privacidad, nos referimos a cualquier informaci\u00f3n sobre un individuo identificable (incluyendo la informaci\u00f3n a continuaci\u00f3n) como \"Informaci\u00f3n Personal\". Consulte la siguiente lista para obtener m\u00e1s informaci\u00f3n sobre qu\u00e9 Informaci\u00f3n Personal recopilamos y por qu\u00e9:<\/div><h3 class=\"header-iWP5WJ auto-hide-last-sibling-br\"><span style=\"color: #000000;\"><strong>Informaci\u00f3n del dispositivo<\/strong><\/span><\/h3><ul class=\"auto-hide-last-sibling-br\"><li><strong>Finalidad de la recolecci\u00f3n<\/strong>para cargar el Sitio con precisi\u00f3n por usted y realizar an\u00e1lisis sobre el uso del Sitio para optimizar nuestro Sitio<\/li><li><strong>Fuente de la colecci\u00f3n<\/strong>Recopilados autom\u00e1ticamente cuando accede a nuestro Sitio mediante cookies, archivos de registro, balizas web, etiquetas o p\u00edxeles<\/li><li><strong>Informaci\u00f3n personal recopilada<\/strong>versi\u00f3n del navegador web, direcci\u00f3n IP, fuso horario, informaci\u00f3n de cookies, qu\u00e9 sitios o productos ve, t\u00e9rminos de b\u00fasqueda y c\u00f3mo interact\u00faa con el Sitio<\/li><\/ul><h3 class=\"header-iWP5WJ auto-hide-last-sibling-br\"><span style=\"color: #000000;\"><strong>Informaci\u00f3n del pedido<\/strong><\/span><\/h3><ul class=\"auto-hide-last-sibling-br\"><li><strong>Finalidad de la recolecci\u00f3n<\/strong>Para proporcionarle productos o servicios para cumplir con nuestro contrato, procesar su informaci\u00f3n de pago, organizar el env\u00edo y proporcionarle facturas y \/ o confirmaciones de pedidos, comunicarse con usted, publicidad relacionada con nuestros productos o servicios<\/li><li><strong>Fuente de la colecci\u00f3n<\/strong>recopilado de usted<\/li><li><strong>Informaci\u00f3n personal recopilada<\/strong>Nombre, direcci\u00f3n de facturaci\u00f3n, direcci\u00f3n de env\u00edo, informaci\u00f3n de pago (incluyendo n\u00fameros de tarjetas de cr\u00e9dito, c\u00f3digo de seguridad y fecha de caducidad), direcci\u00f3n de correo electr\u00f3nico y n\u00famero de tel\u00e9fono<\/li><\/ul><h3 class=\"header-iWP5WJ auto-hide-last-sibling-br\"><span style=\"color: #000000;\"><strong>Informaci\u00f3n de soporte al cliente<\/strong><\/span><\/h3><ul class=\"auto-hide-last-sibling-br\"><li><strong>Finalidad de la recolecci\u00f3n<\/strong>para mejorar la experiencia del usuario del sitio, mejorar las comunicaciones entre Meoky y los usuarios del sitio, proporcionar soporte al cliente<\/li><li><strong>Fuente de la colecci\u00f3n<\/strong>recopilado de usted<\/li><li><strong>Informaci\u00f3n personal recopilada<\/strong>su nombre, direcci\u00f3n de correo electr\u00f3nico y\/o n\u00famero de tel\u00e9fono<\/li><\/ul><h3 class=\"header-iWP5WJ auto-hide-last-sibling-br\"><span style=\"color: #000000;\"><strong>Menores<\/strong><\/span><\/h3><div class=\"auto-hide-last-sibling-br paragraph-pP9ZLC paragraph-element br-paragraph-space\">El Sitio no est\u00e1 dirigido a personas menores de 13 a\u00f1os. No recopilamos intencionalmente informaci\u00f3n personal de ni\u00f1os. Si usted es el padre o tutor y cree que su hijo nos ha proporcionado informaci\u00f3n personal, por favor p\u00f3ngase en contacto con nosotros a la direcci\u00f3n anterior para solicitar la eliminaci\u00f3n.<\/div><h3><span style=\"color: #000000;\"><strong>Compartir informaci\u00f3n personal<\/strong><\/span><\/h3><div class=\"auto-hide-last-sibling-br paragraph-pP9ZLC paragraph-element br-paragraph-space\">Compartimos su Informaci\u00f3n Personal con proveedores de servicios para ayudarnos a proporcionar nuestros servicios y cumplir con nuestros contratos con usted, como se describe anteriormente. Por ejemplo:<\/div><ul class=\"auto-hide-last-sibling-br\"><li>Podemos compartir su informaci\u00f3n personal para cumplir con las leyes y reglamentos aplicables, para responder a una citaci\u00f3n, orden de b\u00fasqueda u otra solicitud legal de informaci\u00f3n que recibimos, o para proteger nuestros derechos.<\/li><li>Utilizamos Google Analytics para ayudarnos a entender c\u00f3mo nuestros clientes usan el Sitio. Puede leer m\u00e1s sobre c\u00f3mo Google utiliza su informaci\u00f3n personal aqu\u00ed:\u00a0 <strong><a class=\"link-bJL8ai\" href=\"https:\/\/www.google.com\/intl\/en\/policies\/privacy\/\" target=\"_blank\" rel=\"noopener nofollow\">https:\/\/www.google.com  \/es\/pol\u00edticas\/privacidad\/<\/a>.<\/strong> Tambi\u00e9n puede desactivar Google Analytics aqu\u00ed: <strong><a class=\"link-bJL8ai\" href=\"https:\/\/tools.google.com\/dlpage\/gaoptout\" target=\"_blank\" rel=\"noopener nofollow\">https:\/\/tools.google.com  \/ P\u00e1gina principal \/ gaoptout<\/a>.<\/strong><\/li><li>Compartimos informaci\u00f3n sobre su uso del Sitio, sus compras y su interacci\u00f3n con nuestros anuncios en otros sitios web con nuestros socios publicitarios. Recopilamos y compartimos parte de esta informaci\u00f3n directamente con nuestros socios publicitarios, y en algunos casos a trav\u00e9s del uso de cookies u otras tecnolog\u00edas similares (que usted puede consentir, dependiendo de su ubicaci\u00f3n).<\/li><li>Para obtener m\u00e1s informaci\u00f3n sobre c\u00f3mo funciona la publicidad dirigida, puede visitar la p\u00e1gina educativa de la Network Advertising Initiative (\u201cNAI\u201d) en\u00a0<strong><a class=\"link-bJL8ai\" href=\"https:\/\/www.networkadvertising.org\/understanding-online-advertising\/how-does-it-work\" target=\"_blank\" rel=\"noopener nofollow\">https:\/\/www.networkadvertising.org  \/comprensi\u00f3n-publicidad-en-l\u00ednea\/c\u00f3mo-funciona-<\/a>.<\/strong><\/li><\/ul><h3 class=\"header-iWP5WJ auto-hide-last-sibling-br\"><span style=\"color: #000000;\"><strong>Uso de informaci\u00f3n personal<\/strong><\/span><\/h3><div class=\"auto-hide-last-sibling-br paragraph-pP9ZLC paragraph-element br-paragraph-space\">Utilizamos su informaci\u00f3n personal para proporcionarle nuestros servicios, que incluyen: ofrecer productos para la venta, procesar pagos, enviar y cumplir su pedido, y mantenerlo al d\u00eda sobre nuevos productos, servicios y ofertas.<\/div><h3 class=\"header-iWP5WJ auto-hide-last-sibling-br\"><span style=\"color: #000000;\"><strong>Base legal<\/strong><\/span><\/h3><div class=\"auto-hide-last-sibling-br paragraph-pP9ZLC paragraph-element br-paragraph-space\">De conformidad con el Reglamento General de Protecci\u00f3n de Datos (\u201cGDPR\u201d), si usted es residente del Espacio Econ\u00f3mico Europeo (\u201cEEE\u201d), procesamos su informaci\u00f3n personal bajo las siguientes bases legales:<\/div><ol class=\"auto-hide-last-sibling-br\"><li>Su consentimiento;<\/li><li>El cumplimiento del contrato entre usted y el Sitio;<\/li><li>Cumplimiento de nuestras obligaciones legales;<\/li><li>Proteger sus intereses vitales;<\/li><li>Realizar una tarea realizada en inter\u00e9s p\u00fablico;<\/li><li>Para nuestros intereses leg\u00edtimos, que no prevalecen sobre sus derechos y libertades fundamentales.<\/li><\/ol><h3 class=\"header-iWP5WJ auto-hide-last-sibling-br\"><span style=\"color: #000000;\"><strong>Retenci\u00f3n<\/strong><\/span><\/h3><div class=\"auto-hide-last-sibling-br paragraph-pP9ZLC paragraph-element br-paragraph-space\">Cuando realice un pedido a trav\u00e9s del Sitio, conservaremos su Informaci\u00f3n Personal para nuestros registros a menos que y hasta que nos solicite borrar esta informaci\u00f3n. Para obtener m\u00e1s informaci\u00f3n sobre su derecho de supresi\u00f3n, consulte la secci\u00f3n \u201cSus derechos\u201d a continuaci\u00f3n.<\/div><h3 class=\"header-iWP5WJ auto-hide-last-sibling-br\"><span style=\"color: #000000;\"><strong>Sus derechos<\/strong><\/span><\/h3><p class=\"header-iWP5WJ auto-hide-last-sibling-br\"><strong>Para residentes del EEE<\/strong><\/p><div class=\"auto-hide-last-sibling-br paragraph-pP9ZLC paragraph-element br-paragraph-space\">Si usted es un residente del EEE, tiene derecho a acceder a la Informaci\u00f3n Personal que tenemos sobre usted, a transferirla a un nuevo servicio y a solicitar que su Informaci\u00f3n Personal sea corregida, actualizada o borrada. Si desea ejercer estos derechos, p\u00f3ngase en contacto con nosotros a trav\u00e9s de la informaci\u00f3n de contacto anterior. Su informaci\u00f3n personal se procesar\u00e1 inicialmente en Irlanda y luego se transferir\u00e1 fuera de Europa para almacenamiento y procesamiento ulterior, incluidos Canad\u00e1 y los Estados Unidos.<\/div><p class=\"header-iWP5WJ auto-hide-last-sibling-br\"><strong>Para residentes de California (CCPA)<\/strong><\/p><div class=\"auto-hide-last-sibling-br paragraph-pP9ZLC paragraph-element br-paragraph-space\">Si usted es un residente de California, tiene el derecho de acceder a la Informaci\u00f3n Personal que tenemos sobre usted (tambi\u00e9n conocido como el \u201cDerecho a saber\u201d), transferirla a un nuevo servicio y solicitar que su Informaci\u00f3n Personal sea corregida, actualizada o borrada. Si desea ejercer estos derechos, p\u00f3ngase en contacto con nosotros a trav\u00e9s de la informaci\u00f3n de contacto anterior. Si desea designar a un agente autorizado para enviar estas solicitudes en su nombre, por favor p\u00f3ngase en contacto con nosotros en la direcci\u00f3n anterior.<\/div><h3 class=\"header-iWP5WJ auto-hide-last-sibling-br\"><span style=\"color: #000000;\"><strong>Las cookies<\/strong><\/span><\/h3><div class=\"auto-hide-last-sibling-br paragraph-pP9ZLC paragraph-element br-paragraph-space\">Una cookie es una peque\u00f1a cantidad de informaci\u00f3n que se descarga a su computadora o dispositivo cuando visita nuestro sitio. Utilizamos una serie de cookies diferentes, incluyendo cookies funcionales, de rendimiento, publicitarias y de redes sociales o de contenido. Las cookies mejoran su experiencia de navegaci\u00f3n al permitir que el sitio web recuerde sus acciones y preferencias (como inicio de sesi\u00f3n y selecci\u00f3n de regi\u00f3n). Esto significa que no tiene que volver a introducir esta informaci\u00f3n cada vez que vuelva al sitio o navega de una p\u00e1gina a otra. Las cookies tambi\u00e9n proporcionan informaci\u00f3n sobre c\u00f3mo las personas usan el sitio web, por ejemplo si es su primera visita o si son un visitante frecuente.<\/div><div class=\"auto-hide-last-sibling-br paragraph-pP9ZLC paragraph-element br-paragraph-space\">Utilizamos las siguientes cookies para optimizar su experiencia en nuestro sitio y para brindarle nuestros servicios. El tiempo que una cookie permanece en su ordenador o dispositivo m\u00f3vil depende de si se trata de una cookie \u201cpersistente\u201d o de \u201csesi\u00f3n\u201d. Las cookies de sesi\u00f3n duran hasta que deje de navegar y las cookies persistentes duran hasta que caducan o se borran. La mayor\u00eda de las cookies que utilizamos son persistentes y caducar\u00e1n entre 30 minutos y dos a\u00f1os a partir de la fecha en que se descargan en su dispositivo. Puede controlar y administrar las cookies de varias maneras. Tenga en cuenta que eliminar o bloquear las cookies puede tener un impacto negativo en su experiencia de usuario y es posible que partes de nuestro sitio web ya no sean totalmente accesibles.<\/div><div class=\"auto-hide-last-sibling-br paragraph-pP9ZLC paragraph-element br-paragraph-space\">La mayor\u00eda de los navegadores aceptan autom\u00e1ticamente las cookies, pero puede elegir si acepta o no las cookies a trav\u00e9s de los controles de su navegador, a menudo encontrados en el men\u00fa \"Herramientas\" o \"Preferencias\" de su navegador. Para obtener m\u00e1s informaci\u00f3n sobre c\u00f3mo modificar la configuraci\u00f3n de su navegador o c\u00f3mo bloquear, administrar o filtrar las cookies se puede encontrar en el archivo de ayuda de su navegador o a trav\u00e9s de sitios como:\u00a0<strong><a class=\"link-bJL8ai\" href=\"https:\/\/www.allaboutcookies.org\/\" target=\"_blank\" rel=\"noopener nofollow\">www.allaboutcookies.org<\/a>.<\/strong><\/div><h3 class=\"header-iWP5WJ auto-hide-last-sibling-br\"><span style=\"color: #000000;\"><strong>No rastrear<\/strong><\/span><\/h3><div class=\"auto-hide-last-sibling-br paragraph-pP9ZLC paragraph-element br-paragraph-space\">Tenga en cuenta que debido a que no hay una comprensi\u00f3n consistente de la industria de c\u00f3mo responder a las se\u00f1ales de \u201cNo rastrear\u201d, no alteramos nuestras pr\u00e1cticas de recopilaci\u00f3n y uso de datos cuando detectamos tal se\u00f1al desde su navegador.<\/div><h3 class=\"header-iWP5WJ auto-hide-last-sibling-br\"><span style=\"color: #000000;\"><strong>Cambios<\/strong><\/span><\/h3><div class=\"auto-hide-last-sibling-br paragraph-pP9ZLC paragraph-element br-paragraph-space\">Podemos actualizar esta Pol\u00edtica de Privacidad de vez en cuando para reflejar, por ejemplo, cambios en nuestras pr\u00e1cticas o por otras razones operativas, legales o regulatorias.<\/div><div class=\"auto-hide-last-sibling-br paragraph-pP9ZLC paragraph-element br-paragraph-space\"><strong>\u00daltima actualizaci\u00f3n<\/strong>: 11-26-2025<\/div>\t\t\t\t\t\t\t\t<\/div>\n\t\t\t\t\t<\/div>\n\t\t<\/div>\n\t\t\t\t\t<\/div>\n\t\t<\/section>\n\t\t\t\t\t<\/div>\n\t\t<\/div>\n\t\t\t\t\t<\/div>\n\t\t<\/section>\n\t\t\t\t<\/div>","protected":false},"excerpt":{"rendered":"<p>Privacy Policy This Privacy Policy describes how\u00a0www.mikenda.com\u00a0(the \u201cSite\u201d or \u201cwe\u201d) collects, uses, and discloses your Personal Information when you visit or make a purchase from the Site. Contact After reviewing this policy, if you have additional questions, want more information about our privacy practices, or would like to make a complaint, please contact us by [&hellip;]<\/p>\n","protected":false},"author":1,"featured_media":0,"parent":0,"menu_order":0,"comment_status":"closed","ping_status":"closed","template":"elementor_header_footer","meta":{"footnotes":""},"class_list":["post-3","page","type-page","status-publish","hentry"],"_links":{"self":[{"href":"https:\/\/www.mikendalife.com\/es\/wp-json\/wp\/v2\/pages\/3","targetHints":{"allow":["GET"]}}],"collection":[{"href":"https:\/\/www.mikendalife.com\/es\/wp-json\/wp\/v2\/pages"}],"about":[{"href":"https:\/\/www.mikendalife.com\/es\/wp-json\/wp\/v2\/types\/page"}],"author":[{"embeddable":true,"href":"https:\/\/www.mikendalife.com\/es\/wp-json\/wp\/v2\/users\/1"}],"replies":[{"embeddable":true,"href":"https:\/\/www.mikendalife.com\/es\/wp-json\/wp\/v2\/comments?post=3"}],"version-history":[{"count":32,"href":"https:\/\/www.mikendalife.com\/es\/wp-json\/wp\/v2\/pages\/3\/revisions"}],"predecessor-version":[{"id":6496,"href":"https:\/\/www.mikendalife.com\/es\/wp-json\/wp\/v2\/pages\/3\/revisions\/6496"}],"wp:attachment":[{"href":"https:\/\/www.mikendalife.com\/es\/wp-json\/wp\/v2\/media?parent=3"}],"curies":[{"name":"wp","href":"https:\/\/api.w.org\/{rel}","templated":true}]}}