{"id":5440,"date":"2026-01-09T11:45:30","date_gmt":"2026-01-09T03:45:30","guid":{"rendered":"https:\/\/www.mikendalife.com\/?post_type=product&#038;p=5440"},"modified":"2026-03-18T17:08:47","modified_gmt":"2026-03-18T09:08:47","slug":"28oz-36oz-two-tone-insulated-tumbler-featuring-a-modern-2-in-1-lid-for-stylish-everyday-drinks","status":"publish","type":"product","link":"https:\/\/www.mikendalife.com\/de\/28oz-36oz-two-tone-insulated-tumbler-featuring-a-modern-2-in-1-lid-for-stylish-everyday-drinks\/","title":{"rendered":"28oz \/ 36oz Zweifarbige isolierte Tumbler mit einem modernen 2-in-1-Deckel f\u00fcr stilvolle t\u00e4gliche Getr\u00e4nke"},"content":{"rendered":"","protected":false},"excerpt":{"rendered":"","protected":false},"featured_media":5455,"comment_status":"open","ping_status":"closed","template":"","meta":[],"product_brand":[],"product_cat":[15,54,51,49,44,45,46],"product_tag":[],"class_list":{"0":"post-5440","1":"product","2":"type-product","3":"status-publish","4":"has-post-thumbnail","6":"product_cat-shop-all","7":"product_cat-features","8":"product_cat-carrying-handle","9":"product_cat-cup-with-straw","10":"product_cat-best-sellers","11":"product_cat-customize","12":"product_cat-new-arrivals","14":"first","15":"instock","16":"shipping-taxable","17":"purchasable","18":"product-type-variable"},"acf":{"photo_gallery":{"\u989c\u8272":[[{"id":4975,"title":"color","caption":"","full_image_url":"https:\/\/www.mikendalife.com\/wp-content\/uploads\/2025\/12\/color.webp","thumbnail_image_url":"https:\/\/www.mikendalife.com\/wp-content\/uploads\/2025\/12\/color.webp","large_srcset":"https:\/\/www.mikendalife.com\/wp-content\/uploads\/2025\/12\/color.webp 100w, https:\/\/www.mikendalife.com\/wp-content\/uploads\/2025\/12\/color-50x50.webp 50w","medium_srcset":"https:\/\/www.mikendalife.com\/wp-content\/uploads\/2025\/12\/color.webp 100w, https:\/\/www.mikendalife.com\/wp-content\/uploads\/2025\/12\/color-50x50.webp 50w","media_details":{"width":100,"height":100,"sizes":{"variation_swatches_image_size":{"file":"color-50x50.webp","width":50,"height":50,"mime-type":"image\/webp","filesize":770,"source_url":"https:\/\/www.mikendalife.com\/wp-content\/uploads\/2025\/12\/color-50x50.webp"}}},"alt_text":"color","url":"","target":""},{"id":5660,"title":"BLUE2","caption":"","full_image_url":"https:\/\/www.mikendalife.com\/wp-content\/uploads\/2026\/01\/BLUE2.webp","thumbnail_image_url":"https:\/\/www.mikendalife.com\/wp-content\/uploads\/2026\/01\/BLUE2.webp","large_srcset":"https:\/\/www.mikendalife.com\/wp-content\/uploads\/2026\/01\/BLUE2.webp 100w, https:\/\/www.mikendalife.com\/wp-content\/uploads\/2026\/01\/BLUE2-50x50.webp 50w","medium_srcset":"https:\/\/www.mikendalife.com\/wp-content\/uploads\/2026\/01\/BLUE2.webp 100w, https:\/\/www.mikendalife.com\/wp-content\/uploads\/2026\/01\/BLUE2-50x50.webp 50w","media_details":{"width":100,"height":100,"sizes":{"variation_swatches_image_size":{"file":"BLUE2-50x50.webp","width":50,"height":50,"mime-type":"image\/webp","filesize":860,"source_url":"https:\/\/www.mikendalife.com\/wp-content\/uploads\/2026\/01\/BLUE2-50x50.webp"}}},"alt_text":"BLUE2","url":"","target":""},{"id":5659,"title":"GREE1","caption":"","full_image_url":"https:\/\/www.mikendalife.com\/wp-content\/uploads\/2026\/01\/GREE1.webp","thumbnail_image_url":"https:\/\/www.mikendalife.com\/wp-content\/uploads\/2026\/01\/GREE1.webp","large_srcset":"https:\/\/www.mikendalife.com\/wp-content\/uploads\/2026\/01\/GREE1.webp 100w, https:\/\/www.mikendalife.com\/wp-content\/uploads\/2026\/01\/GREE1-50x50.webp 50w","medium_srcset":"https:\/\/www.mikendalife.com\/wp-content\/uploads\/2026\/01\/GREE1.webp 100w, https:\/\/www.mikendalife.com\/wp-content\/uploads\/2026\/01\/GREE1-50x50.webp 50w","media_details":{"width":100,"height":100,"sizes":{"variation_swatches_image_size":{"file":"GREE1-50x50.webp","width":50,"height":50,"mime-type":"image\/webp","filesize":774,"source_url":"https:\/\/www.mikendalife.com\/wp-content\/uploads\/2026\/01\/GREE1-50x50.webp"}}},"alt_text":"GREE1","url":"","target":""},{"id":5663,"title":"RAD2","caption":"","full_image_url":"https:\/\/www.mikendalife.com\/wp-content\/uploads\/2026\/01\/RAD2.webp","thumbnail_image_url":"https:\/\/www.mikendalife.com\/wp-content\/uploads\/2026\/01\/RAD2.webp","large_srcset":"https:\/\/www.mikendalife.com\/wp-content\/uploads\/2026\/01\/RAD2.webp 100w, https:\/\/www.mikendalife.com\/wp-content\/uploads\/2026\/01\/RAD2-50x50.webp 50w","medium_srcset":"https:\/\/www.mikendalife.com\/wp-content\/uploads\/2026\/01\/RAD2.webp 100w, https:\/\/www.mikendalife.com\/wp-content\/uploads\/2026\/01\/RAD2-50x50.webp 50w","media_details":{"width":100,"height":100,"sizes":{"variation_swatches_image_size":{"file":"RAD2-50x50.webp","width":50,"height":50,"mime-type":"image\/webp","filesize":612,"source_url":"https:\/\/www.mikendalife.com\/wp-content\/uploads\/2026\/01\/RAD2-50x50.webp"}}},"alt_text":"RAD2","url":"","target":""}]]}},"_links":{"self":[{"href":"https:\/\/www.mikendalife.com\/de\/wp-json\/wp\/v2\/product\/5440","targetHints":{"allow":["GET"]}}],"collection":[{"href":"https:\/\/www.mikendalife.com\/de\/wp-json\/wp\/v2\/product"}],"about":[{"href":"https:\/\/www.mikendalife.com\/de\/wp-json\/wp\/v2\/types\/product"}],"replies":[{"embeddable":true,"href":"https:\/\/www.mikendalife.com\/de\/wp-json\/wp\/v2\/comments?post=5440"}],"wp:featuredmedia":[{"embeddable":true,"href":"https:\/\/www.mikendalife.com\/de\/wp-json\/wp\/v2\/media\/5455"}],"wp:attachment":[{"href":"https:\/\/www.mikendalife.com\/de\/wp-json\/wp\/v2\/media?parent=5440"}],"wp:term":[{"taxonomy":"product_brand","embeddable":true,"href":"https:\/\/www.mikendalife.com\/de\/wp-json\/wp\/v2\/product_brand?post=5440"},{"taxonomy":"product_cat","embeddable":true,"href":"https:\/\/www.mikendalife.com\/de\/wp-json\/wp\/v2\/product_cat?post=5440"},{"taxonomy":"product_tag","embeddable":true,"href":"https:\/\/www.mikendalife.com\/de\/wp-json\/wp\/v2\/product_tag?post=5440"}],"curies":[{"name":"wp","href":"https:\/\/api.w.org\/{rel}","templated":true}]}}