{"id":4315,"date":"2025-11-27T11:48:43","date_gmt":"2025-11-27T03:48:43","guid":{"rendered":"https:\/\/www.mikendalife.com\/?page_id=4315"},"modified":"2026-02-12T16:22:20","modified_gmt":"2026-02-12T08:22:20","slug":"warranty-policy","status":"publish","type":"page","link":"https:\/\/www.mikendalife.com\/de\/warranty-policy\/","title":{"rendered":"Garantiepolitik"},"content":{"rendered":"<div data-elementor-type=\"wp-page\" data-elementor-id=\"4315\" class=\"elementor elementor-4315\" data-elementor-post-type=\"page\">\n\t\t\t\t\t\t<section class=\"elementor-section elementor-top-section elementor-element elementor-element-8374c77 elementor-section-full_width elementor-section-height-default elementor-section-height-default\" data-id=\"8374c77\" data-element_type=\"section\" data-e-type=\"section\">\n\t\t\t\t\t\t<div class=\"elementor-container elementor-column-gap-default\">\n\t\t\t\t\t<div class=\"elementor-column elementor-col-100 elementor-top-column elementor-element elementor-element-712ab76\" data-id=\"712ab76\" data-element_type=\"column\" data-e-type=\"column\">\n\t\t\t<div class=\"elementor-widget-wrap elementor-element-populated\">\n\t\t\t\t\t\t<section class=\"elementor-section elementor-inner-section elementor-element elementor-element-8b538ef elementor-section-boxed elementor-section-height-default elementor-section-height-default\" data-id=\"8b538ef\" data-element_type=\"section\" data-e-type=\"section\" data-settings=\"{&quot;animation&quot;:&quot;none&quot;}\">\n\t\t\t\t\t\t<div class=\"elementor-container elementor-column-gap-default\">\n\t\t\t\t\t<div class=\"elementor-column elementor-col-100 elementor-inner-column elementor-element elementor-element-af332ca\" data-id=\"af332ca\" data-element_type=\"column\" data-e-type=\"column\" data-settings=\"{&quot;background_background&quot;:&quot;classic&quot;}\">\n\t\t\t<div class=\"elementor-widget-wrap elementor-element-populated\">\n\t\t\t\t\t\t<div class=\"elementor-element elementor-element-f5079ad elementor-widget elementor-widget-woocommerce-breadcrumb\" data-id=\"f5079ad\" data-element_type=\"widget\" data-e-type=\"widget\" data-widget_type=\"woocommerce-breadcrumb.default\">\n\t\t\t\t\t<nav class=\"woocommerce-breadcrumb\" aria-label=\"Breadcrumb\" data-no-translation=\"\" data-trp-gettext=\"\">\u9996\u9875<\/nav>\t\t\t\t<\/div>\n\t\t\t\t<div class=\"elementor-element elementor-element-532b2ae elementor-widget elementor-widget-heading\" data-id=\"532b2ae\" data-element_type=\"widget\" data-e-type=\"widget\" data-widget_type=\"heading.default\">\n\t\t\t\t\t<h1 class=\"elementor-heading-title elementor-size-default\">Garantiepolitik<\/h1>\t\t\t\t<\/div>\n\t\t\t\t<div class=\"elementor-element elementor-element-a7b778b elementor-widget-divider--view-line elementor-widget elementor-widget-divider\" data-id=\"a7b778b\" data-element_type=\"widget\" data-e-type=\"widget\" data-widget_type=\"divider.default\">\n\t\t\t\t\t\t\t<div class=\"elementor-divider\">\n\t\t\t<span class=\"elementor-divider-separator\">\n\t\t\t\t\t\t<\/span>\n\t\t<\/div>\n\t\t\t\t\t\t<\/div>\n\t\t\t\t<div class=\"elementor-element elementor-element-85fc92e elementor-widget elementor-widget-text-editor\" data-id=\"85fc92e\" data-element_type=\"widget\" data-e-type=\"widget\" data-widget_type=\"text-editor.default\">\n\t\t\t\t\t\t\t\t\t<h2 class=\"header-iWP5WJ auto-hide-last-sibling-br\"><span style=\"color: #000000;\"><strong><span style=\"font-size: 18pt;\">MIKENDA Edelstahl Vakuum lebenslange Garantie<\/span><\/strong><\/span><\/h2><div class=\"auto-hide-last-sibling-br paragraph-pP9ZLC paragraph-element br-paragraph-space\">Herzlichen Gl\u00fcckwunsch zu Ihrer Auswahl von MIKENDA Produkten. Wir sind stolz darauf, eine exklusive lebenslange Garantie auf unsere Edelstahlvakuumprodukte (das \u201eProdukt\u201c) f\u00fcr Kunden anzubieten, die ihren Kauf direkt auf unserer offiziellen Website t\u00e4tigen. Diese Garantie zeigt unser unersch\u00fctterliches Engagement f\u00fcr Exzellenz in Materialqualit\u00e4t und Verarbeitung. Bitte lesen Sie die folgenden Allgemeinen Gesch\u00e4ftsbedingungen sorgf\u00e4ltig durch:<\/div><h3 class=\"header-iWP5WJ auto-hide-last-sibling-br\"><span style=\"color: #000000;\"><strong>Produktabdeckung<\/strong><\/span><\/h3><div class=\"auto-hide-last-sibling-br paragraph-pP9ZLC paragraph-element br-paragraph-space\">Bei MIKENDA sind wir bestrebt, Produkte zu liefern, die zum Zeitpunkt des Kaufs sorgf\u00e4ltig gefertigt und frei von Material- oder Verarbeitungsfehlern sind. Diese lebenslange Garantie wurde speziell entwickelt, um vor jeglicher Verschlechterung der thermischen Leistung zu sch\u00fctzen und Ihre vollst\u00e4ndige Zufriedenheit bei der Verwendung unserer Produkte zu gew\u00e4hrleisten.<\/div><h3 class=\"header-iWP5WJ auto-hide-last-sibling-br\"><strong><span style=\"color: #000000;\">Ausschl\u00fcsse<\/span><\/strong><\/h3><div class=\"auto-hide-last-sibling-br paragraph-pP9ZLC paragraph-element br-paragraph-space\">Obwohl wir uns entschlossen f\u00fcr die Qualit\u00e4t unserer Produkte halten, ist es wichtig zu beachten, dass bestimmte Bedingungen nicht von dieser Garantie abgedeckt sind. Diese Ausschl\u00fcsse umfassen:<\/div><ul class=\"auto-hide-last-sibling-br\"><li>Sch\u00e4den durch unerwartete Naturkatastrophen oder Unf\u00e4lle<\/li><li>Komponenten des Produktes, die nicht aus Edelstahl hergestellt sind<\/li><li>Produkte, die nicht auf dieser Website gekauft wurden<\/li><li>Normaler Verschlei\u00df, einschlie\u00dflich kleiner Kratzer, St\u00fccken oder Flecken, die bei regelm\u00e4\u00dfiger Verwendung auftreten k\u00f6nnen<\/li><li>M\u00e4ngel oder Sch\u00e4den, die durch Vernachl\u00e4ssigung, Missbrauch, Missbrauch, Nichteinhaltung der Pflegeanweisungen, Unf\u00e4lle oder unbefugte \u00c4nderungen nach dem Kauf verursacht werden<\/li><\/ul><h3><span style=\"color: #000000;\"><strong>Dauer der Garantie<\/strong><\/span><\/h3><div class=\"auto-hide-last-sibling-br paragraph-pP9ZLC paragraph-element br-paragraph-space\">Zur beruhigung bleibt die garantie auf unser getr\u00e4nksger\u00e4t (au\u00dfer deckel, dichtungen und stroh) f\u00fcr die lebensdauer des produktes g\u00fcltig, ab dem datum ihres urspr\u00fcnglichen kaufs.<\/div><h3><span style=\"color: #000000;\"><strong>Verfahren f\u00fcr Garantieanspr\u00fcche<\/strong><\/span><\/h3><div class=\"auto-hide-last-sibling-br paragraph-pP9ZLC paragraph-element br-paragraph-space\">Sollten Sie Probleme mit dieser Garantie haben, bitten wir Sie bitte, sich an unser spezielles Support-Team unter\u00a0<a class=\"link-bJL8ai\" href=\"mailto:mickelzhang@zjmikenda.com\" target=\"_blank\" rel=\"noopener\">support@mickelzhang E-Mail: zjmikenda@zjmikenda.com<\/a>Um den Anspruchsverfahren zu beschleunigen, geben Sie uns bitte folgende Informationen:<\/div><ul class=\"auto-hide-last-sibling-br\"><li>Detaillierte Bestellinformationen: Inklusive Ihrer Bestellnummer und relevanter Informationen zu Ihrem Kauf direkt von unserer offiziellen Website<\/li><li>Beschreibung des Produktschadens: Wir bitten Sie, uns eine klare Erkl\u00e4rung des spezifischen Schadens oder Problems zu geben, begleitet von Fotos, die das aufgetretene Problem veranschaulichen<\/li><\/ul><div class=\"auto-hide-last-sibling-br paragraph-pP9ZLC paragraph-element br-paragraph-space\">Unser flei\u00dfiges Support-Team wird Ihren Anspruch gr\u00fcndlich bewerten und Sie durch die notwendigen Schritte f\u00fchren, um eine schnelle L\u00f6sung zu erleichtern.<\/div><h3 class=\"header-iWP5WJ auto-hide-last-sibling-br\"><span style=\"color: #000000;\"><strong>Zus\u00e4tzliche Informationen<\/strong><\/span><\/h3><ul class=\"auto-hide-last-sibling-br\"><li>Diese lebenslange Garantie gilt ausschlie\u00dflich f\u00fcr MIKENDA Produkte und ersetzt alle anderen ausdr\u00fccklichen oder stillschweigenden Garantien.<\/li><li>MIKENDA beh\u00e4lt sich das Recht vor, den Kaufnachweis oder die R\u00fccksendung des defekten Produkts erforderlichenfalls zu verlangen<\/li><li>Bitte beachten Sie, dass MIKENDA nicht f\u00fcr Sch\u00e4den, Verluste, Kosten oder Ausgaben haftet, einschlie\u00dflich zuf\u00e4lliger oder Folgesch\u00e4den. Es ist wichtig zu beachten, dass bestimmte Gerichtsbarkeiten den Ausschluss oder die Einschr\u00e4nkung von zuf\u00e4lligen oder Folgesch\u00e4den nicht zulassen, daher diese Einschr\u00e4nkung m\u00f6glicherweise nicht f\u00fcr Sie gilt.<\/li><\/ul>\t\t\t\t\t\t\t\t<\/div>\n\t\t\t\t\t<\/div>\n\t\t<\/div>\n\t\t\t\t\t<\/div>\n\t\t<\/section>\n\t\t\t\t\t<\/div>\n\t\t<\/div>\n\t\t\t\t\t<\/div>\n\t\t<\/section>\n\t\t\t\t<\/div>","protected":false},"excerpt":{"rendered":"<p>Warranty Policy MIKENDA STAINLESS STEEL VACUUM LIFETIME WARRANTY Congratulations on your choice of MIKENDA products. We take immense pride in offering an exclusive lifetime warranty on our stainless steel vacuum products (the \u201cProduct\u201d) for customers who make their purchase directly from our official website. This warranty demonstrates our unwavering commitment to excellence in material quality [&hellip;]<\/p>\n","protected":false},"author":1,"featured_media":0,"parent":0,"menu_order":0,"comment_status":"closed","ping_status":"closed","template":"elementor_header_footer","meta":{"footnotes":""},"class_list":["post-4315","page","type-page","status-publish","hentry"],"_links":{"self":[{"href":"https:\/\/www.mikendalife.com\/de\/wp-json\/wp\/v2\/pages\/4315","targetHints":{"allow":["GET"]}}],"collection":[{"href":"https:\/\/www.mikendalife.com\/de\/wp-json\/wp\/v2\/pages"}],"about":[{"href":"https:\/\/www.mikendalife.com\/de\/wp-json\/wp\/v2\/types\/page"}],"author":[{"embeddable":true,"href":"https:\/\/www.mikendalife.com\/de\/wp-json\/wp\/v2\/users\/1"}],"replies":[{"embeddable":true,"href":"https:\/\/www.mikendalife.com\/de\/wp-json\/wp\/v2\/comments?post=4315"}],"version-history":[{"count":19,"href":"https:\/\/www.mikendalife.com\/de\/wp-json\/wp\/v2\/pages\/4315\/revisions"}],"predecessor-version":[{"id":6483,"href":"https:\/\/www.mikendalife.com\/de\/wp-json\/wp\/v2\/pages\/4315\/revisions\/6483"}],"wp:attachment":[{"href":"https:\/\/www.mikendalife.com\/de\/wp-json\/wp\/v2\/media?parent=4315"}],"curies":[{"name":"wp","href":"https:\/\/api.w.org\/{rel}","templated":true}]}}