{"id":4292,"date":"2025-11-27T10:44:59","date_gmt":"2025-11-27T02:44:59","guid":{"rendered":"https:\/\/www.mikendalife.com\/?page_id=4292"},"modified":"2026-02-09T17:36:48","modified_gmt":"2026-02-09T09:36:48","slug":"shipping-policy","status":"publish","type":"page","link":"https:\/\/www.mikendalife.com\/de\/shipping-policy\/","title":{"rendered":"Versandpolitik"},"content":{"rendered":"<div data-elementor-type=\"wp-page\" data-elementor-id=\"4292\" class=\"elementor elementor-4292\" data-elementor-post-type=\"page\">\n\t\t\t\t\t\t<section class=\"elementor-section elementor-top-section elementor-element elementor-element-718e64f elementor-section-full_width elementor-section-height-default elementor-section-height-default\" data-id=\"718e64f\" data-element_type=\"section\" data-e-type=\"section\">\n\t\t\t\t\t\t<div class=\"elementor-container elementor-column-gap-default\">\n\t\t\t\t\t<div class=\"elementor-column elementor-col-100 elementor-top-column elementor-element elementor-element-421524f\" data-id=\"421524f\" data-element_type=\"column\" data-e-type=\"column\">\n\t\t\t<div class=\"elementor-widget-wrap elementor-element-populated\">\n\t\t\t\t\t\t<section class=\"elementor-section elementor-inner-section elementor-element elementor-element-d76ea9c elementor-section-boxed elementor-section-height-default elementor-section-height-default\" data-id=\"d76ea9c\" data-element_type=\"section\" data-e-type=\"section\" data-settings=\"{&quot;animation&quot;:&quot;none&quot;}\">\n\t\t\t\t\t\t<div class=\"elementor-container elementor-column-gap-default\">\n\t\t\t\t\t<div class=\"elementor-column elementor-col-100 elementor-inner-column elementor-element elementor-element-ff8cb0d\" data-id=\"ff8cb0d\" data-element_type=\"column\" data-e-type=\"column\" data-settings=\"{&quot;background_background&quot;:&quot;classic&quot;}\">\n\t\t\t<div class=\"elementor-widget-wrap elementor-element-populated\">\n\t\t\t\t\t\t<div class=\"elementor-element elementor-element-a4870f9 elementor-widget elementor-widget-woocommerce-breadcrumb\" data-id=\"a4870f9\" data-element_type=\"widget\" data-e-type=\"widget\" data-widget_type=\"woocommerce-breadcrumb.default\">\n\t\t\t\t\t<nav class=\"woocommerce-breadcrumb\" aria-label=\"Breadcrumb\" data-no-translation=\"\" data-trp-gettext=\"\">\u9996\u9875<\/nav>\t\t\t\t<\/div>\n\t\t\t\t<div class=\"elementor-element elementor-element-6bba088 elementor-widget elementor-widget-heading\" data-id=\"6bba088\" data-element_type=\"widget\" data-e-type=\"widget\" data-widget_type=\"heading.default\">\n\t\t\t\t\t<h1 class=\"elementor-heading-title elementor-size-default\">Versandpolitik<\/h1>\t\t\t\t<\/div>\n\t\t\t\t<div class=\"elementor-element elementor-element-35ea554 elementor-widget-divider--view-line elementor-widget elementor-widget-divider\" data-id=\"35ea554\" data-element_type=\"widget\" data-e-type=\"widget\" data-widget_type=\"divider.default\">\n\t\t\t\t\t\t\t<div class=\"elementor-divider\">\n\t\t\t<span class=\"elementor-divider-separator\">\n\t\t\t\t\t\t<\/span>\n\t\t<\/div>\n\t\t\t\t\t\t<\/div>\n\t\t\t\t<div class=\"elementor-element elementor-element-118ae29 elementor-widget elementor-widget-text-editor\" data-id=\"118ae29\" data-element_type=\"widget\" data-e-type=\"widget\" data-widget_type=\"text-editor.default\">\n\t\t\t\t\t\t\t\t\t<h3><span style=\"color: #000000;\"><strong>Versandzeit<\/strong><\/span><\/h3><p>Wir bieten verschiedene Versanddienstleistungen an. Im Folgenden finden Sie die gesch\u00e4tzten Lieferzeiten f\u00fcr unsere Produkte.<\/p><table border=\"1\" align=\"center\"><tbody><tr><td>Versandmethode<\/td><td>Region<\/td><td>Lieferzeit<\/td><td>Bestellbearbeitungszeit<\/td><td>Bestellen 0 \u2013 44,99$ Versandkosten<\/td><td>Bestellen 45$ Versandkosten<\/td><\/tr><tr><td>Yanwen Express<\/td><td>Vereinigte Staaten<\/td><td>10 \u2013 15 Werktage<\/td><td>2 Werktage<\/td><td>7$<\/td><td>Kostenloser Versand<\/td><\/tr><tr><td>Yanwen Express<\/td><td>Amerikanisches Samoa, Hawaii, Palau, Puerto Rico, US-Jungferninseln, US-Milit\u00e4r (Amerika), US-Milit\u00e4r (Europa), US-Milit\u00e4r (Pazifik)<\/td><td>10 \u2013 15 Werktage<\/td><td>2 Werktage<\/td><td>11$<\/td><td>6$<\/td><\/tr><tr><td>Yanwen Express<\/td><td>Mexiko, Australien, Marshallinseln, Algerien, Ascension Island, \u00c4gypten, \u00c4thiopien, Angola, Benin, Botswana, Burkina Faso, Burundi, \u00c4quatorialguinea, Togo, Eritrea, Franz\u00f6sische S\u00fcdgebiete, Kap Verde, Gambia, Kongo, Demokratische Republik Kongo, Dschibuti, Guinea, Guinea-Bissau, Ghana, Gabon, Simbabwe, Kamerun, Komoren K\u00fcste d&#8217; Elfenbein, Kenia, Lesotho, Liberia, Libyen, R\u00e9union, Ruanda, Madagaskar, Malawi, Mali, Mayotte, Mauritius, Marokko, Mauretanien, Mosambik, Namibia, S\u00fcdafrika, Niger, Nigeria, Sierra Leone, Senegal, Seychellen, S\u00e3o Tom\u00e9 und Pr\u00edncipe, Saint Helena, Swasiland, Sudan, Somalia. Tansania, Tristan da Cunha, Tunesien, Uganda, Westsahara, Sambia, Tschad, Zentralafrikanische Republik, Irland, Niederlande, Norwegen, Zypern, Ungarn, Oman, Bahrain, Katar, Saudi-Arabien, Sri Lanka, T\u00fcrkei, Israel, Indien.<\/td><td>10 \u2013 15 Werktage<\/td><td>2 Werktage<\/td><td>11$<\/td><td>6$<\/td><\/tr><tr><td>Yanwen Express<\/td><td>Guam, USA, Island, Gabun, Gibraltar<\/td><td>10 \u2013 15 Werktage<\/td><td>2 Werktage<\/td><td>32$<\/td><td>26$<\/td><\/tr><\/tbody><\/table><h3><span style=\"color: #000000;\"><strong>Tipps<\/strong>:<\/span><\/h3><p>Ein ma\u00dfgeschneidertes Produkt dauert l\u00e4nger als ein Standardprodukt. Es wird in der Regel innerhalb von 7 Werktagen abgeschlossen. Wir bieten auch einen Premium-Anpassungsservice an, der es erm\u00f6glicht, die Anpassung innerhalb von 3 Werktagen abzuschlie\u00dfen. Die endg\u00fcltige gesch\u00e4tzte Lieferzeit entspricht der Produktverarbeitungszeit plus der Versandzeit.<\/p><h3><span style=\"color: #000000;\"><strong>Zahlungsmethoden:<\/strong><\/span><\/h3><p>Paypal, Lianlian, Paiying, Zelle, Alipay<\/p><h3><span style=\"color: #000000;\"><strong>Versandkosten<\/strong><\/span><\/h3><p>Wenn Ihre Bestellung insgesamt mehr als $ 44,99 betr\u00e4gt, bieten wir Ihnen kostenlosen Versand an (mit Ausnahme von Zielen in Alaska und Hawaii). Sie k\u00f6nnen Ihre Produktlieferzeit auch mit beschleunigtem Versand oder Premium-Anpassungsdienstleistungen vorantreiben. Sie m\u00fcssen jedoch die entstandenen zus\u00e4tzlichen Kosten decken. Die Versandkosten werden berechnet und bei der Kasse angezeigt, wenn Sie sich f\u00fcr zus\u00e4tzliche Versanddienstleistungen entscheiden.<\/p><h3><span style=\"color: #000000;\"><strong>Bestellverfolgung<\/strong><\/span><\/h3><p>Nachdem Sie Ihre Bestellung aufgegeben haben, wird Ihnen eine Bestellbest\u00e4tigung an Ihre E-Mail-Adresse gesendet. Sie erhalten auch eine Tracking-Nummer, wenn die Bestellung versendet wird. Klicken Sie\u00a0<u>Bestellverfolgung<\/u>\u00a0Link am unteren Rand unserer Website und geben Sie Ihre Tracking-Nummer ein, um den Status Ihrer Sendung zu \u00fcberpr\u00fcfen.<\/p><h3>\ud83d\udce3<span style=\"color: #000000;\"><strong> Wichtiger Hinweis f\u00fcr Vorbestellungen:<\/strong><\/span><\/h3><p>Bitte beachten Sie, dass der Versandzeitraum f\u00fcr Vorverkaufsprodukte nicht in den Standard-Versandsch\u00e4tzungen enthalten ist. Vorverkaufsartikel werden innerhalb von 15-20 Tagen ab dem Datum der Bestellung versendet. Bitte beachten Sie dies bei der Ber\u00fccksichtigung der Lieferfrist.<\/p><h3><span style=\"color: #000000;\"><strong>Hinweis:<\/strong><\/span><\/h3><p>Sie k\u00f6nnen f\u00fcr Einfuhrz\u00f6lle und Steuern auf Ihre Bestellung gem\u00e4\u00df den Regeln Ihrer L\u00e4nder oder Regionen verantwortlich sein.<\/p><p>Es k\u00f6nnen gelegentlich Verz\u00f6gerungen im Logistikprozess aufgrund unvorhergesehener Umst\u00e4nde geben.<\/p>\t\t\t\t\t\t\t\t<\/div>\n\t\t\t\t\t<\/div>\n\t\t<\/div>\n\t\t\t\t\t<\/div>\n\t\t<\/section>\n\t\t\t\t\t<\/div>\n\t\t<\/div>\n\t\t\t\t\t<\/div>\n\t\t<\/section>\n\t\t\t\t<\/div>","protected":false},"excerpt":{"rendered":"<p>Shipping policy Shipping Time We offer different shipping services. Below are the estimated delivery times for our products. Shipping method Region Delivery Time Order Processing Time Order 0 \u2013 44.99$ Shipping Fee Order 45$+ Shipping Fee Yanwen\u00a0 express USA 10 \u2013 15 Business days 2 Business days 7$ Free Shipping Yanwen\u00a0 express American Samoa, State [&hellip;]<\/p>\n","protected":false},"author":1,"featured_media":0,"parent":0,"menu_order":0,"comment_status":"closed","ping_status":"closed","template":"elementor_header_footer","meta":{"footnotes":""},"class_list":["post-4292","page","type-page","status-publish","hentry"],"_links":{"self":[{"href":"https:\/\/www.mikendalife.com\/de\/wp-json\/wp\/v2\/pages\/4292","targetHints":{"allow":["GET"]}}],"collection":[{"href":"https:\/\/www.mikendalife.com\/de\/wp-json\/wp\/v2\/pages"}],"about":[{"href":"https:\/\/www.mikendalife.com\/de\/wp-json\/wp\/v2\/types\/page"}],"author":[{"embeddable":true,"href":"https:\/\/www.mikendalife.com\/de\/wp-json\/wp\/v2\/users\/1"}],"replies":[{"embeddable":true,"href":"https:\/\/www.mikendalife.com\/de\/wp-json\/wp\/v2\/comments?post=4292"}],"version-history":[{"count":38,"href":"https:\/\/www.mikendalife.com\/de\/wp-json\/wp\/v2\/pages\/4292\/revisions"}],"predecessor-version":[{"id":6413,"href":"https:\/\/www.mikendalife.com\/de\/wp-json\/wp\/v2\/pages\/4292\/revisions\/6413"}],"wp:attachment":[{"href":"https:\/\/www.mikendalife.com\/de\/wp-json\/wp\/v2\/media?parent=4292"}],"curies":[{"name":"wp","href":"https:\/\/api.w.org\/{rel}","templated":true}]}}