{"id":3,"date":"2025-08-18T12:12:52","date_gmt":"2025-08-18T04:12:52","guid":{"rendered":"https:\/\/www.mikendalife.com\/?page_id=3"},"modified":"2026-02-12T16:37:38","modified_gmt":"2026-02-12T08:37:38","slug":"privacy-policy","status":"publish","type":"page","link":"https:\/\/www.mikendalife.com\/de\/privacy-policy\/","title":{"rendered":"Datenschutzerkl\u00e4rung"},"content":{"rendered":"<div data-elementor-type=\"wp-page\" data-elementor-id=\"3\" class=\"elementor elementor-3\" data-elementor-post-type=\"page\">\n\t\t\t\t\t\t<section class=\"elementor-section elementor-top-section elementor-element elementor-element-1cee123 elementor-section-full_width elementor-section-height-default elementor-section-height-default\" data-id=\"1cee123\" data-element_type=\"section\" data-e-type=\"section\">\n\t\t\t\t\t\t<div class=\"elementor-container elementor-column-gap-default\">\n\t\t\t\t\t<div class=\"elementor-column elementor-col-100 elementor-top-column elementor-element elementor-element-b5b27ed\" data-id=\"b5b27ed\" data-element_type=\"column\" data-e-type=\"column\">\n\t\t\t<div class=\"elementor-widget-wrap elementor-element-populated\">\n\t\t\t\t\t\t<section class=\"elementor-section elementor-inner-section elementor-element elementor-element-5c1453e elementor-section-boxed elementor-section-height-default elementor-section-height-default\" data-id=\"5c1453e\" data-element_type=\"section\" data-e-type=\"section\" data-settings=\"{&quot;animation&quot;:&quot;none&quot;}\">\n\t\t\t\t\t\t<div class=\"elementor-container elementor-column-gap-default\">\n\t\t\t\t\t<div class=\"elementor-column elementor-col-100 elementor-inner-column elementor-element elementor-element-59a1836\" data-id=\"59a1836\" data-element_type=\"column\" data-e-type=\"column\" data-settings=\"{&quot;background_background&quot;:&quot;classic&quot;}\">\n\t\t\t<div class=\"elementor-widget-wrap elementor-element-populated\">\n\t\t\t\t\t\t<div class=\"elementor-element elementor-element-0f6b892 elementor-widget elementor-widget-woocommerce-breadcrumb\" data-id=\"0f6b892\" data-element_type=\"widget\" data-e-type=\"widget\" data-widget_type=\"woocommerce-breadcrumb.default\">\n\t\t\t\t\t<nav class=\"woocommerce-breadcrumb\" aria-label=\"Breadcrumb\" data-no-translation=\"\" data-trp-gettext=\"\">\u9996\u9875<\/nav>\t\t\t\t<\/div>\n\t\t\t\t<div class=\"elementor-element elementor-element-8a45a97 elementor-widget elementor-widget-heading\" data-id=\"8a45a97\" data-element_type=\"widget\" data-e-type=\"widget\" data-widget_type=\"heading.default\">\n\t\t\t\t\t<h1 class=\"elementor-heading-title elementor-size-default\">Datenschutzerkl\u00e4rung<\/h1>\t\t\t\t<\/div>\n\t\t\t\t<div class=\"elementor-element elementor-element-bd77d37 elementor-widget-divider--view-line elementor-widget elementor-widget-divider\" data-id=\"bd77d37\" data-element_type=\"widget\" data-e-type=\"widget\" data-widget_type=\"divider.default\">\n\t\t\t\t\t\t\t<div class=\"elementor-divider\">\n\t\t\t<span class=\"elementor-divider-separator\">\n\t\t\t\t\t\t<\/span>\n\t\t<\/div>\n\t\t\t\t\t\t<\/div>\n\t\t\t\t<div class=\"elementor-element elementor-element-542e416 elementor-widget elementor-widget-text-editor\" data-id=\"542e416\" data-element_type=\"widget\" data-e-type=\"widget\" data-widget_type=\"text-editor.default\">\n\t\t\t\t\t\t\t\t\t<div class=\"auto-hide-last-sibling-br paragraph-pP9ZLC paragraph-element br-paragraph-space\">Diese Datenschutzrichtlinie beschreibt, wie\u00a0<a class=\"link-bJL8ai\" href=\"https:\/\/www.mikendalife.com\/de\" target=\"_blank\" rel=\"noopener nofollow\"><strong>www.mikenda.com<\/strong><\/a>\u00a0(die \u201eWebsite\u201c oder \u201ewir\u201c) sammelt, verwendet und offenbart Ihre personenbezogenen Daten, wenn Sie die Website besuchen oder einen Kauf auf der Website t\u00e4tigen.<\/div><h3 class=\"header-iWP5WJ auto-hide-last-sibling-br\"><span style=\"color: #000000;\"><strong>Kontakt<\/strong><\/span><\/h3><div class=\"auto-hide-last-sibling-br paragraph-pP9ZLC paragraph-element br-paragraph-space\">Wenn Sie nach der \u00dcberpr\u00fcfung dieser Richtlinie weitere Fragen haben, weitere Informationen \u00fcber unsere Datenschutzpraktiken w\u00fcnschen oder eine Beschwerde einreichen m\u00f6chten, kontaktieren Sie uns bitte per E-Mail unter\u00a0<strong><a class=\"link-bJL8ai\" href=\"mailto:mickelzhang@zjmikenda.com\" target=\"_blank\" rel=\"noopener nofollow\">support@mickelzhang E-Mail: zjmikenda@zjmikenda.com<\/a><\/strong>\u00a0oder per Post unter Verwendung der unten angegebenen Angaben:No.18, Rongze Stra\u00dfe, Dahou Bereich, Tangxian Stadt, Yongkang Stadt, 321300, Zhejiang<\/div><h3 class=\"header-iWP5WJ auto-hide-last-sibling-br\"><span style=\"color: #000000;\"><strong>Erhebung personenbezogener Daten<\/strong><\/span><\/h3><div class=\"auto-hide-last-sibling-br paragraph-pP9ZLC paragraph-element br-paragraph-space\">Wenn Sie die Website besuchen, sammeln wir bestimmte Informationen \u00fcber Ihr Ger\u00e4t, Ihre Interaktion mit der Website und Informationen, die zur Verarbeitung Ihrer Eink\u00e4ufe erforderlich sind. Wir k\u00f6nnen auch zus\u00e4tzliche Informationen sammeln, wenn Sie uns f\u00fcr den Kundenservice kontaktieren. In dieser Datenschutzrichtlinie beziehen wir uns auf alle Informationen \u00fcber eine identifizierbare Person (einschlie\u00dflich der unten aufgef\u00fchrten Informationen) als \u201epersonenbezogene Daten\u201c. Weitere Informationen dar\u00fcber, welche personenbezogenen Daten wir sammeln und warum, finden Sie in der folgenden Liste:<\/div><h3 class=\"header-iWP5WJ auto-hide-last-sibling-br\"><span style=\"color: #000000;\"><strong>Ger\u00e4teinformationen<\/strong><\/span><\/h3><ul class=\"auto-hide-last-sibling-br\"><li><strong>Zweck der Sammlung<\/strong>um die Website genau f\u00fcr Sie zu laden und Analysen der Nutzung der Website durchzuf\u00fchren, um unsere Website zu optimieren<\/li><li><strong>Quelle der Sammlung<\/strong>Automatisch erfasst, wenn Sie auf unsere Website mit Cookies, Protokolldateien, Web Beacons, Tags oder Pixeln zugreifen<\/li><li><strong>Erhobene personenbezogene Daten<\/strong>Version des Webbrowsers, IP-Adresse, Zeitzone, Cookie-Informationen, welche Websites oder Produkte Sie ansehen, Suchbegriffe und wie Sie mit der Website interagieren<\/li><\/ul><h3 class=\"header-iWP5WJ auto-hide-last-sibling-br\"><span style=\"color: #000000;\"><strong>Bestellinformationen<\/strong><\/span><\/h3><ul class=\"auto-hide-last-sibling-br\"><li><strong>Zweck der Sammlung<\/strong>um Ihnen Produkte oder Dienstleistungen zur Erf\u00fcllung unseres Vertrags zur Verf\u00fcgung zu stellen, um Ihre Zahlungsinformationen zu verarbeiten, den Versand zu arrangieren und Ihnen Rechnungen und\/oder Bestellbest\u00e4tigungen zur Verf\u00fcgung zu stellen, mit Ihnen zu kommunizieren, Werbung in Bezug auf unsere Produkte oder Dienstleistungen<\/li><li><strong>Quelle der Sammlung<\/strong>: von Ihnen gesammelt<\/li><li><strong>Erhobene personenbezogene Daten<\/strong>Name, Rechnungsadresse, Versandadresse, Zahlungsinformationen (einschlie\u00dflich Kreditkartennummern, Sicherheitscode und Verfallsdatum), E-Mail-Adresse und Telefonnummer<\/li><\/ul><h3 class=\"header-iWP5WJ auto-hide-last-sibling-br\"><span style=\"color: #000000;\"><strong>Informationen zum Kundenservice<\/strong><\/span><\/h3><ul class=\"auto-hide-last-sibling-br\"><li><strong>Zweck der Sammlung<\/strong>zur Verbesserung der Benutzererfahrung der Website, zur Verbesserung der Kommunikation zwischen Meoky und den Nutzern der Website, zur Bereitstellung von Kundensupport<\/li><li><strong>Quelle der Sammlung<\/strong>: von Ihnen gesammelt<\/li><li><strong>Erhobene personenbezogene Daten<\/strong>Name, E-Mail-Adresse und\/oder Telefonnummer<\/li><\/ul><h3 class=\"header-iWP5WJ auto-hide-last-sibling-br\"><span style=\"color: #000000;\"><strong>Minderj\u00e4hrige<\/strong><\/span><\/h3><div class=\"auto-hide-last-sibling-br paragraph-pP9ZLC paragraph-element br-paragraph-space\">Die Website ist nicht f\u00fcr Personen unter 13 Jahren bestimmt. Wir sammeln keine pers\u00f6nlichen Daten von Kindern absichtlich. Wenn Sie Elternteil oder Vormund sind und glauben, dass Ihr Kind uns personenbezogene Daten zur Verf\u00fcgung gestellt hat, kontaktieren Sie uns bitte unter der oben genannten Adresse, um die L\u00f6schung zu verlangen.<\/div><h3><span style=\"color: #000000;\"><strong>Weitergabe personenbezogener Informationen<\/strong><\/span><\/h3><div class=\"auto-hide-last-sibling-br paragraph-pP9ZLC paragraph-element br-paragraph-space\">Wir teilen Ihre personenbezogenen Daten mit Dienstleistern, um uns bei der Bereitstellung unserer Dienstleistungen und der Erf\u00fcllung unserer Vertr\u00e4ge mit Ihnen zu helfen, wie oben beschrieben. Zum Beispiel:<\/div><ul class=\"auto-hide-last-sibling-br\"><li>Wir k\u00f6nnen Ihre personenbezogenen Daten weitergeben, um anwendbaren Gesetzen und Vorschriften nachzukommen, auf eine Vorladung, einen Durchsuchungsbefehl oder eine andere rechtm\u00e4\u00dfige Anfrage nach Informationen zu reagieren, die wir erhalten, oder um unsere Rechte anderweitig zu sch\u00fctzen.<\/li><li>Wir verwenden Google Analytics, um zu verstehen, wie unsere Kunden die Website nutzen. Sie k\u00f6nnen hier mehr dar\u00fcber lesen, wie Google Ihre personenbezogenen Daten verwendet:\u00a0 <strong><a class=\"link-bJL8ai\" href=\"https:\/\/www.google.com\/intl\/en\/policies\/privacy\/\" target=\"_blank\" rel=\"noopener nofollow\">https:\/\/www.google.com  \/de\/de\/Datenschutzrichtlinien\/<\/a>.<\/strong> Sie k\u00f6nnen sich auch hier von Google Analytics abmelden: <strong><a class=\"link-bJL8ai\" href=\"https:\/\/tools.google.com\/dlpage\/gaoptout\" target=\"_blank\" rel=\"noopener nofollow\">https:\/\/tools.google.com  \/dlpage\/Anmelden<\/a>.<\/strong><\/li><li>Wir teilen Informationen \u00fcber Ihre Nutzung der Website, Ihre Eink\u00e4ufe und Ihre Interaktion mit unseren Anzeigen auf anderen Websites mit unseren Werbepartnern. Wir sammeln und teilen einige dieser Informationen direkt mit unseren Werbepartnern und in einigen F\u00e4llen durch den Einsatz von Cookies oder anderen \u00e4hnlichen Technologien (mit denen Sie je nach Ihrem Standort zustimmen k\u00f6nnen).<\/li><li>Weitere Informationen dar\u00fcber, wie gezielte Werbung funktioniert, finden Sie auf der Bildungsseite der Network Advertising Initiative (\u201eNAI\u201c) unter\u00a0<strong><a class=\"link-bJL8ai\" href=\"https:\/\/www.networkadvertising.org\/understanding-online-advertising\/how-does-it-work\" target=\"_blank\" rel=\"noopener nofollow\">https:\/\/www.networkadvertising.org \/verstehen-online-werbung\/wie-funktioniert-es<\/a>.<\/strong><\/li><\/ul><h3 class=\"header-iWP5WJ auto-hide-last-sibling-br\"><span style=\"color: #000000;\"><strong>Verwendung personenbezogener Daten<\/strong><\/span><\/h3><div class=\"auto-hide-last-sibling-br paragraph-pP9ZLC paragraph-element br-paragraph-space\">Wir verwenden Ihre personenbezogenen Daten, um Ihnen unsere Dienstleistungen zur Verf\u00fcgung zu stellen, einschlie\u00dflich: Angebot von Produkten zum Verkauf, Bearbeitung von Zahlungen, Versand und Erf\u00fcllung Ihrer Bestellung und Sie \u00fcber neue Produkte, Dienstleistungen und Angebote auf dem Laufenden zu halten.<\/div><h3 class=\"header-iWP5WJ auto-hide-last-sibling-br\"><span style=\"color: #000000;\"><strong>Rechtsgrundlage<\/strong><\/span><\/h3><div class=\"auto-hide-last-sibling-br paragraph-pP9ZLC paragraph-element br-paragraph-space\">Gem\u00e4\u00df der Datenschutz-Grundverordnung (\u201eDSGVO\u201c) verarbeiten wir Ihre personenbezogenen Daten, wenn Sie im Europ\u00e4ischen Wirtschaftsraum (\u201eEWR\u201c) ans\u00e4ssig sind, auf folgenden Rechtsgrundlagen:<\/div><ol class=\"auto-hide-last-sibling-br\"><li>Ihre Einwilligung;<\/li><li>die Erf\u00fcllung des Vertrags zwischen Ihnen und der Website;<\/li><li>Einhaltung unserer gesetzlichen Verpflichtungen;<\/li><li>Um Ihre lebenswichtigen Interessen zu sch\u00fctzen;<\/li><li>Um eine Aufgabe zu erf\u00fcllen, die im \u00f6ffentlichen Interesse ausgef\u00fchrt wird;<\/li><li>F\u00fcr unsere berechtigten Interessen, die Ihre Grundrechte und Grundfreiheiten nicht \u00fcberwiegen.<\/li><\/ol><h3 class=\"header-iWP5WJ auto-hide-last-sibling-br\"><span style=\"color: #000000;\"><strong>Aufbewahrung<\/strong><\/span><\/h3><div class=\"auto-hide-last-sibling-br paragraph-pP9ZLC paragraph-element br-paragraph-space\">Wenn Sie eine Bestellung \u00fcber die Website aufgeben, speichern wir Ihre personenbezogenen Daten f\u00fcr unsere Aufzeichnungen, es sei denn und bis Sie uns bitten, diese Informationen zu l\u00f6schen. Weitere Informationen zu Ihrem L\u00f6schungsrecht finden Sie im Abschnitt \u201eIhre Rechte\u201c unten.<\/div><h3 class=\"header-iWP5WJ auto-hide-last-sibling-br\"><span style=\"color: #000000;\"><strong>Ihre Rechte<\/strong><\/span><\/h3><p class=\"header-iWP5WJ auto-hide-last-sibling-br\"><strong>F\u00fcr Einwohner des EWR<\/strong><\/p><div class=\"auto-hide-last-sibling-br paragraph-pP9ZLC paragraph-element br-paragraph-space\">Wenn Sie im EWR ans\u00e4ssig sind, haben Sie das Recht auf Zugriff auf die personenbezogenen Daten, die wir \u00fcber Sie besitzen, sie auf einen neuen Dienst zu \u00fcbertragen und zu verlangen, dass Ihre personenbezogenen Daten korrigiert, aktualisiert oder gel\u00f6scht werden. Wenn Sie diese Rechte aus\u00fcben m\u00f6chten, kontaktieren Sie uns bitte \u00fcber die oben genannten Kontaktdaten. Ihre personenbezogenen Daten werden zun\u00e4chst in Irland verarbeitet und dann au\u00dferhalb Europas zur Speicherung und Weiterverarbeitung, einschlie\u00dflich Kanada und der Vereinigten Staaten, \u00fcbertragen.<\/div><p class=\"header-iWP5WJ auto-hide-last-sibling-br\"><strong>F\u00fcr Einwohner Kaliforniens (CCPA)<\/strong><\/p><div class=\"auto-hide-last-sibling-br paragraph-pP9ZLC paragraph-element br-paragraph-space\">Wenn Sie in Kalifornien ans\u00e4ssig sind, haben Sie das Recht auf Zugriff auf die personenbezogenen Daten, die wir \u00fcber Sie besitzen (auch als \u201eRecht zu wissen\u201c bekannt), sie auf einen neuen Dienst zu \u00fcbertragen und zu verlangen, dass Ihre personenbezogenen Daten korrigiert, aktualisiert oder gel\u00f6scht werden. Wenn Sie diese Rechte aus\u00fcben m\u00f6chten, kontaktieren Sie uns bitte \u00fcber die oben genannten Kontaktdaten. Wenn Sie einen autorisierten Vertreter f\u00fcr die Einreichung dieser Anfragen in Ihrem Namen bestimmen m\u00f6chten, kontaktieren Sie uns bitte unter der oben genannten Adresse.<\/div><h3 class=\"header-iWP5WJ auto-hide-last-sibling-br\"><span style=\"color: #000000;\"><strong>Cookies<\/strong><\/span><\/h3><div class=\"auto-hide-last-sibling-br paragraph-pP9ZLC paragraph-element br-paragraph-space\">Ein Cookie ist eine kleine Menge an Informationen, die auf Ihren Computer oder Ihr Ger\u00e4t heruntergeladen werden, wenn Sie unsere Website besuchen. Wir verwenden eine Reihe verschiedener Cookies, einschlie\u00dflich Funktions-, Leistungs-, Werbe- und Social Media- oder Content-Cookies. Cookies verbessern Ihr Surferlebnis, indem sie es der Website erm\u00f6glichen, sich an Ihre Aktionen und Pr\u00e4ferenzen zu erinnern (z. B. Login und Regionauswahl). Dies bedeutet, dass Sie diese Informationen nicht jedes Mal neu eingeben m\u00fcssen, wenn Sie auf die Website zur\u00fcckkehren oder von einer Seite auf eine andere surfen. Cookies liefern auch Informationen dar\u00fcber, wie Menschen die Website nutzen, z.B. ob es ihr erster Besuch ist oder ob sie ein h\u00e4ufiger Besucher sind.<\/div><div class=\"auto-hide-last-sibling-br paragraph-pP9ZLC paragraph-element br-paragraph-space\">Wir verwenden die folgenden Cookies, um Ihr Erlebnis auf unserer Website zu optimieren und unsere Dienste bereitzustellen. Die Dauer, die ein Cookie auf Ihrem Computer oder Mobilger\u00e4t bleibt, h\u00e4ngt davon ab, ob es sich um ein \u201epersistentes\u201c oder \u201eSitzungscookie\u201c handelt. Session-Cookies dauern, bis Sie das Surfen beenden, und persistente Cookies dauern, bis sie ablaufen oder gel\u00f6scht werden. Die meisten von uns verwendeten Cookies sind dauerhaft und verfallen zwischen 30 Minuten und zwei Jahren ab dem Datum, an dem sie auf Ihr Ger\u00e4t heruntergeladen werden. Sie k\u00f6nnen Cookies auf verschiedene Weise steuern und verwalten. Bitte beachten Sie, dass das Entfernen oder Blockieren von Cookies Ihre Benutzererfahrung negativ beeinflussen kann und Teile unserer Website m\u00f6glicherweise nicht mehr vollst\u00e4ndig zug\u00e4nglich sind.<\/div><div class=\"auto-hide-last-sibling-br paragraph-pP9ZLC paragraph-element br-paragraph-space\">Die meisten Browser akzeptieren Cookies automatisch, aber Sie k\u00f6nnen w\u00e4hlen, ob Sie Cookies akzeptieren oder nicht \u00fcber Ihre Browser-Steuerelemente, die oft im Men\u00fc \u201eWerkzeuge\u201c oder \u201eEinstellungen\u201c Ihres Browsers gefunden werden. Weitere Informationen dar\u00fcber, wie Sie Ihre Browsereinstellungen \u00e4ndern oder wie Sie Cookies blockieren, verwalten oder filtern k\u00f6nnen, finden Sie in der Hilfedatei Ihres Browsers oder \u00fcber Websites wie:\u00a0<strong><a class=\"link-bJL8ai\" href=\"https:\/\/www.allaboutcookies.org\/\" target=\"_blank\" rel=\"noopener nofollow\">www.allaboutcookies.org<\/a>.<\/strong><\/div><h3 class=\"header-iWP5WJ auto-hide-last-sibling-br\"><span style=\"color: #000000;\"><strong>Nicht verfolgen<\/strong><\/span><\/h3><div class=\"auto-hide-last-sibling-br paragraph-pP9ZLC paragraph-element br-paragraph-space\">Bitte beachten Sie, dass, da es kein einheitliches Branchenverst\u00e4ndnis daf\u00fcr gibt, wie Sie auf \u201eDo Not Track\u201c-Signale reagieren k\u00f6nnen, wir unsere Datenerhebungs- und Nutzungspraktiken nicht \u00e4ndern, wenn wir ein solches Signal aus Ihrem Browser erkennen.<\/div><h3 class=\"header-iWP5WJ auto-hide-last-sibling-br\"><span style=\"color: #000000;\"><strong>\u00c4nderungen<\/strong><\/span><\/h3><div class=\"auto-hide-last-sibling-br paragraph-pP9ZLC paragraph-element br-paragraph-space\">Wir k\u00f6nnen diese Datenschutzrichtlinie von Zeit zu Zeit aktualisieren, um beispielsweise \u00c4nderungen unserer Praktiken oder aus anderen operativen, rechtlichen oder regulatorischen Gr\u00fcnden widerzuspiegeln.<\/div><div class=\"auto-hide-last-sibling-br paragraph-pP9ZLC paragraph-element br-paragraph-space\"><strong>Zuletzt aktualisiert<\/strong>: 11-26-2025<\/div>\t\t\t\t\t\t\t\t<\/div>\n\t\t\t\t\t<\/div>\n\t\t<\/div>\n\t\t\t\t\t<\/div>\n\t\t<\/section>\n\t\t\t\t\t<\/div>\n\t\t<\/div>\n\t\t\t\t\t<\/div>\n\t\t<\/section>\n\t\t\t\t<\/div>","protected":false},"excerpt":{"rendered":"<p>Privacy Policy This Privacy Policy describes how\u00a0www.mikenda.com\u00a0(the \u201cSite\u201d or \u201cwe\u201d) collects, uses, and discloses your Personal Information when you visit or make a purchase from the Site. Contact After reviewing this policy, if you have additional questions, want more information about our privacy practices, or would like to make a complaint, please contact us by [&hellip;]<\/p>\n","protected":false},"author":1,"featured_media":0,"parent":0,"menu_order":0,"comment_status":"closed","ping_status":"closed","template":"elementor_header_footer","meta":{"footnotes":""},"class_list":["post-3","page","type-page","status-publish","hentry"],"_links":{"self":[{"href":"https:\/\/www.mikendalife.com\/de\/wp-json\/wp\/v2\/pages\/3","targetHints":{"allow":["GET"]}}],"collection":[{"href":"https:\/\/www.mikendalife.com\/de\/wp-json\/wp\/v2\/pages"}],"about":[{"href":"https:\/\/www.mikendalife.com\/de\/wp-json\/wp\/v2\/types\/page"}],"author":[{"embeddable":true,"href":"https:\/\/www.mikendalife.com\/de\/wp-json\/wp\/v2\/users\/1"}],"replies":[{"embeddable":true,"href":"https:\/\/www.mikendalife.com\/de\/wp-json\/wp\/v2\/comments?post=3"}],"version-history":[{"count":32,"href":"https:\/\/www.mikendalife.com\/de\/wp-json\/wp\/v2\/pages\/3\/revisions"}],"predecessor-version":[{"id":6496,"href":"https:\/\/www.mikendalife.com\/de\/wp-json\/wp\/v2\/pages\/3\/revisions\/6496"}],"wp:attachment":[{"href":"https:\/\/www.mikendalife.com\/de\/wp-json\/wp\/v2\/media?parent=3"}],"curies":[{"name":"wp","href":"https:\/\/api.w.org\/{rel}","templated":true}]}}